{"id":611720,"date":"2025-03-06T04:28:43","date_gmt":"2025-03-06T03:28:43","guid":{"rendered":"https:\/\/shop.kustom.ch\/?post_type=product&#038;p=611720"},"modified":"2026-04-01T07:15:47","modified_gmt":"2026-04-01T06:15:47","slug":"fhb-original-joerg-sweater-jacke-mit-kapuze-und-webpelz","status":"publish","type":"product","link":"https:\/\/shop.kustom.ch\/fr\/produit\/fhb-original-joerg-sweater-jacke-mit-kapuze-und-webpelz\/","title":{"rendered":"J\u00d6RG Veste sweat avec capuche et fourrure tiss\u00e9e"},"content":{"rendered":"<p>Coupe moderne.<br \/>\nLa veste \u00e0 capuche est un peu plus longue que la normale vers le bas.<br \/>\nLa capuche est \u00e9galement doubl\u00e9e de fourrure tiss\u00e9e agr\u00e9ablement chaude. Poches kangourou s\u00e9par\u00e9es avec large ouverture.<br \/>\nFermeture \u00e0 glissi\u00e8re YKK robuste et tr\u00e8s facile \u00e0 utiliser sur toute la longueur.<br \/>\nDes poignets et des ourlets larges et ind\u00e9formables en maille c\u00f4tel\u00e9e de 450 g\/m\u00b2 prolongent la dur\u00e9e de vie.De fins d\u00e9tails de couture compl\u00e8tent le design intemporel.De grandes surfaces propres sans couture ni poche int\u00e9rieure pour ton logo - devant, derri\u00e8re et sur les manches... Mati\u00e8re : 70% coton, 30% polyester<\/p>","protected":false},"excerpt":{"rendered":"<p>Moderne Passform. Sitzt k\u00f6rpernah durch schmalen, geraden Schnitt.Die Hoodie-Jacke ist nach unten etwas l\u00e4nger geschnitten als normal. Dadurch wird auch bei gebeugter oder kniender Haltung der R\u00fcckbereich sauber abgedeckt, was insbesondere an k\u00e4lteren Tagen sehr angenehm ist.Durchg\u00e4ngig mit angenehm w\u00e4rmendem Webpelz gef\u00fcttert \u0096 auch die Kapuze.Geteilte K\u00e4ngurutaschen mit breitem Eingriff. Durchgehender, robuster und sehr leichtg\u00e4ngiger [&hellip;]<\/p>\n","protected":false},"featured_media":672147,"template":"","meta":[],"product_brand":[],"product_cat":[4186],"product_tag":[],"class_list":{"0":"post-611720","1":"product","2":"type-product","3":"status-publish","4":"has-post-thumbnail","6":"product_cat-jacken","7":"pa_brand-fhb","8":"pa_brand-type-workwear","9":"pa_filter-color-schwarz","11":"first","12":"instock","13":"sale","14":"taxable","15":"shipping-taxable","16":"purchasable","17":"product-type-variable","18":"add-to-wishlist-before_image"},"exclude_global_add_ons":[],"addons":[],"acf":[],"_links":{"self":[{"href":"https:\/\/shop.kustom.ch\/fr\/wp-json\/wp\/v2\/product\/611720"}],"collection":[{"href":"https:\/\/shop.kustom.ch\/fr\/wp-json\/wp\/v2\/product"}],"about":[{"href":"https:\/\/shop.kustom.ch\/fr\/wp-json\/wp\/v2\/types\/product"}],"wp:featuredmedia":[{"embeddable":true,"href":"https:\/\/shop.kustom.ch\/fr\/wp-json\/wp\/v2\/media\/672147"}],"wp:attachment":[{"href":"https:\/\/shop.kustom.ch\/fr\/wp-json\/wp\/v2\/media?parent=611720"}],"wp:term":[{"taxonomy":"product_brand","embeddable":true,"href":"https:\/\/shop.kustom.ch\/fr\/wp-json\/wp\/v2\/product_brand?post=611720"},{"taxonomy":"product_cat","embeddable":true,"href":"https:\/\/shop.kustom.ch\/fr\/wp-json\/wp\/v2\/product_cat?post=611720"},{"taxonomy":"product_tag","embeddable":true,"href":"https:\/\/shop.kustom.ch\/fr\/wp-json\/wp\/v2\/product_tag?post=611720"}],"curies":[{"name":"wp","href":"https:\/\/api.w.org\/{rel}","templated":true}]}}