{"id":611649,"date":"2025-03-06T04:28:06","date_gmt":"2025-03-06T03:28:06","guid":{"rendered":"https:\/\/shop.kustom.ch\/?post_type=product&#038;p=611649"},"modified":"2026-04-01T07:04:00","modified_gmt":"2026-04-01T06:04:00","slug":"fhb-original-julia-softshell-jacke-damen","status":"publish","type":"product","link":"https:\/\/shop.kustom.ch\/fr\/produit\/fhb-original-julia-softshell-jacke-damen\/","title":{"rendered":"Veste softshell JULIA"},"content":{"rendered":"<p>Ajustement :<br \/>\nJulia a une coupe sportive.<br \/>\nLe tissu softshell FHB de haute qualit\u00e9 est extensible et extr\u00eamement souple.<br \/>\nLa veste s'adapte parfaitement \u00e0 la personne qui la porte, sans la restreindre dans ses mouvements.<br \/>\nLa coupe ergonomique de la veste a \u00e9t\u00e9 con\u00e7ue en fonction de l'anatomie du corps.<br \/>\nAinsi, les manches sont l\u00e9g\u00e8rement pr\u00e9form\u00e9es, conform\u00e9ment \u00e0 la position naturelle du corps.<br \/>\nLe dos est l\u00e9g\u00e8rement allong\u00e9 et couvre proprement la zone dorsale, m\u00eame en position pench\u00e9e ou \u00e0 genoux, ce qui est particuli\u00e8rement agr\u00e9able les jours plus froids.<br \/>\nLes manches sont l\u00e9g\u00e8rement allong\u00e9es, ce qui permet de couvrir les poignets m\u00eame lorsque les bras sont tendus. En plus de ses nombreuses caract\u00e9ristiques techniques, cette veste a un look tout simplement d\u00e9contract\u00e9 et est super agr\u00e9able \u00e0 porter.<br \/>\nCol haut :<br \/>\nLe col haut prot\u00e8ge du vent froid.<br \/>\nPour le col int\u00e9rieur, on utilise une polaire agr\u00e9ablement douce et chaude.<br \/>\nLa protection du menton (garage \u00e0 zip) sur le col haut \u00e9vite que la fermeture \u00e9clair ferm\u00e9e ne gratte.<br \/>\nR\u00e9glage de la largeur :<br \/>\nLa taille peut \u00eatre ajust\u00e9e \u00e0 la largeur id\u00e9ale \u00e0 l'aide d'un cordon de serrage et fix\u00e9e par des stoppeurs.<br \/>\nLes poignets sont munis d'une languette permettant d'ajuster la largeur de la veste.<br \/>\nSacs :<br \/>\n2 grandes poches de rangement avec fermeture \u00e9clair.<br \/>\nLes deux poches avant sont dot\u00e9es d'une doublure de poche r\u00e9sistante.1 poche poitrine zipp\u00e9e.<br \/>\nFermetures \u00e0 glissi\u00e8re fonctionnelles :<br \/>\nToutes les fermetures \u00e0 glissi\u00e8re sont \u00e9quip\u00e9es d'une cha\u00eene torsad\u00e9e (vers l'int\u00e9rieur) : Les salet\u00e9s et les copeaux ne s'y incrustent pas.fermeture \u00e9clair prolong\u00e9e pour pouvoir l'utiliser facilement m\u00eame avec des gants.<br \/>\nLe zip est moul\u00e9 et a un grip \u00e0 l'int\u00e9rieur.<br \/>\nPare-vent :<br \/>\nDerri\u00e8re la fermeture \u00e0 glissi\u00e8re frontale, un coupe-vent est cousu sur toute la longueur pour emp\u00eacher l'air froid de passer.<br \/>\nCapuche avec visi\u00e8re :<br \/>\nLa capuche est r\u00e9glable par cordon de serrage (avec stoppeur de cordon) et peut \u00eatre adapt\u00e9e au champ visuel.<br \/>\nPar beau temps, la capuche peut \u00eatre retir\u00e9e.<br \/>\nLorsque la capuche est retir\u00e9e, la partie restante de la fermeture \u00e0 glissi\u00e8re peut \u00eatre recouverte proprement par un rabat.<br \/>\nPas de couture d'\u00e9paule :<br \/>\nChez Julia, la couture d'\u00e9paule est plac\u00e9e sur le c\u00f4t\u00e9.<br \/>\nL'avantage : quand on porte un sac ou une poutre en bois sur l'\u00e9paule, il n'y a pas de point de pression d\u00e9sagr\u00e9able... Mat\u00e9riau : polyester 100%<\/p>","protected":false},"excerpt":{"rendered":"<p>Passform: Julia ist sportlich geschnitten. Das hochwertigen FHB-Softshell-Gewebe ist dehnbar und extrem geschmeidig. Die Jacke passt sich optimal an die Tr\u00e4gerin an, ohne sie bei der Bewegung einzuschr\u00e4nken. Der ergonomische Schnitt der Jacke wurde der Anatomie des K\u00f6rpers nachempfunden. So sind die \u00c4rmel leicht vorgeformt und entsprechend der nat\u00fcrlichen Haltung des K\u00f6rpers. Der R\u00fccken ist [&hellip;]<\/p>\n","protected":false},"featured_media":672149,"template":"","meta":[],"product_brand":[],"product_cat":[4186],"product_tag":[],"class_list":{"0":"post-611649","1":"product","2":"type-product","3":"status-publish","4":"has-post-thumbnail","6":"product_cat-jacken","7":"pa_brand-fhb","8":"pa_brand-type-workwear","9":"pa_filter-color-anthrazit-schwarz","10":"pa_filter-color-beige-schwarz","11":"pa_filter-color-grau-schwarz","12":"pa_filter-color-gruen-schwarz","13":"pa_filter-color-marine-schwarz","14":"pa_filter-color-oliv-schwarz","15":"pa_filter-color-rot-schwarz","16":"pa_filter-color-royalblau-schwarz","17":"pa_filter-color-schwarz","18":"pa_filter-color-weiss-anthrazit","20":"first","21":"instock","22":"sale","23":"taxable","24":"shipping-taxable","25":"purchasable","26":"product-type-variable","27":"add-to-wishlist-before_image"},"exclude_global_add_ons":[],"addons":[],"acf":[],"_links":{"self":[{"href":"https:\/\/shop.kustom.ch\/fr\/wp-json\/wp\/v2\/product\/611649"}],"collection":[{"href":"https:\/\/shop.kustom.ch\/fr\/wp-json\/wp\/v2\/product"}],"about":[{"href":"https:\/\/shop.kustom.ch\/fr\/wp-json\/wp\/v2\/types\/product"}],"wp:featuredmedia":[{"embeddable":true,"href":"https:\/\/shop.kustom.ch\/fr\/wp-json\/wp\/v2\/media\/672149"}],"wp:attachment":[{"href":"https:\/\/shop.kustom.ch\/fr\/wp-json\/wp\/v2\/media?parent=611649"}],"wp:term":[{"taxonomy":"product_brand","embeddable":true,"href":"https:\/\/shop.kustom.ch\/fr\/wp-json\/wp\/v2\/product_brand?post=611649"},{"taxonomy":"product_cat","embeddable":true,"href":"https:\/\/shop.kustom.ch\/fr\/wp-json\/wp\/v2\/product_cat?post=611649"},{"taxonomy":"product_tag","embeddable":true,"href":"https:\/\/shop.kustom.ch\/fr\/wp-json\/wp\/v2\/product_tag?post=611649"}],"curies":[{"name":"wp","href":"https:\/\/api.w.org\/{rel}","templated":true}]}}