{"id":611376,"date":"2025-03-06T04:25:39","date_gmt":"2025-03-06T03:25:39","guid":{"rendered":"https:\/\/shop.kustom.ch\/?post_type=product&#038;p=611376"},"modified":"2026-04-01T07:25:29","modified_gmt":"2026-04-01T06:25:29","slug":"fhb-original-kuno-jersey-fleecejacke","status":"publish","type":"product","link":"https:\/\/shop.kustom.ch\/fr\/produit\/fhb-original-kuno-jersey-fleecejacke\/","title":{"rendered":"Veste polaire en jersey KUNO"},"content":{"rendered":"<p>FHB KUNO, veste polaire, powerstretch, midlayer de haute qualit\u00e9 et particuli\u00e8rement fonctionnel , coupe pr\u00e8s du corps, int\u00e9rieur en micro-polaire, ext\u00e9rieur en jersey de polyester recycl\u00e9, grand confort gr\u00e2ce \u00e0 la coupe raglan sans couture d'\u00e9paule, 2 grandes poches zipp\u00e9es, 1 poche int\u00e9rieure, poignets et ourlet \u00e9lastiques, coutures plates, zip frontal avec protection du menton, poche poitrine facile \u00e0 ennoblir. Oeko-Tex Standard 100.<\/p>","protected":false},"excerpt":{"rendered":"<p>FHB KUNO, veste polaire, powerstretch, midlayer de haute qualit\u00e9 et particuli\u00e8rement fonctionnel , coupe pr\u00e8s du corps, int\u00e9rieur en micro-polaire, ext\u00e9rieur en jersey de polyester recycl\u00e9, grand confort gr\u00e2ce \u00e0 la coupe raglan sans couture d'\u00e9paule, 2 grandes poches zipp\u00e9es, 1 poche int\u00e9rieure, poignets et ourlet \u00e9lastiques, coutures plates, zip frontal avec protection du menton, poche poitrine facile \u00e0 ennoblir. Oeko-Tex Standard 100.<\/p>","protected":false},"featured_media":609664,"template":"","meta":[],"product_brand":[],"product_cat":[4186],"product_tag":[],"class_list":{"0":"post-611376","1":"product","2":"type-product","3":"status-publish","4":"has-post-thumbnail","6":"product_cat-jacken","7":"pa_brand-fhb","8":"pa_brand-type-workwear","9":"pa_filter-color-beige","10":"pa_filter-color-blau","11":"pa_filter-color-grau","12":"pa_filter-color-gruen","13":"pa_filter-color-rot","14":"pa_filter-color-schwarz","16":"first","17":"instock","18":"sale","19":"taxable","20":"shipping-taxable","21":"purchasable","22":"product-type-variable","23":"add-to-wishlist-before_image"},"exclude_global_add_ons":[],"addons":[],"acf":[],"_links":{"self":[{"href":"https:\/\/shop.kustom.ch\/fr\/wp-json\/wp\/v2\/product\/611376"}],"collection":[{"href":"https:\/\/shop.kustom.ch\/fr\/wp-json\/wp\/v2\/product"}],"about":[{"href":"https:\/\/shop.kustom.ch\/fr\/wp-json\/wp\/v2\/types\/product"}],"wp:featuredmedia":[{"embeddable":true,"href":"https:\/\/shop.kustom.ch\/fr\/wp-json\/wp\/v2\/media\/609664"}],"wp:attachment":[{"href":"https:\/\/shop.kustom.ch\/fr\/wp-json\/wp\/v2\/media?parent=611376"}],"wp:term":[{"taxonomy":"product_brand","embeddable":true,"href":"https:\/\/shop.kustom.ch\/fr\/wp-json\/wp\/v2\/product_brand?post=611376"},{"taxonomy":"product_cat","embeddable":true,"href":"https:\/\/shop.kustom.ch\/fr\/wp-json\/wp\/v2\/product_cat?post=611376"},{"taxonomy":"product_tag","embeddable":true,"href":"https:\/\/shop.kustom.ch\/fr\/wp-json\/wp\/v2\/product_tag?post=611376"}],"curies":[{"name":"wp","href":"https:\/\/api.w.org\/{rel}","templated":true}]}}