{"id":611348,"date":"2025-03-06T04:25:00","date_gmt":"2025-03-06T03:25:00","guid":{"rendered":"https:\/\/shop.kustom.ch\/?post_type=product&#038;p=611348"},"modified":"2026-04-01T07:24:30","modified_gmt":"2026-04-01T06:24:30","slug":"fhb-original-mika-wintersoftshell-jacke","status":"publish","type":"product","link":"https:\/\/shop.kustom.ch\/fr\/produit\/fhb-original-mika-wintersoftshell-jacke\/","title":{"rendered":"Veste softshell d'hiver MIKA"},"content":{"rendered":"<p>Ajustement :<br \/>\nMika a une coupe sportive.<br \/>\nLa veste est confortable et ne te g\u00eane pas dans tes mouvements, m\u00eame si tu portes un sweat-shirt en dessous.<br \/>\nLa coupe ergonomique de la veste s'oriente vers l'anatomie du corps.<br \/>\nAinsi, les manches sont l\u00e9g\u00e8rement pr\u00e9form\u00e9es et suivent la posture naturelle du corps.<br \/>\nLes manches sont l\u00e9g\u00e8rement allong\u00e9es, de sorte que les poignets sont couverts m\u00eame lorsque les bras sont tendus.<br \/>\nLe dos est \u00e9galement l\u00e9g\u00e8rement allong\u00e9 et couvre proprement la zone dorsale, m\u00eame en position pench\u00e9e ou \u00e0 genoux, ce qui est particuli\u00e8rement agr\u00e9able les jours les plus froids.<br \/>\nProtection contre la pluie :<br \/>\nTissu imperm\u00e9able (colonne d'eau 10.000 mm).coutures enti\u00e8rement scell\u00e9es emp\u00eachant l'eau de p\u00e9n\u00e9trer.respirant (5.000 g\/m\u00b2\/24h).<br \/>\nL'humidit\u00e9 peut s'\u00e9chapper vers l'ext\u00e9rieur, de sorte que tu ne transpires pas tout de suite.<br \/>\nR\u00e9sistant au vent.<br \/>\nR\u00e9glage de la largeur :<br \/>\nL'ourlet peut \u00eatre ajust\u00e9 \u00e0 la largeur id\u00e9ale gr\u00e2ce \u00e0 un cordon de serrage et fix\u00e9 par des stoppeurs.<br \/>\nLes poignets sont munis d'une languette avec velcro pour ajuster la largeur.<br \/>\nSacs :<br \/>\n2 poches lat\u00e9rales avec fermeture \u00e9clair.<br \/>\nLes poches sont dot\u00e9es d'une doublure de poche r\u00e9sistante.<br \/>\n1 poche de poitrine \u00e0 l'ext\u00e9rieur avec fermeture \u00e9clair \u00e9tanche. 1 poche int\u00e9rieure fermable avec fermeture \u00e9clair.<br \/>\nFermeture \u00e0 glissi\u00e8re fonctionnelle :<br \/>\nFermeture \u00e0 glissi\u00e8re frontale YKK sur toute la longueur, tr\u00e8s facile \u00e0 manipuler.<br \/>\nLa protection du menton (garage \u00e0 zip) sur le col haut \u00e9vite que la fermeture \u00e9clair ferm\u00e9e ne gratte.<br \/>\nProtection contre le vent :<br \/>\nLa fermeture \u00e0 glissi\u00e8re frontale est recouverte sur toute sa longueur par un rabat coupe-vent, ce qui emp\u00eache l'air froid de passer.Poignets en tricot cach\u00e9s et coupe-vent.<br \/>\nCapuche avec visi\u00e8re :<br \/>\nLa capuche, associ\u00e9e au col temp\u00eate \u00e0 fermeture haute, prot\u00e8ge efficacement la t\u00eate de la pluie et du vent. La largeur de la capuche est r\u00e9glable et peut \u00eatre adapt\u00e9e individuellement au champ de vision.<br \/>\nSous la capuche, on peut aussi porter un bonnet ou une capuche du midlayer.<br \/>\nTon logo :<br \/>\nBonne possibilit\u00e9 de finition \u00e0 l'avant, \u00e0 l'arri\u00e8re et sur les c\u00f4t\u00e9s.<br \/>\nManipulation facile de la finition gr\u00e2ce \u00e0 la fermeture \u00e9clair int\u00e9rieure permettant d'ouvrir la doublure... Mat\u00e9riau : polyester 100%<\/p>","protected":false},"excerpt":{"rendered":"<p>Passform: Mika ist sportlich geschnitten. Die Jacke sitzt bequem und schr\u00e4nkt dich in deiner Bewegung nicht ein &#8211; auch wenn du noch ein Sweatshirt als Zwischenschicht darunter tr\u00e4gst. Der ergonomische Schnitt der Jacke orientiert sich an der Anatomie des K\u00f6rpers. So sind die \u00c4rmel leicht vorgeformt und folgen der nat\u00fcrlichen K\u00f6rperhaltung. Die \u00c4rmel sind leicht [&hellip;]<\/p>\n","protected":false},"featured_media":672248,"template":"","meta":[],"product_brand":[],"product_cat":[4186],"product_tag":[],"class_list":{"0":"post-611348","1":"product","2":"type-product","3":"status-publish","4":"has-post-thumbnail","6":"product_cat-jacken","7":"pa_brand-fhb","8":"pa_brand-type-workwear","9":"pa_filter-color-schwarz","11":"first","12":"instock","13":"sale","14":"taxable","15":"shipping-taxable","16":"purchasable","17":"product-type-variable","18":"add-to-wishlist-before_image"},"exclude_global_add_ons":[],"addons":[],"acf":[],"_links":{"self":[{"href":"https:\/\/shop.kustom.ch\/fr\/wp-json\/wp\/v2\/product\/611348"}],"collection":[{"href":"https:\/\/shop.kustom.ch\/fr\/wp-json\/wp\/v2\/product"}],"about":[{"href":"https:\/\/shop.kustom.ch\/fr\/wp-json\/wp\/v2\/types\/product"}],"wp:featuredmedia":[{"embeddable":true,"href":"https:\/\/shop.kustom.ch\/fr\/wp-json\/wp\/v2\/media\/672248"}],"wp:attachment":[{"href":"https:\/\/shop.kustom.ch\/fr\/wp-json\/wp\/v2\/media?parent=611348"}],"wp:term":[{"taxonomy":"product_brand","embeddable":true,"href":"https:\/\/shop.kustom.ch\/fr\/wp-json\/wp\/v2\/product_brand?post=611348"},{"taxonomy":"product_cat","embeddable":true,"href":"https:\/\/shop.kustom.ch\/fr\/wp-json\/wp\/v2\/product_cat?post=611348"},{"taxonomy":"product_tag","embeddable":true,"href":"https:\/\/shop.kustom.ch\/fr\/wp-json\/wp\/v2\/product_tag?post=611348"}],"curies":[{"name":"wp","href":"https:\/\/api.w.org\/{rel}","templated":true}]}}