{"id":611247,"date":"2025-03-06T04:24:19","date_gmt":"2025-03-06T03:24:19","guid":{"rendered":"https:\/\/shop.kustom.ch\/?post_type=product&#038;p=611247"},"modified":"2026-04-01T07:18:29","modified_gmt":"2026-04-01T06:18:29","slug":"fhb-original-walter-softshell-jacke","status":"publish","type":"product","link":"https:\/\/shop.kustom.ch\/fr\/produit\/fhb-original-walter-softshell-jacke\/","title":{"rendered":"Veste softshell WALTER"},"content":{"rendered":"<p>Ajustement :<br \/>\nWalter a une coupe ample et droite.<br \/>\nLe tissu softshell FHB de haute qualit\u00e9 est \u00e9lastique et extr\u00eamement souple.<br \/>\nLa veste s'adapte parfaitement \u00e0 l'utilisateur sans le g\u00eaner dans ses mouvements.<br \/>\nLa coupe ergonomique de la veste a \u00e9t\u00e9 con\u00e7ue en fonction de l'anatomie du corps.<br \/>\nAinsi, les manches sont l\u00e9g\u00e8rement pr\u00e9form\u00e9es et correspondent \u00e0 la position naturelle du corps.<br \/>\nLe dos est l\u00e9g\u00e8rement allong\u00e9 et couvre proprement la zone dorsale, m\u00eame en position pench\u00e9e ou \u00e0 genoux, ce qui est particuli\u00e8rement agr\u00e9able les jours plus froids.<br \/>\nCol haut :<br \/>\nLe col haut prot\u00e8ge du vent froid.<br \/>\nPour le col int\u00e9rieur, on utilise une micro-polaire agr\u00e9ablement douce et chaude.<br \/>\nSacs :<br \/>\n2 grandes poches lat\u00e9rales avec large ouverture.<br \/>\nLes poches sont dot\u00e9es d'une fermeture \u00e0 glissi\u00e8re \u00e9tanche et de sacs de poche r\u00e9sistants en tissu de doublure solide.<br \/>\n1 poche pour t\u00e9l\u00e9phone portable \u00e0 l'avant du c\u00f4t\u00e9 droit avec fermeture \u00e0 glissi\u00e8re \u00e9tanche.1 poche int\u00e9rieure.Poche \u00e0 fermeture \u00e0 glissi\u00e8re \u00e9tanche sur le bras gauche.<br \/>\nR\u00e9glage de la largeur :<br \/>\nLa taille peut \u00eatre ajust\u00e9e \u00e0 la largeur id\u00e9ale \u00e0 l'aide d'un cordon de serrage et fix\u00e9e par des stoppeurs.<br \/>\nLes poignets sont munis d'une languette avec fermeture velcro pour ajuster la largeur.<br \/>\nFermetures \u00e0 glissi\u00e8re fonctionnelles :<br \/>\nFermeture \u00e0 glissi\u00e8re frontale YKK tr\u00e8s facile \u00e0 manipuler et recouverte d'un rabat coupe-vent.<br \/>\nLe zip est moul\u00e9 et a un grip \u00e0 l'int\u00e9rieur.<br \/>\nCapuche avec visi\u00e8re :<br \/>\nLa capuche est r\u00e9glable par cordon de serrage (avec stoppeur de cordon) et peut \u00eatre adapt\u00e9e au champ visuel.<br \/>\nPar beau temps, la capuche peut \u00eatre retir\u00e9e.<br \/>\nTon logo :<br \/>\nBonne possibilit\u00e9 de d\u00e9coration sur les deux c\u00f4t\u00e9s de la poitrine, le dos et les manches... Mati\u00e8re : 96% polyester, 4% \u00e9lasthanne<\/p>","protected":false},"excerpt":{"rendered":"<p>Passform: Walter ist locker und gerade geschnitten. Das hochwertigen FHB-Softshell-Gewebe ist elastisch und extrem geschmeidig. Die Jacke passt sich optimal an den Tr\u00e4ger an, ohne ihn bei der Bewegung einzuschr\u00e4nken. Der ergonomische Schnitt der Jacke wurde der Anatomie des K\u00f6rpers nachempfunden. So sind die \u00c4rmel leicht vorgeformt und entsprechen der nat\u00fcrlichen Haltung des K\u00f6rpers. Der [&hellip;]<\/p>\n","protected":false},"featured_media":672336,"template":"","meta":[],"product_brand":[],"product_cat":[4186],"product_tag":[],"class_list":{"0":"post-611247","1":"product","2":"type-product","3":"status-publish","4":"has-post-thumbnail","6":"product_cat-jacken","7":"pa_brand-fhb","8":"pa_brand-type-workwear","9":"pa_filter-color-anthrazit-schwarz","10":"pa_filter-color-beige-schwarz","11":"pa_filter-color-grau-schwarz","12":"pa_filter-color-gruen-schwarz","13":"pa_filter-color-marine-schwarz","14":"pa_filter-color-oliv-schwarz","15":"pa_filter-color-rot-schwarz","16":"pa_filter-color-royalblau-schwarz","17":"pa_filter-color-schwarz","18":"pa_filter-color-weiss-anthrazit","20":"first","21":"instock","22":"sale","23":"taxable","24":"shipping-taxable","25":"purchasable","26":"product-type-variable","27":"add-to-wishlist-before_image"},"exclude_global_add_ons":[],"addons":[],"acf":[],"_links":{"self":[{"href":"https:\/\/shop.kustom.ch\/fr\/wp-json\/wp\/v2\/product\/611247"}],"collection":[{"href":"https:\/\/shop.kustom.ch\/fr\/wp-json\/wp\/v2\/product"}],"about":[{"href":"https:\/\/shop.kustom.ch\/fr\/wp-json\/wp\/v2\/types\/product"}],"wp:featuredmedia":[{"embeddable":true,"href":"https:\/\/shop.kustom.ch\/fr\/wp-json\/wp\/v2\/media\/672336"}],"wp:attachment":[{"href":"https:\/\/shop.kustom.ch\/fr\/wp-json\/wp\/v2\/media?parent=611247"}],"wp:term":[{"taxonomy":"product_brand","embeddable":true,"href":"https:\/\/shop.kustom.ch\/fr\/wp-json\/wp\/v2\/product_brand?post=611247"},{"taxonomy":"product_cat","embeddable":true,"href":"https:\/\/shop.kustom.ch\/fr\/wp-json\/wp\/v2\/product_cat?post=611247"},{"taxonomy":"product_tag","embeddable":true,"href":"https:\/\/shop.kustom.ch\/fr\/wp-json\/wp\/v2\/product_tag?post=611247"}],"curies":[{"name":"wp","href":"https:\/\/api.w.org\/{rel}","templated":true}]}}