{"id":611157,"date":"2025-03-06T04:23:07","date_gmt":"2025-03-06T03:23:07","guid":{"rendered":"https:\/\/shop.kustom.ch\/?post_type=product&#038;p=611157"},"modified":"2026-04-01T07:33:48","modified_gmt":"2026-04-01T06:33:48","slug":"fhb-original-dieter-regenhose-fhb-protect","status":"publish","type":"product","link":"https:\/\/shop.kustom.ch\/fr\/produit\/fhb-original-dieter-regenhose-fhb-protect\/","title":{"rendered":"DIETER Pantalon de pluie FHB Protect"},"content":{"rendered":"<p>FHB protect :<br \/>\nLe tissu haute performance est imperm\u00e9able (colonne d'eau 10.000 mm), coupe-vent et respirant (5.000 g\/m\u00b2\/24 h). Les coutures enti\u00e8rement scell\u00e9es de l'int\u00e9rieur emp\u00eachent l'eau de p\u00e9n\u00e9trer.<br \/>\nAjustement :<br \/>\nCoupe d\u00e9contract\u00e9e. Id\u00e9al \u00e0 porter sur un pantalon de travail.<br \/>\nEntr\u00e9e et sortie rapides :<br \/>\nGr\u00e2ce aux fermetures \u00e9clair YKK extra-longues en bas des jambes, le pantalon de pluie s'enfile et s'enl\u00e8ve rapidement et facilement par les chaussures, ce qui te permet de rester flexible et de r\u00e9agir aux conditions m\u00e9t\u00e9orologiques changeantes.<br \/>\nR\u00e9glage de la largeur :<br \/>\nLa taille du pantalon peut \u00eatre ajust\u00e9e \u00e0 la largeur id\u00e9ale \u00e0 l'aide d'un \u00e9lastique et fix\u00e9e \u00e0 l'aide d'un cordon de serrage. En bas des jambes, l'ourlet du pantalon peut \u00eatre ajust\u00e9 \u00e0 l'aide d'un rabat avec fermeture velcro afin d'\u00e9viter toute p\u00e9n\u00e9tration d'eau. Mati\u00e8re : polyester 100%<\/p>","protected":false},"excerpt":{"rendered":"<p>FHB protect: Das High-Performance-Gewebe ist wasserdicht (Wassers\u00e4ule 10.000 mm), winddicht und atmungsaktiv (5.000 g\/m\u00b2\/24 Std.).Von innen vollst\u00e4ndig versiegelte N\u00e4hte verhindern das Eindringen von Wasser. Passform: Locker geschnitten.Ideal zum Tragen \u00fcber der Arbeitshose. Schnelles Rein und Raus: Durch die extra langen YKK-Reissverschl\u00fcsse unten am Hosenbein l\u00e4sst sich die Regenhose schnell und einfach \u00fcber die Schuhe an- [&hellip;]<\/p>\n","protected":false},"featured_media":671963,"template":"","meta":[],"product_brand":[],"product_cat":[4185],"product_tag":[],"class_list":{"0":"post-611157","1":"product","2":"type-product","3":"status-publish","4":"has-post-thumbnail","6":"product_cat-hosen","7":"pa_brand-fhb","8":"pa_brand-type-workwear","9":"pa_filter-color-schwarz","11":"first","12":"instock","13":"sale","14":"taxable","15":"shipping-taxable","16":"purchasable","17":"product-type-variable","18":"add-to-wishlist-before_image"},"exclude_global_add_ons":[],"addons":[],"acf":[],"_links":{"self":[{"href":"https:\/\/shop.kustom.ch\/fr\/wp-json\/wp\/v2\/product\/611157"}],"collection":[{"href":"https:\/\/shop.kustom.ch\/fr\/wp-json\/wp\/v2\/product"}],"about":[{"href":"https:\/\/shop.kustom.ch\/fr\/wp-json\/wp\/v2\/types\/product"}],"wp:featuredmedia":[{"embeddable":true,"href":"https:\/\/shop.kustom.ch\/fr\/wp-json\/wp\/v2\/media\/671963"}],"wp:attachment":[{"href":"https:\/\/shop.kustom.ch\/fr\/wp-json\/wp\/v2\/media?parent=611157"}],"wp:term":[{"taxonomy":"product_brand","embeddable":true,"href":"https:\/\/shop.kustom.ch\/fr\/wp-json\/wp\/v2\/product_brand?post=611157"},{"taxonomy":"product_cat","embeddable":true,"href":"https:\/\/shop.kustom.ch\/fr\/wp-json\/wp\/v2\/product_cat?post=611157"},{"taxonomy":"product_tag","embeddable":true,"href":"https:\/\/shop.kustom.ch\/fr\/wp-json\/wp\/v2\/product_tag?post=611157"}],"curies":[{"name":"wp","href":"https:\/\/api.w.org\/{rel}","templated":true}]}}