{"id":611147,"date":"2025-03-06T04:23:05","date_gmt":"2025-03-06T03:23:05","guid":{"rendered":"https:\/\/shop.kustom.ch\/?post_type=product&#038;p=611147"},"modified":"2026-04-01T07:42:20","modified_gmt":"2026-04-01T06:42:20","slug":"fhb-original-boris-regenjacke-fhb-protect","status":"publish","type":"product","link":"https:\/\/shop.kustom.ch\/fr\/produit\/fhb-original-boris-regenjacke-fhb-protect\/","title":{"rendered":"BORIS Veste de pluie FHB Protect"},"content":{"rendered":"<p>FHB protect :<br \/>\nLe tissu haute performance est imperm\u00e9able (colonne d'eau 10.000 mm), coupe-vent et respirant (5.000 g\/m\u00b2\/24 h). Les coutures enti\u00e8rement scell\u00e9es de l'int\u00e9rieur emp\u00eachent l'eau de p\u00e9n\u00e9trer.<br \/>\nCoupe d\u00e9contract\u00e9e :<br \/>\nBoris a une coupe ample.<br \/>\nLa veste de pluie est confortable et ne te g\u00eane pas dans tes mouvements.<br \/>\nDans le cadre d'un syst\u00e8me de couches, Boris peut \u00eatre port\u00e9 avec une ou deux couches interm\u00e9diaires en dessous.<br \/>\nLa coupe ergonomique de la veste s'oriente sur l'anatomie du corps.<br \/>\nAinsi, les manches sont l\u00e9g\u00e8rement pr\u00e9form\u00e9es et suivent la posture naturelle du corps.<br \/>\nLes manches sont l\u00e9g\u00e8rement allong\u00e9es, de sorte que les poignets sont couverts m\u00eame lorsque les bras sont tendus.<br \/>\nLe dos est \u00e9galement l\u00e9g\u00e8rement allong\u00e9 et couvre proprement la zone dorsale, m\u00eame en position pench\u00e9e ou \u00e0 genoux.<br \/>\nCapuche avec visi\u00e8re :<br \/>\nLa capuche est r\u00e9glable et peut \u00eatre adapt\u00e9e au champ de vision.<br \/>\nSous la grande capuche anti-pluie, on peut aussi porter un bonnet ou une capuche de midlayer. Capuche avec visi\u00e8re lamin\u00e9e.<br \/>\nR\u00e9glage de la largeur :<br \/>\nL'ourlet peut \u00eatre ajust\u00e9 \u00e0 la largeur id\u00e9ale gr\u00e2ce \u00e0 un cordon de serrage et fix\u00e9 par des stoppeurs.<br \/>\nCela permet \u00e0 la veste de rester bien en place et d'\u00e9viter toute p\u00e9n\u00e9tration de froid d\u00e9sagr\u00e9able.Les manches sont munies d'une patte avec velcro pour ajuster la largeur qui convient.Capuche r\u00e9glable en largeur et en hauteur sur deux positions.<br \/>\nSacs :<br \/>\n2 poches frontales avec fermeture \u00e0 glissi\u00e8re.<br \/>\n1 poche pour t\u00e9l\u00e9phone portable sur le bras avec fermeture \u00e9clair. 1 poche int\u00e9rieure avec fermeture \u00e9clair.<br \/>\nFermetures \u00e0 glissi\u00e8re :<br \/>\nFermeture \u00e0 glissi\u00e8re frontale YKK sur toute la longueur, tr\u00e8s facile \u00e0 utiliser, avec rabat coupe-vent. Fermetures \u00e0 glissi\u00e8re cach\u00e9es pour \u00e9viter que l'eau ne p\u00e9n\u00e8tre. Fermeture \u00e0 glissi\u00e8re prolong\u00e9e pour pouvoir l'utiliser facilement m\u00eame avec des gants.<br \/>\nLa fermeture \u00e9clair a une forme souple et une face int\u00e9rieure antid\u00e9rapante... Mat\u00e9riau : polyester 100%<\/p>","protected":false},"excerpt":{"rendered":"<p>FHB protect: Das High-Performance-Gewebe ist wasserdicht (Wassers\u00e4ule 10.000 mm), winddicht und atmungsaktiv (5.000 g\/m\u00b2\/24 Std.).Von innen vollst\u00e4ndig versiegelte N\u00e4hte verhindern das Eindringen von Wasser. Lockere Passform: Boris ist locker geschnitten. Die Regenjacke sitzt bequem und schr\u00e4nkt dich in deiner Bewegung nicht ein. Als Teil eines Schichtensystems kann Boris mit einer oder zwei Zwischenschichten darunter getragen [&hellip;]<\/p>\n","protected":false},"featured_media":671922,"template":"","meta":[],"product_brand":[],"product_cat":[4186],"product_tag":[],"class_list":{"0":"post-611147","1":"product","2":"type-product","3":"status-publish","4":"has-post-thumbnail","6":"product_cat-jacken","7":"pa_brand-fhb","8":"pa_brand-type-workwear","9":"pa_filter-color-schwarz","11":"first","12":"instock","13":"sale","14":"taxable","15":"shipping-taxable","16":"purchasable","17":"product-type-variable","18":"add-to-wishlist-before_image"},"exclude_global_add_ons":[],"addons":[],"acf":[],"_links":{"self":[{"href":"https:\/\/shop.kustom.ch\/fr\/wp-json\/wp\/v2\/product\/611147"}],"collection":[{"href":"https:\/\/shop.kustom.ch\/fr\/wp-json\/wp\/v2\/product"}],"about":[{"href":"https:\/\/shop.kustom.ch\/fr\/wp-json\/wp\/v2\/types\/product"}],"wp:featuredmedia":[{"embeddable":true,"href":"https:\/\/shop.kustom.ch\/fr\/wp-json\/wp\/v2\/media\/671922"}],"wp:attachment":[{"href":"https:\/\/shop.kustom.ch\/fr\/wp-json\/wp\/v2\/media?parent=611147"}],"wp:term":[{"taxonomy":"product_brand","embeddable":true,"href":"https:\/\/shop.kustom.ch\/fr\/wp-json\/wp\/v2\/product_brand?post=611147"},{"taxonomy":"product_cat","embeddable":true,"href":"https:\/\/shop.kustom.ch\/fr\/wp-json\/wp\/v2\/product_cat?post=611147"},{"taxonomy":"product_tag","embeddable":true,"href":"https:\/\/shop.kustom.ch\/fr\/wp-json\/wp\/v2\/product_tag?post=611147"}],"curies":[{"name":"wp","href":"https:\/\/api.w.org\/{rel}","templated":true}]}}