{"id":611041,"date":"2025-03-06T04:21:58","date_gmt":"2025-03-06T03:21:58","guid":{"rendered":"https:\/\/shop.kustom.ch\/?post_type=product&#038;p=611041"},"modified":"2026-04-01T07:13:22","modified_gmt":"2026-04-01T06:13:22","slug":"fhb-original-luca-hardshell-jacke","status":"publish","type":"product","link":"https:\/\/shop.kustom.ch\/fr\/produit\/fhb-original-luca-hardshell-jacke\/","title":{"rendered":"Veste hardshell LUCA"},"content":{"rendered":"<p>Cette veste haute performance offre une protection parfaite contre la pluie selon la norme DIN EN 343, imperm\u00e9able (colonne d'eau 10.000mm), respirante (5.000g\/qm\/ 24h.) et coupe-vent, coutures \u00e9tanches, doublure en mesh dans la capuche et le corps, doublure des manches, protection du menton, r\u00e9glage de la hauteur et de la largeur de la capuche, fermeture \u00e0 glissi\u00e8re YKK dissimul\u00e9e sur le devant, 2 poches lat\u00e9rales spacieuses \u00e0 l'ext\u00e9rieur, une poche int\u00e9rieure fermable par fermeture \u00e0 glissi\u00e8re, r\u00e9glage de la largeur des manches et de la taille, \u00e9l\u00e9ments de design FHB sur les manches<\/p>","protected":false},"excerpt":{"rendered":"<p>Cette veste haute performance offre une protection parfaite contre la pluie selon la norme DIN EN 343, imperm\u00e9able (colonne d'eau 10.000mm), respirante (5.000g\/qm\/ 24h.) et coupe-vent, coutures \u00e9tanches, doublure en mesh dans la capuche et le corps, doublure des manches, protection du menton, r\u00e9glage de la hauteur et de la largeur de la capuche, fermeture \u00e0 glissi\u00e8re YKK dissimul\u00e9e sur le devant, 2 poches lat\u00e9rales spacieuses \u00e0 l'ext\u00e9rieur, une poche int\u00e9rieure fermable par fermeture \u00e0 glissi\u00e8re, r\u00e9glage de la largeur des manches et de la taille, \u00e9l\u00e9ments de design FHB sur les manches<\/p>","protected":false},"featured_media":609625,"template":"","meta":[],"product_brand":[],"product_cat":[4186],"product_tag":[],"class_list":{"0":"post-611041","1":"product","2":"type-product","3":"status-publish","4":"has-post-thumbnail","6":"product_cat-jacken","7":"pa_brand-fhb","8":"pa_brand-type-workwear","9":"pa_filter-color-beige","10":"pa_filter-color-blau","11":"pa_filter-color-grau","12":"pa_filter-color-gruen","13":"pa_filter-color-rot","14":"pa_filter-color-schwarz","15":"pa_filter-color-weiss","17":"first","18":"instock","19":"sale","20":"taxable","21":"shipping-taxable","22":"purchasable","23":"product-type-variable","24":"add-to-wishlist-before_image"},"exclude_global_add_ons":[],"addons":[],"acf":[],"_links":{"self":[{"href":"https:\/\/shop.kustom.ch\/fr\/wp-json\/wp\/v2\/product\/611041"}],"collection":[{"href":"https:\/\/shop.kustom.ch\/fr\/wp-json\/wp\/v2\/product"}],"about":[{"href":"https:\/\/shop.kustom.ch\/fr\/wp-json\/wp\/v2\/types\/product"}],"wp:featuredmedia":[{"embeddable":true,"href":"https:\/\/shop.kustom.ch\/fr\/wp-json\/wp\/v2\/media\/609625"}],"wp:attachment":[{"href":"https:\/\/shop.kustom.ch\/fr\/wp-json\/wp\/v2\/media?parent=611041"}],"wp:term":[{"taxonomy":"product_brand","embeddable":true,"href":"https:\/\/shop.kustom.ch\/fr\/wp-json\/wp\/v2\/product_brand?post=611041"},{"taxonomy":"product_cat","embeddable":true,"href":"https:\/\/shop.kustom.ch\/fr\/wp-json\/wp\/v2\/product_cat?post=611041"},{"taxonomy":"product_tag","embeddable":true,"href":"https:\/\/shop.kustom.ch\/fr\/wp-json\/wp\/v2\/product_tag?post=611041"}],"curies":[{"name":"wp","href":"https:\/\/api.w.org\/{rel}","templated":true}]}}