{"id":611034,"date":"2025-03-06T04:21:57","date_gmt":"2025-03-06T03:21:57","guid":{"rendered":"https:\/\/shop.kustom.ch\/?post_type=product&#038;p=611034"},"modified":"2026-04-01T07:41:03","modified_gmt":"2026-04-01T06:41:03","slug":"fhb-original-matthias-arbeitsjacke-11","status":"publish","type":"product","link":"https:\/\/shop.kustom.ch\/fr\/produit\/fhb-original-matthias-arbeitsjacke-11\/","title":{"rendered":"Veste de travail MATTHIAS 1+1"},"content":{"rendered":"<p>Ajustement :<br \/>\nMatthias a une coupe ample et droite.<br \/>\nLe dos est l\u00e9g\u00e8rement allong\u00e9 et couvre proprement la zone dorsale, m\u00eame en position pench\u00e9e ou \u00e0 genoux, ce qui est particuli\u00e8rement agr\u00e9able les jours plus froids.<br \/>\nProtection contre la pluie :<br \/>\nLe tissu particuli\u00e8rement r\u00e9sistant \u00e0 l'abrasion est imperm\u00e9able (colonne d'eau de 10.000 mm), coupe-vent et respirant. Les coutures enti\u00e8rement scell\u00e9es de l'int\u00e9rieur emp\u00eachent l'eau de p\u00e9n\u00e9trer. Tu peux ainsi travailler pendant des heures par tous les temps sans te mouiller.<br \/>\nCapuche :<br \/>\nLa capuche est amovible ou peut \u00eatre rang\u00e9e dans le col.<br \/>\nCol haut :<br \/>\nLe col haut prot\u00e8ge du vent froid.<br \/>\nPour le col int\u00e9rieur, on utilise une micro-polaire agr\u00e9ablement douce et chaude.<br \/>\n2 en 1 :<br \/>\nLa veste ext\u00e9rieure peut \u00eatre port\u00e9e seule, tout comme la veste int\u00e9rieure amovible en micro-polaire chaude.<br \/>\nLes deux vestes sont reli\u00e9es par des fermetures \u00e0 glissi\u00e8re.<br \/>\nIls peuvent ainsi \u00eatre s\u00e9par\u00e9s et r\u00e9assembl\u00e9s rapidement et facilement.<br \/>\nSacs :<br \/>\n2 poches poitrine et 2 poches avant qui peuvent \u00eatre recouvertes d'un rabat et ferm\u00e9es par des boutons-pression. Derri\u00e8re les deux poches avant se trouvent des poches lat\u00e9rales ouvertes avec une large ouverture. La veste polaire amovible a 2 poches ext\u00e9rieures et 2 poches int\u00e9rieures.<br \/>\nR\u00e9glage de la largeur :<br \/>\nLa largeur de la taille et des poignets peut \u00eatre ajust\u00e9e \u00e0 l'aide de boutons-pression m\u00e9talliques extra-r\u00e9sistants.<br \/>\nFermetures \u00e0 glissi\u00e8re fonctionnelles :<br \/>\nFermeture \u00e0 glissi\u00e8re YKK \u00e0 double sens, tr\u00e8s robuste, recouverte d'un rabat coupe-vent et prolong\u00e9e pour pouvoir \u00eatre utilis\u00e9e avec des gants.<br \/>\nLe zip est moul\u00e9 et a un grip \u00e0 l'int\u00e9rieur.<br \/>\nTon logo :<br \/>\nBonne possibilit\u00e9 de personnalisation sur le c\u00f4t\u00e9 droit de la poitrine, le dos et les manches... Mat\u00e9riau : polyester 85%, polyur\u00e9thane 15%<\/p>","protected":false},"excerpt":{"rendered":"<p>Passform: Matthias ist locker und gerade geschnitten. Der R\u00fccken ist leicht verl\u00e4ngert und deckt auch bei gebeugter oder kniender Haltung den R\u00fcckbereich sauber ab, was insbesondere an k\u00e4lteren Tagen sehr angenehm ist. Regenschutz: Das besonders abriebfeste Gewebe ist wasserdicht (Wassers\u00e4ule 10.000 mm), winddicht und atmungsaktiv.Von innen vollst\u00e4ndig versiegelte N\u00e4hte verhindern das Eindringen von Wasser.So kannst [&hellip;]<\/p>\n","protected":false},"featured_media":672241,"template":"","meta":[],"product_brand":[],"product_cat":[4186],"product_tag":[],"class_list":{"0":"post-611034","1":"product","2":"type-product","3":"status-publish","4":"has-post-thumbnail","6":"product_cat-jacken","7":"pa_brand-fhb","8":"pa_brand-type-workwear","9":"pa_filter-color-schwarz","11":"first","12":"instock","13":"sale","14":"taxable","15":"shipping-taxable","16":"purchasable","17":"product-type-variable","18":"add-to-wishlist-before_image"},"exclude_global_add_ons":[],"addons":[],"acf":[],"_links":{"self":[{"href":"https:\/\/shop.kustom.ch\/fr\/wp-json\/wp\/v2\/product\/611034"}],"collection":[{"href":"https:\/\/shop.kustom.ch\/fr\/wp-json\/wp\/v2\/product"}],"about":[{"href":"https:\/\/shop.kustom.ch\/fr\/wp-json\/wp\/v2\/types\/product"}],"wp:featuredmedia":[{"embeddable":true,"href":"https:\/\/shop.kustom.ch\/fr\/wp-json\/wp\/v2\/media\/672241"}],"wp:attachment":[{"href":"https:\/\/shop.kustom.ch\/fr\/wp-json\/wp\/v2\/media?parent=611034"}],"wp:term":[{"taxonomy":"product_brand","embeddable":true,"href":"https:\/\/shop.kustom.ch\/fr\/wp-json\/wp\/v2\/product_brand?post=611034"},{"taxonomy":"product_cat","embeddable":true,"href":"https:\/\/shop.kustom.ch\/fr\/wp-json\/wp\/v2\/product_cat?post=611034"},{"taxonomy":"product_tag","embeddable":true,"href":"https:\/\/shop.kustom.ch\/fr\/wp-json\/wp\/v2\/product_tag?post=611034"}],"curies":[{"name":"wp","href":"https:\/\/api.w.org\/{rel}","templated":true}]}}