{"id":611019,"date":"2025-03-06T04:21:20","date_gmt":"2025-03-06T03:21:20","guid":{"rendered":"https:\/\/shop.kustom.ch\/?post_type=product&#038;p=611019"},"modified":"2026-04-01T07:33:54","modified_gmt":"2026-04-01T06:33:54","slug":"fhb-original-benjamin-pu-stretch-regenhose-en-343","status":"publish","type":"product","link":"https:\/\/shop.kustom.ch\/fr\/produit\/fhb-original-benjamin-pu-stretch-regenhose-en-343\/","title":{"rendered":"BENJAMIN Pantalon de pluie PU stretch"},"content":{"rendered":"<p>Protection contre la pluie selon EN 343 3\/1 :<br \/>\nTissu imperm\u00e9able (colonne d'eau 10.000 mm).coutures enti\u00e8rement scell\u00e9es de l'int\u00e9rieur pour emp\u00eacher l'eau de p\u00e9n\u00e9trer.tissu coupe-vent 100% pour une bonne protection contre la p\u00e9n\u00e9tration du froid.<br \/>\nAjustement :<br \/>\nCoupe d\u00e9contract\u00e9e. Id\u00e9al \u00e0 porter sur un pantalon de travail.<br \/>\nR\u00e9glage de la largeur :<br \/>\nLa taille du pantalon peut \u00eatre ajust\u00e9e \u00e0 la largeur id\u00e9ale gr\u00e2ce \u00e0 un large \u00e9lastique et fix\u00e9e par un cordon de serrage.Au bas de la jambe, l'ourlet du pantalon peut \u00eatre ajust\u00e9 \u00e9troitement gr\u00e2ce \u00e0 une languette avec velcro pour emp\u00eacher l'eau de p\u00e9n\u00e9trer.L'\u00e9lastique en haut et le velcro en bas permettent d'enfiler rapidement le pantalon de pluie et de l'enlever quand il ne pleut plus.Ainsi, tu restes flexible et tu peux r\u00e9agir aux conditions m\u00e9t\u00e9orologiques changeantes.<\/p>","protected":false},"excerpt":{"rendered":"<p>Regenschutz nach EN 343 3\/1: Wasserdichtes Gewebe (Wassers\u00e4ule 10.000 mm).Von innen vollst\u00e4ndig versiegelte N\u00e4hte verhindern das Eindringen von Wasser.100% winddichtes Gewebe f\u00fcr einen guten Schutz vor eindringender K\u00e4lte. Passform: Locker geschnitten.Ideal zum Tragen \u00fcber der Arbeitshose. Weitenregulierung: Der Hosenbund kann mit einem breiten Gummizug auf die ideale Weite eigestellt und durch einen Kordelstopper fixiert werden.Am [&hellip;]<\/p>\n","protected":false},"featured_media":671914,"template":"","meta":[],"product_brand":[],"product_cat":[4185],"product_tag":[],"class_list":{"0":"post-611019","1":"product","2":"type-product","3":"status-publish","4":"has-post-thumbnail","6":"product_cat-hosen","7":"pa_brand-fhb","8":"pa_brand-type-workwear","9":"pa_filter-color-anthrazit","10":"pa_filter-color-schwarz","12":"first","13":"instock","14":"sale","15":"taxable","16":"shipping-taxable","17":"purchasable","18":"product-type-variable","19":"add-to-wishlist-before_image"},"exclude_global_add_ons":[],"addons":[],"acf":[],"_links":{"self":[{"href":"https:\/\/shop.kustom.ch\/fr\/wp-json\/wp\/v2\/product\/611019"}],"collection":[{"href":"https:\/\/shop.kustom.ch\/fr\/wp-json\/wp\/v2\/product"}],"about":[{"href":"https:\/\/shop.kustom.ch\/fr\/wp-json\/wp\/v2\/types\/product"}],"wp:featuredmedia":[{"embeddable":true,"href":"https:\/\/shop.kustom.ch\/fr\/wp-json\/wp\/v2\/media\/671914"}],"wp:attachment":[{"href":"https:\/\/shop.kustom.ch\/fr\/wp-json\/wp\/v2\/media?parent=611019"}],"wp:term":[{"taxonomy":"product_brand","embeddable":true,"href":"https:\/\/shop.kustom.ch\/fr\/wp-json\/wp\/v2\/product_brand?post=611019"},{"taxonomy":"product_cat","embeddable":true,"href":"https:\/\/shop.kustom.ch\/fr\/wp-json\/wp\/v2\/product_cat?post=611019"},{"taxonomy":"product_tag","embeddable":true,"href":"https:\/\/shop.kustom.ch\/fr\/wp-json\/wp\/v2\/product_tag?post=611019"}],"curies":[{"name":"wp","href":"https:\/\/api.w.org\/{rel}","templated":true}]}}