{"id":611004,"date":"2025-03-06T04:21:17","date_gmt":"2025-03-06T03:21:17","guid":{"rendered":"https:\/\/shop.kustom.ch\/?post_type=product&#038;p=611004"},"modified":"2026-04-01T07:05:09","modified_gmt":"2026-04-01T06:05:09","slug":"fhb-original-rainer-pu-stretch-regenjacke-en-343","status":"publish","type":"product","link":"https:\/\/shop.kustom.ch\/fr\/produit\/fhb-original-rainer-pu-stretch-regenjacke-en-343\/","title":{"rendered":"Veste de pluie PU stretch RAINER"},"content":{"rendered":"<p>Protection contre la pluie selon EN 343 3\/1 :<br \/>\nTissu imperm\u00e9able (colonne d'eau 10.000 mm).coutures enti\u00e8rement scell\u00e9es de l'int\u00e9rieur pour emp\u00eacher l'eau de p\u00e9n\u00e9trer.tissu coupe-vent 100% pour une bonne protection contre la p\u00e9n\u00e9tration du froid.<br \/>\nCoupe d\u00e9contract\u00e9e :<br \/>\nRainer a une coupe ample.<br \/>\nLa veste de pluie est confortable et ne te g\u00eane pas dans tes mouvements.<br \/>\nDans le cadre d'un syst\u00e8me de couches, Rainer peut \u00eatre port\u00e9 avec une ou deux couches interm\u00e9diaires en dessous.<br \/>\nLes manches sont l\u00e9g\u00e8rement rallong\u00e9es pour que les poignets soient couverts m\u00eame lorsque les bras sont tendus.<br \/>\nLe dos est \u00e9galement l\u00e9g\u00e8rement allong\u00e9 et couvre proprement la zone dorsale, m\u00eame en position pench\u00e9e ou \u00e0 genoux.<br \/>\nCapuche avec visi\u00e8re :<br \/>\nLa capuche est r\u00e9glable et peut \u00eatre adapt\u00e9e au champ de vision.<br \/>\nSous la grande capuche anti-pluie, on peut aussi porter un bonnet ou une capuche de midlayer.<br \/>\nR\u00e9glage de la largeur :<br \/>\nL'ourlet et la capuche peuvent \u00eatre ajust\u00e9s \u00e0 la largeur id\u00e9ale gr\u00e2ce \u00e0 un cordon de serrage et fix\u00e9s par des stoppeurs.<br \/>\nLes manches sont munies d'une patte avec velcro pour ajuster la largeur qui convient.<br \/>\nSacs :<br \/>\n2 poches avant spacieuses avec rabat fermable.<br \/>\nPassants cach\u00e9s sous les pattes de la poche pour fixer les sacoches \u00e0 holster FHB Max et Moritz.<br \/>\nFermetures \u00e0 glissi\u00e8re :<br \/>\nFermeture \u00e0 glissi\u00e8re frontale YKK sur toute la longueur, tr\u00e8s facile \u00e0 utiliser, avec rabat coupe-vent.<\/p>","protected":false},"excerpt":{"rendered":"<p>Regenschutz nach EN 343 3\/1: Wasserdichtes Gewebe (Wassers\u00e4ule 10.000 mm).Von innen vollst\u00e4ndig versiegelte N\u00e4hte verhindern das Eindringen von Wasser.100% winddichtes Gewebe f\u00fcr einen guten Schutz vor eindringender K\u00e4lte. Lockere Passform: Rainer ist locker geschnitten. Die Regenjacke sitzt bequem und schr\u00e4nkt dich in deiner Bewegung nicht ein. Als Teil eines Schichtensystems kann Rainer mit einer oder [&hellip;]<\/p>\n","protected":false},"featured_media":672279,"template":"","meta":[],"product_brand":[],"product_cat":[4186],"product_tag":[],"class_list":{"0":"post-611004","1":"product","2":"type-product","3":"status-publish","4":"has-post-thumbnail","6":"product_cat-jacken","7":"pa_brand-fhb","8":"pa_brand-type-workwear","9":"pa_filter-color-anthrazit","10":"pa_filter-color-schwarz","12":"first","13":"instock","14":"sale","15":"taxable","16":"shipping-taxable","17":"purchasable","18":"product-type-variable","19":"add-to-wishlist-before_image"},"exclude_global_add_ons":[],"addons":[],"acf":[],"_links":{"self":[{"href":"https:\/\/shop.kustom.ch\/fr\/wp-json\/wp\/v2\/product\/611004"}],"collection":[{"href":"https:\/\/shop.kustom.ch\/fr\/wp-json\/wp\/v2\/product"}],"about":[{"href":"https:\/\/shop.kustom.ch\/fr\/wp-json\/wp\/v2\/types\/product"}],"wp:featuredmedia":[{"embeddable":true,"href":"https:\/\/shop.kustom.ch\/fr\/wp-json\/wp\/v2\/media\/672279"}],"wp:attachment":[{"href":"https:\/\/shop.kustom.ch\/fr\/wp-json\/wp\/v2\/media?parent=611004"}],"wp:term":[{"taxonomy":"product_brand","embeddable":true,"href":"https:\/\/shop.kustom.ch\/fr\/wp-json\/wp\/v2\/product_brand?post=611004"},{"taxonomy":"product_cat","embeddable":true,"href":"https:\/\/shop.kustom.ch\/fr\/wp-json\/wp\/v2\/product_cat?post=611004"},{"taxonomy":"product_tag","embeddable":true,"href":"https:\/\/shop.kustom.ch\/fr\/wp-json\/wp\/v2\/product_tag?post=611004"}],"curies":[{"name":"wp","href":"https:\/\/api.w.org\/{rel}","templated":true}]}}