{"id":610956,"date":"2025-03-06T04:20:41","date_gmt":"2025-03-06T03:20:41","guid":{"rendered":"https:\/\/shop.kustom.ch\/?post_type=product&#038;p=610956"},"modified":"2026-04-01T07:05:54","modified_gmt":"2026-04-01T06:05:54","slug":"fhb-original-volker-arbeitsjacke-mit-reflektoren","status":"publish","type":"product","link":"https:\/\/shop.kustom.ch\/fr\/produit\/fhb-original-volker-arbeitsjacke-mit-reflektoren\/","title":{"rendered":"Veste de travail VOLKER avec r\u00e9flecteurs"},"content":{"rendered":"<p>Ajustement :<br \/>\nVolker a une coupe large et droite.<br \/>\nCette veste de travail confortable est ample et te laisse une totale libert\u00e9 de mouvement.<br \/>\nLes poignets et l'ourlet tricot\u00e9s assurent un bon maintien et une bonne finition de la veste de travail.La veste est l\u00e9g\u00e8rement plus longue et couvre proprement la zone dorsale, m\u00eame en position pench\u00e9e ou \u00e0 genoux, ce qui est particuli\u00e8rement agr\u00e9able les jours de grand froid.<br \/>\nCol haut :<br \/>\nLe col haut prot\u00e8ge du vent froid.<br \/>\nPour le col int\u00e9rieur, on utilise une polaire agr\u00e9ablement douce et chaude.<br \/>\nDoublure int\u00e9rieure :<br \/>\nLa doublure en fourrure tiss\u00e9e et le polaire sur le col r\u00e9chauffent les temp\u00e9ratures d\u00e9sagr\u00e9ables.<br \/>\nProtection contre la pluie :<br \/>\nLe tissu particuli\u00e8rement r\u00e9sistant est hydrofuge et respirant.<br \/>\nEn cas d'averse surprenante et br\u00e8ve, tu ne seras pas imm\u00e9diatement tremp\u00e9.<br \/>\nSacs :<br \/>\n2 poches frontales spacieuses, recouvertes d'un rabat et pouvant \u00eatre ferm\u00e9es par velcro.Derri\u00e8re les deux poches frontales se trouvent des poches lat\u00e9rales ouvertes \u00e0 large ouverture.1 grande poche poitrine avec fermeture \u00e9clair.1 poche sur le bras gauche avec fermeture \u00e9clair.Poche \u00e0 crayons avec 3 compartiments sur le devant \u00e0 droite.1 poche int\u00e9rieure avec fermeture \u00e9clair.<br \/>\nFermetures \u00e0 glissi\u00e8re fonctionnelles :<br \/>\nFermeture \u00e0 glissi\u00e8re frontale YKK tr\u00e8s robuste et facile \u00e0 manipuler, avec un zip prolong\u00e9 pour pouvoir l'utiliser avec des gants.<br \/>\nLe zip est moul\u00e9 et a un grip \u00e0 l'int\u00e9rieur.<br \/>\nTon logo :<br \/>\nBonne possibilit\u00e9 de d\u00e9coration dans le dos, sur le c\u00f4t\u00e9 droit de la poitrine et sur la manche droite... Mat\u00e9riau : 100% polyester<\/p>","protected":false},"excerpt":{"rendered":"<p>Passform: Volker ist weit und gerade geschnitten. Die bequeme Arbeitsjacke sitzt locker und gibt dir volle Bewegungsfreiheit. Strickbund am \u00c4rmel und Saum sorgen f\u00fcr einen guten Sitz und Abschluss der Arbeitsjacke.Die Jacke ist etwas l\u00e4nger geschnitten und deckt auch bei gebeugter oder kniender Haltung den R\u00fcckbereich sauber ab, was insbesondere an k\u00e4lteren Tagen sehr angenehm [&hellip;]<\/p>\n","protected":false},"featured_media":672332,"template":"","meta":[],"product_brand":[],"product_cat":[4186],"product_tag":[],"class_list":{"0":"post-610956","1":"product","2":"type-product","3":"status-publish","4":"has-post-thumbnail","6":"product_cat-jacken","7":"pa_brand-fhb","8":"pa_brand-type-workwear","9":"pa_filter-color-anthrazit","10":"pa_filter-color-marine","11":"pa_filter-color-schwarz","13":"first","14":"instock","15":"sale","16":"taxable","17":"shipping-taxable","18":"purchasable","19":"product-type-variable","20":"add-to-wishlist-before_image"},"exclude_global_add_ons":[],"addons":[],"acf":[],"_links":{"self":[{"href":"https:\/\/shop.kustom.ch\/fr\/wp-json\/wp\/v2\/product\/610956"}],"collection":[{"href":"https:\/\/shop.kustom.ch\/fr\/wp-json\/wp\/v2\/product"}],"about":[{"href":"https:\/\/shop.kustom.ch\/fr\/wp-json\/wp\/v2\/types\/product"}],"wp:featuredmedia":[{"embeddable":true,"href":"https:\/\/shop.kustom.ch\/fr\/wp-json\/wp\/v2\/media\/672332"}],"wp:attachment":[{"href":"https:\/\/shop.kustom.ch\/fr\/wp-json\/wp\/v2\/media?parent=610956"}],"wp:term":[{"taxonomy":"product_brand","embeddable":true,"href":"https:\/\/shop.kustom.ch\/fr\/wp-json\/wp\/v2\/product_brand?post=610956"},{"taxonomy":"product_cat","embeddable":true,"href":"https:\/\/shop.kustom.ch\/fr\/wp-json\/wp\/v2\/product_cat?post=610956"},{"taxonomy":"product_tag","embeddable":true,"href":"https:\/\/shop.kustom.ch\/fr\/wp-json\/wp\/v2\/product_tag?post=610956"}],"curies":[{"name":"wp","href":"https:\/\/api.w.org\/{rel}","templated":true}]}}