{"id":610716,"date":"2025-03-06T04:18:26","date_gmt":"2025-03-06T03:18:26","guid":{"rendered":"https:\/\/shop.kustom.ch\/?post_type=product&#038;p=610716"},"modified":"2026-04-01T07:27:39","modified_gmt":"2026-04-01T06:27:39","slug":"fhb-original-edelgard-roehren-zunfthose","status":"publish","type":"product","link":"https:\/\/shop.kustom.ch\/fr\/produit\/fhb-original-edelgard-roehren-zunfthose\/","title":{"rendered":"EDELGARD Pantalon de travail tubulaire"},"content":{"rendered":"<p>Ajustement :<br \/>\nCoupe droite en forme de tube.<br \/>\nCoupe plus \u00e9troite que les pantalons de travail classiques.<br \/>\nTour de pied :<br \/>\n36 cm<br \/>\nSacs :<br \/>\n2 poches m\u00e8tre1 poche arri\u00e8re2 poches ouvertes sur le devantPoches noires-Pastilles en similicuir<br \/>\nFermetures \u00e0 glissi\u00e8re :<br \/>\nFermetures \u00e0 glissi\u00e8re fonctionnelles de haute qualit\u00e9 de YKK en noir mat \u00e9l\u00e9gant, particuli\u00e8rement faciles \u00e0 manier et robustes.<br \/>\nR\u00e9glage de la largeur :<br \/>\nLa taille du pantalon peut \u00eatre r\u00e9gl\u00e9e individuellement \u00e0 l'aide de 2 sangles \u00e0 boucle.<br \/>\nPassants de ceinture :<br \/>\nPassants de ceinture de 2 cm de large. Les passants de ceinture ont l'espacement appropri\u00e9 pour les sacoches \u00e0 holster FHB Max et Moritz.<br \/>\ntraitement :<br \/>\nDouble surpiq\u00fbre au niveau des fesses pour renforcer le pantalon et am\u00e9liorer la r\u00e9sistance \u00e0 la d\u00e9chirure... Mati\u00e8re : 100% coton<\/p>","protected":false},"excerpt":{"rendered":"<p>Passform: Gerader Schnitt in R\u00f6hren-Form. Schmaler geschnitten als klassische Zunfthosen.Die Zunfthose sitzt k\u00f6rpernah, aber nicht hauteng. Fussweitenumfang: 36 cm Taschen: 2 Zollstocktaschen1 Ges\u00e4sstasche2 offene Einschubtaschen vorneSchwarze Taschen-Kunstleder-Paspelierung Reissverschl\u00fcsse: Hochwertige Funktionsreissverschl\u00fcsse von YKK in edlem mattschwarz \u0096 besonders leichtg\u00e4ngig und robust. Weitenregulierung: Die Bundweite der Hose l\u00e4sst sich mit 2 Schnallgurten individuell einstellen. G\u00fcrtelschlaufen: 2 cm [&hellip;]<\/p>\n","protected":false},"featured_media":671979,"template":"","meta":[],"product_brand":[],"product_cat":[4185],"product_tag":[],"class_list":{"0":"post-610716","1":"product","2":"type-product","3":"status-publish","4":"has-post-thumbnail","6":"product_cat-hosen","7":"pa_brand-fhb","8":"pa_brand-type-workwear","9":"pa_filter-color-schwarz","11":"first","12":"instock","13":"sale","14":"taxable","15":"shipping-taxable","16":"purchasable","17":"product-type-variable","18":"add-to-wishlist-before_image"},"exclude_global_add_ons":[],"addons":[],"acf":[],"_links":{"self":[{"href":"https:\/\/shop.kustom.ch\/fr\/wp-json\/wp\/v2\/product\/610716"}],"collection":[{"href":"https:\/\/shop.kustom.ch\/fr\/wp-json\/wp\/v2\/product"}],"about":[{"href":"https:\/\/shop.kustom.ch\/fr\/wp-json\/wp\/v2\/types\/product"}],"wp:featuredmedia":[{"embeddable":true,"href":"https:\/\/shop.kustom.ch\/fr\/wp-json\/wp\/v2\/media\/671979"}],"wp:attachment":[{"href":"https:\/\/shop.kustom.ch\/fr\/wp-json\/wp\/v2\/media?parent=610716"}],"wp:term":[{"taxonomy":"product_brand","embeddable":true,"href":"https:\/\/shop.kustom.ch\/fr\/wp-json\/wp\/v2\/product_brand?post=610716"},{"taxonomy":"product_cat","embeddable":true,"href":"https:\/\/shop.kustom.ch\/fr\/wp-json\/wp\/v2\/product_cat?post=610716"},{"taxonomy":"product_tag","embeddable":true,"href":"https:\/\/shop.kustom.ch\/fr\/wp-json\/wp\/v2\/product_tag?post=610716"}],"curies":[{"name":"wp","href":"https:\/\/api.w.org\/{rel}","templated":true}]}}