{"id":610658,"date":"2025-03-06T04:17:41","date_gmt":"2025-03-06T03:17:41","guid":{"rendered":"https:\/\/shop.kustom.ch\/?post_type=product&#038;p=610658"},"modified":"2026-04-01T07:18:14","modified_gmt":"2026-04-01T06:18:14","slug":"fhb-original-jochen-zunft-bermuda-zwirn-doppel-pilot","status":"publish","type":"product","link":"https:\/\/shop.kustom.ch\/fr\/produit\/fhb-original-jochen-zunft-bermuda-zwirn-doppel-pilot\/","title":{"rendered":"JOCHEN Bermuda de corporation Torsad\u00e9-Pilote double"},"content":{"rendered":"<p>Ajustement :<br \/>\nLa ceinture du pantalon est plus large que celle d'un pantalon normal, ce qui permet au pantalon de rester bien en place et de rester \u00e0 sa place, m\u00eame en mouvement.<br \/>\nLes rabats avec crochets et \u0153illets derri\u00e8re les fermetures \u00e0 glissi\u00e8re assurent une tenue stable et emp\u00eachent tout glissement lors des mouvements.<br \/>\nLongueur d'entrejambe :<br \/>\nJochen a une longueur d'entrejambe de 31 cm pour une taille 50.<br \/>\nLe pantalon descend jusqu'aux genoux.<br \/>\nSacs :<br \/>\nPoche pour m\u00e8tre pliant et stylo de chaque c\u00f4t\u00e9 du pantalon.<br \/>\nAinsi, le m\u00e8tre pliant et le stylo sont toujours \u00e0 port\u00e9e de main, de la main droite ou de la main gauche.<br \/>\nLes poches fixes sont fabriqu\u00e9es dans un tissu de doublure r\u00e9sistant (300 g\/m\u00b2).<br \/>\n1 poche arri\u00e8re avec bouton. Les passants de ceinture ont la distance appropri\u00e9e pour les sacoches \u00e0 holster FHB Max et Moritz.<br \/>\nFermetures \u00e0 glissi\u00e8re :<br \/>\nLes fermetures \u00e0 glissi\u00e8re dor\u00e9es et extra-larges de YKK avec des embouts massifs sont particuli\u00e8rement robustes et durables.<br \/>\ntraitement :<br \/>\nDes coutures fessi\u00e8res robustes \u00e0 double piq\u00fbre renforcent le pantalon pour une dur\u00e9e de vie extra longue.<br \/>\nLes coins en cuir synth\u00e9tique cousus deux fois prot\u00e8gent les coins du sac de l'arrachement, m\u00eame en cas de forte sollicitation. Les bords du sac en cuir synth\u00e9tique r\u00e9sistant renforcent la prise du sac et le prot\u00e8gent d'une usure pr\u00e9matur\u00e9e.<br \/>\nTon logo :<br \/>\nBonnes possibilit\u00e9s de finition pour que ton logo soit parfaitement plac\u00e9... Mati\u00e8re : 100% coton<\/p>","protected":false},"excerpt":{"rendered":"<p>Passform: Die Zunftshorts ist bequem geschnitten und sitzt angenehm locker.Der Hosenbund ist breiter als bei normalen Hosen, was daf\u00fcr sorgt, dass die Hose gut sitzt und auch in der Bewegung da bleibt, wo sie hingeh\u00f6rt. Zudem ist der Bund formstabil und sitzt immer so wie am ersten Tag.Die Klappen mit Haken und \u00d6sen hinter den [&hellip;]<\/p>\n","protected":false},"featured_media":672144,"template":"","meta":[],"product_brand":[],"product_cat":[4185],"product_tag":[],"class_list":{"0":"post-610658","1":"product","2":"type-product","3":"status-publish","4":"has-post-thumbnail","6":"product_cat-hosen","7":"pa_brand-fhb","8":"pa_brand-type-workwear","9":"pa_filter-color-grau","10":"pa_filter-color-schwarz","11":"pa_filter-color-weiss","13":"first","14":"instock","15":"sale","16":"taxable","17":"shipping-taxable","18":"purchasable","19":"product-type-variable","20":"add-to-wishlist-before_image"},"exclude_global_add_ons":[],"addons":[],"acf":[],"_links":{"self":[{"href":"https:\/\/shop.kustom.ch\/fr\/wp-json\/wp\/v2\/product\/610658"}],"collection":[{"href":"https:\/\/shop.kustom.ch\/fr\/wp-json\/wp\/v2\/product"}],"about":[{"href":"https:\/\/shop.kustom.ch\/fr\/wp-json\/wp\/v2\/types\/product"}],"wp:featuredmedia":[{"embeddable":true,"href":"https:\/\/shop.kustom.ch\/fr\/wp-json\/wp\/v2\/media\/672144"}],"wp:attachment":[{"href":"https:\/\/shop.kustom.ch\/fr\/wp-json\/wp\/v2\/media?parent=610658"}],"wp:term":[{"taxonomy":"product_brand","embeddable":true,"href":"https:\/\/shop.kustom.ch\/fr\/wp-json\/wp\/v2\/product_brand?post=610658"},{"taxonomy":"product_cat","embeddable":true,"href":"https:\/\/shop.kustom.ch\/fr\/wp-json\/wp\/v2\/product_cat?post=610658"},{"taxonomy":"product_tag","embeddable":true,"href":"https:\/\/shop.kustom.ch\/fr\/wp-json\/wp\/v2\/product_tag?post=610658"}],"curies":[{"name":"wp","href":"https:\/\/api.w.org\/{rel}","templated":true}]}}