{"id":610465,"date":"2025-03-06T04:15:43","date_gmt":"2025-03-06T03:15:43","guid":{"rendered":"https:\/\/shop.kustom.ch\/?post_type=product&#038;p=610465"},"modified":"2026-04-01T07:39:37","modified_gmt":"2026-04-01T06:39:37","slug":"fhb-original-torge-arbeitshose","status":"publish","type":"product","link":"https:\/\/shop.kustom.ch\/fr\/produit\/fhb-original-torge-arbeitshose\/","title":{"rendered":"Pantalon de travail TORGE"},"content":{"rendered":"<p>Ajustement :<br \/>\nCoupe extra confortable avec beaucoup d'espace et de libert\u00e9 de mouvement.<br \/>\nTorge a une coupe droite et se porte de mani\u00e8re d\u00e9contract\u00e9e. La taille plus haute \u00e0 l'arri\u00e8re am\u00e9liore le confort et permet de couvrir agr\u00e9ablement le dos, m\u00eame au niveau des genoux.<br \/>\nTour de pied :<br \/>\n44 cm<br \/>\nSacs :<br \/>\n1 poche plaqu\u00e9e pour t\u00e9l\u00e9phone portable \u00e0 l'avant gauche.<br \/>\nIl mesure 13 cm de haut et 8,5 cm de large et convient donc \u00e9galement aux smartphones de grande taille.<br \/>\nLa poche pour t\u00e9l\u00e9phone portable peut \u00eatre ferm\u00e9e \u00e0 l'aide d'un rabat, y compris le rabat de fermeture.<br \/>\n1 poche couteau plaqu\u00e9e sur le devant \u00e0 droite.1 poche m\u00e8tre et stylo plaqu\u00e9e \u00e0 droite.2 poches arri\u00e8re ouvertes et spacieuses.2 poches ins\u00e9r\u00e9es ouvertes sur le devant.2 passants pour outils \u00e0 l'arri\u00e8re sous les passants de ceinture, par exemple pour un marteau.Gr\u00e2ce \u00e0 la construction sp\u00e9ciale des poches, tous les sacs \u00e0 main sont \u00e9galement fabriqu\u00e9s dans un tissu ext\u00e9rieur incroyablement r\u00e9sistant en cuir anglais (520g\/m\u00b2).<br \/>\nPassants de ceinture :<br \/>\nPassants de ceinture extra larges de 2 cm. Les passants de ceinture ont l'espacement appropri\u00e9 pour les sacoches \u00e0 holster FHB Max et Moritz.<br \/>\ntraitement :<br \/>\nLes coutures arri\u00e8re \u00e0 triple piq\u00fbre renforcent le pantalon et am\u00e9liorent ainsi sa r\u00e9sistance \u00e0 la d\u00e9chirure... Mati\u00e8re : 100% coton<\/p>","protected":false},"excerpt":{"rendered":"<p>Passform: Extra bequeme Passform mit reichlich Spielraum und Bewegungsfreiheit. Torge ist gerade geschnitten und sitzt locker am K\u00f6rper.Der h\u00f6her gezogene Bund hinten verbessert das Tragegef\u00fchl und sorgt daf\u00fcr, dass der R\u00fccken auch im Knien angenehm bedeckt ist. Fussweitenumfang: 44 cm Taschen: 1 aufgesetzte Handytasche vorne links. Sie ist 13 cm hoch und 8,5 cm breit [&hellip;]<\/p>\n","protected":false},"featured_media":672325,"template":"","meta":[],"product_brand":[],"product_cat":[4185],"product_tag":[],"class_list":{"0":"post-610465","1":"product","2":"type-product","3":"status-publish","4":"has-post-thumbnail","6":"product_cat-hosen","7":"pa_brand-fhb","8":"pa_brand-type-workwear","9":"pa_filter-color-schwarz","11":"first","12":"instock","13":"sale","14":"taxable","15":"shipping-taxable","16":"purchasable","17":"product-type-variable","18":"add-to-wishlist-before_image"},"exclude_global_add_ons":[],"addons":[],"acf":[],"_links":{"self":[{"href":"https:\/\/shop.kustom.ch\/fr\/wp-json\/wp\/v2\/product\/610465"}],"collection":[{"href":"https:\/\/shop.kustom.ch\/fr\/wp-json\/wp\/v2\/product"}],"about":[{"href":"https:\/\/shop.kustom.ch\/fr\/wp-json\/wp\/v2\/types\/product"}],"wp:featuredmedia":[{"embeddable":true,"href":"https:\/\/shop.kustom.ch\/fr\/wp-json\/wp\/v2\/media\/672325"}],"wp:attachment":[{"href":"https:\/\/shop.kustom.ch\/fr\/wp-json\/wp\/v2\/media?parent=610465"}],"wp:term":[{"taxonomy":"product_brand","embeddable":true,"href":"https:\/\/shop.kustom.ch\/fr\/wp-json\/wp\/v2\/product_brand?post=610465"},{"taxonomy":"product_cat","embeddable":true,"href":"https:\/\/shop.kustom.ch\/fr\/wp-json\/wp\/v2\/product_cat?post=610465"},{"taxonomy":"product_tag","embeddable":true,"href":"https:\/\/shop.kustom.ch\/fr\/wp-json\/wp\/v2\/product_tag?post=610465"}],"curies":[{"name":"wp","href":"https:\/\/api.w.org\/{rel}","templated":true}]}}