{"id":610363,"date":"2025-03-06T04:15:00","date_gmt":"2025-03-06T03:15:00","guid":{"rendered":"https:\/\/shop.kustom.ch\/?post_type=product&#038;p=610363"},"modified":"2026-04-01T07:36:51","modified_gmt":"2026-04-01T06:36:51","slug":"fhb-original-hubert-zunfthose-zwirn-doppel-pilot","status":"publish","type":"product","link":"https:\/\/shop.kustom.ch\/fr\/produit\/fhb-original-hubert-zunfthose-zwirn-doppel-pilot\/","title":{"rendered":"Pantalon de travail HUBERT double fil pilote"},"content":{"rendered":"<p>Ajustement :<br \/>\nLe pantalon de corporation a une coupe confortable et est agr\u00e9ablement ample. Le pantalon de corporation est un peu plus large au niveau des cuisses, afin qu'il ne te g\u00eane pas dans tes mouvements, m\u00eame avec un m\u00e8tre pliant dans la poche lat\u00e9rale. La ceinture du pantalon est plus large que celle d'un pantalon normal, ce qui permet au pantalon de rester bien en place et de rester \u00e0 sa place, m\u00eame en mouvement.<br \/>\nLes rabats avec crochets et \u0153illets derri\u00e8re les fermetures \u00e0 glissi\u00e8re assurent une tenue stable et emp\u00eachent tout glissement lors des mouvements.<br \/>\nForme du pantalon :<br \/>\nCoupe droite, sans battement.<br \/>\nTour de pied :<br \/>\n48 cm<br \/>\nSacs :<br \/>\nPoches \u00e0 m\u00e8tre pliant de chaque c\u00f4t\u00e9 du pantalon.<br \/>\nAinsi, le m\u00e8tre pliant et le stylo sont toujours \u00e0 port\u00e9e de main, de la main droite ou de la main gauche.<br \/>\nLes poches fixes sont fabriqu\u00e9es \u00e0 partir d'une doublure r\u00e9sistante.<br \/>\n1 poche arri\u00e8re avec bouton. Les passants de ceinture ont la distance appropri\u00e9e pour les sacoches \u00e0 holster FHB Max et Moritz.<br \/>\nFermetures \u00e0 glissi\u00e8re :<br \/>\nLes fermetures \u00e0 glissi\u00e8re dor\u00e9es et extra-larges de YKK avec des embouts massifs sont particuli\u00e8rement robustes et durables.<br \/>\ntraitement :<br \/>\nDes coins en cuir synth\u00e9tique cousus deux fois prot\u00e8gent les coins des poches contre l'arrachement, m\u00eame en cas de forte sollicitation.Les bords des poches en cuir synth\u00e9tique r\u00e9sistant renforcent la prise des poches et prot\u00e8gent contre une usure pr\u00e9matur\u00e9e.Des coutures fessi\u00e8res robustes, cousues deux fois, renforcent le pantalon pour une dur\u00e9e de vie extra longue.<br \/>\nNous utilisons \u00e9galement un fil particuli\u00e8rement r\u00e9sistant \u00e0 la d\u00e9chirure, avec une gaine en coton et une \u00e2me en polyester.<br \/>\nFamille de produits :<br \/>\nHubert fait partie d'une grande famille de produits comprenant des pantalons et des gilets de m\u00e9tiers pour hommes et femmes, avec le m\u00eame design et le m\u00eame mat\u00e9riau ext\u00e9rieur.<br \/>\nTu peux ainsi t'habiller ou habiller toute une \u00e9quipe d'un seul tenant.<br \/>\nTon logo :<br \/>\nBonnes possibilit\u00e9s de finition pour que ton logo soit parfaitement plac\u00e9... Mati\u00e8re : 100% coton<\/p>","protected":false},"excerpt":{"rendered":"<p>Passform: Die Zunfthose ist bequem geschnitten und sitzt angenehm locker.An den Oberschenkeln ist die Zunfthose etwas weiter geschnitten, damit sie dich auch mit Zollstock in der seitlichen Tasche nicht in der Bewegung einschr\u00e4nkt.Der Hosenbund ist breiter als bei normalen Hosen, was daf\u00fcr sorgt, dass die Hose gut sitzt und auch in der Bewegung da bleibt, [&hellip;]<\/p>\n","protected":false},"featured_media":672107,"template":"","meta":[],"product_brand":[],"product_cat":[4185],"product_tag":[],"class_list":{"0":"post-610363","1":"product","2":"type-product","3":"status-publish","4":"has-post-thumbnail","6":"product_cat-hosen","7":"pa_brand-fhb","8":"pa_brand-type-workwear","9":"pa_filter-color-grau","10":"pa_filter-color-schwarz","11":"pa_filter-color-weiss","13":"first","14":"instock","15":"sale","16":"taxable","17":"shipping-taxable","18":"purchasable","19":"product-type-variable","20":"add-to-wishlist-before_image"},"exclude_global_add_ons":[],"addons":[],"acf":[],"_links":{"self":[{"href":"https:\/\/shop.kustom.ch\/fr\/wp-json\/wp\/v2\/product\/610363"}],"collection":[{"href":"https:\/\/shop.kustom.ch\/fr\/wp-json\/wp\/v2\/product"}],"about":[{"href":"https:\/\/shop.kustom.ch\/fr\/wp-json\/wp\/v2\/types\/product"}],"wp:featuredmedia":[{"embeddable":true,"href":"https:\/\/shop.kustom.ch\/fr\/wp-json\/wp\/v2\/media\/672107"}],"wp:attachment":[{"href":"https:\/\/shop.kustom.ch\/fr\/wp-json\/wp\/v2\/media?parent=610363"}],"wp:term":[{"taxonomy":"product_brand","embeddable":true,"href":"https:\/\/shop.kustom.ch\/fr\/wp-json\/wp\/v2\/product_brand?post=610363"},{"taxonomy":"product_cat","embeddable":true,"href":"https:\/\/shop.kustom.ch\/fr\/wp-json\/wp\/v2\/product_cat?post=610363"},{"taxonomy":"product_tag","embeddable":true,"href":"https:\/\/shop.kustom.ch\/fr\/wp-json\/wp\/v2\/product_tag?post=610363"}],"curies":[{"name":"wp","href":"https:\/\/api.w.org\/{rel}","templated":true}]}}