{"id":609219,"date":"2025-03-05T05:11:34","date_gmt":"2025-03-05T04:11:34","guid":{"rendered":"https:\/\/shop.kustom.ch\/?post_type=product&#038;p=609219"},"modified":"2026-04-01T07:30:41","modified_gmt":"2026-04-01T06:30:41","slug":"fhb-original-uwe-zunftsakko-trenkercord","status":"publish","type":"product","link":"https:\/\/shop.kustom.ch\/fr\/produit\/fhb-original-uwe-zunftsakko-trenkercord\/","title":{"rendered":"Veste de corporation UWE Trenkercord"},"content":{"rendered":"<p>Ajustement :<br \/>\nCoupe d\u00e9contract\u00e9e, coupe droite.<br \/>\nBoutons :<br \/>\nBoutons en imitation nacre.<br \/>\nSacs :<br \/>\n2 poches \u00e0 rabat.1 poche poitrine ouverte.2 poches int\u00e9rieures avec fermeture velcro.<br \/>\ncol :<br \/>\nCol \u00e0 revers classique.<br \/>\ntraitement :<br \/>\nCoutures particuli\u00e8rement robustes pour une dur\u00e9e de vie extra longue.<br \/>\nLes boutons sont cousus sur tige, puis envelopp\u00e9s sous tension d'un fil thermofixant \u00e9lastique sp\u00e9cial, appel\u00e9 ascolite.<br \/>\nCe proc\u00e9d\u00e9 Ascolite a \u00e9t\u00e9 d\u00e9velopp\u00e9 pour r\u00e9soudre le probl\u00e8me des boutons qui se d\u00e9tachent et pour augmenter la durabilit\u00e9 des gilets de la guilde.<br \/>\nFamille de produits :<br \/>\nUwe fait partie d'une grande famille de produits compos\u00e9e de gilets et de pantalons de m\u00e9tier au m\u00eame design et au m\u00eame mat\u00e9riau ext\u00e9rieur.<br \/>\nTu peux ainsi te composer une tenue chic compl\u00e8te.<br \/>\nTon logo :<br \/>\nBonnes possibilit\u00e9s de finition pour que ton logo soit parfaitement plac\u00e9... Mati\u00e8re : 70% coton, 30% polyester<\/p>","protected":false},"excerpt":{"rendered":"<p>Passform: Lockere Passform, gerader Schnitt. Kn\u00f6pfe: Traditionell zweireihig, sechskn\u00f6pfig.Perlmuttimitatkn\u00f6pfe. Taschen: 2 Pattentaschen.1 offene Brusttasche.2 Innentaschen mit Klettverschluss. Kragen: Klassischer Reverskragen. Verarbeitung: Besonders robuste N\u00e4hte f\u00fcr eine extra lange Lebensdauer. Die Kn\u00f6pfe werden auf Stiel gen\u00e4ht und anschliessend mit einem speziellen, elastischen Thermofixiergarn, dem sogenannten Ascolite, unter Spannung umwickelt. Dieses Ascolite-Verfahren wurde entwickelt, um das Problem [&hellip;]<\/p>\n","protected":false},"featured_media":672329,"template":"","meta":[],"product_brand":[],"product_cat":[4186],"product_tag":[],"class_list":{"0":"post-609219","1":"product","2":"type-product","3":"status-publish","4":"has-post-thumbnail","6":"product_cat-jacken","7":"pa_brand-fhb","8":"pa_brand-type-workwear","9":"pa_filter-color-schwarz","11":"first","12":"instock","13":"sale","14":"taxable","15":"shipping-taxable","16":"purchasable","17":"product-type-variable","18":"add-to-wishlist-before_image"},"exclude_global_add_ons":[],"addons":[],"acf":[],"_links":{"self":[{"href":"https:\/\/shop.kustom.ch\/fr\/wp-json\/wp\/v2\/product\/609219"}],"collection":[{"href":"https:\/\/shop.kustom.ch\/fr\/wp-json\/wp\/v2\/product"}],"about":[{"href":"https:\/\/shop.kustom.ch\/fr\/wp-json\/wp\/v2\/types\/product"}],"wp:featuredmedia":[{"embeddable":true,"href":"https:\/\/shop.kustom.ch\/fr\/wp-json\/wp\/v2\/media\/672329"}],"wp:attachment":[{"href":"https:\/\/shop.kustom.ch\/fr\/wp-json\/wp\/v2\/media?parent=609219"}],"wp:term":[{"taxonomy":"product_brand","embeddable":true,"href":"https:\/\/shop.kustom.ch\/fr\/wp-json\/wp\/v2\/product_brand?post=609219"},{"taxonomy":"product_cat","embeddable":true,"href":"https:\/\/shop.kustom.ch\/fr\/wp-json\/wp\/v2\/product_cat?post=609219"},{"taxonomy":"product_tag","embeddable":true,"href":"https:\/\/shop.kustom.ch\/fr\/wp-json\/wp\/v2\/product_tag?post=609219"}],"curies":[{"name":"wp","href":"https:\/\/api.w.org\/{rel}","templated":true}]}}