{"id":608690,"date":"2025-03-05T05:05:15","date_gmt":"2025-03-05T04:05:15","guid":{"rendered":"https:\/\/shop.kustom.ch\/?post_type=product&#038;p=608690"},"modified":"2026-04-01T07:22:36","modified_gmt":"2026-04-01T06:22:36","slug":"fhb-original-hinnerk-seemanns-troyer","status":"publish","type":"product","link":"https:\/\/shop.kustom.ch\/fr\/produit\/fhb-original-hinnerk-seemanns-troyer\/","title":{"rendered":"HINNERK Troyeur de marin"},"content":{"rendered":"<p>D\u00e9tendu :<br \/>\nCette marini\u00e8re d\u00e9contract\u00e9e a une coupe pr\u00e8s du corps avec un double col montant tricot\u00e9.<br \/>\nIl est agr\u00e9ablement ample et d\u00e9contract\u00e9 pour une libert\u00e9 de mouvement optimale.<br \/>\nLe troyer est l\u00e9g\u00e8rement plus long que la normale vers le bas.<br \/>\nLe col \u00e9pouse la forme du cou (sans le comprimer) et prot\u00e8ge du froid.<br \/>\nChaud<br \/>\nLe troyer est fabriqu\u00e9 dans un tissu tricot\u00e9 lourd et tr\u00e8s chaud avec de la laine vierge 80%.<br \/>\nCelle-ci a la particularit\u00e9 d'\u00eatre agr\u00e9ablement chaude m\u00eame lorsqu'elle est humide, ce qui la rend id\u00e9ale pour les travaux en ext\u00e9rieur.<br \/>\nLa laine vierge est naturellement anti-odeurs, respirante et r\u00e9gule la temp\u00e9rature.<br \/>\nTu peux donc porter ce troyer presque toute l'ann\u00e9e.<br \/>\nIl peut \u00eatre port\u00e9 plusieurs fois sans devoir n\u00e9cessairement \u00eatre lav\u00e9.<br \/>\nUne simple a\u00e9ration pendant la nuit suffit.<br \/>\nRobuste :<br \/>\nDu polyacrylique 20% est incorpor\u00e9 dans le tissu tricot\u00e9, ce qui augmente consid\u00e9rablement sa r\u00e9sistance et sa stabilit\u00e9 dimensionnelle.<br \/>\nLe tissu tricot\u00e9 est r\u00e9sistant \u00e0 l'eau de mer et supporte le contact avec l'eau sal\u00e9e.<br \/>\nUn caract\u00e8re bien tremp\u00e9 :<br \/>\nNotre c\u00e9l\u00e8bre marini\u00e8re au motif tricot\u00e9 caract\u00e9ristique est soigneusement travaill\u00e9e dans le d\u00e9tail avec de beaux d\u00e9tails de couture tricot\u00e9s.<br \/>\nAdapt\u00e9 \u00e0 la vie quotidienne :<br \/>\nPour les loisirs, Hinnerk se combine id\u00e9alement avec un jean et des bottes gr\u00e2ce \u00e0 son design r\u00e9duit et intemporel... Mati\u00e8re : 80% laine vierge, 20% polyacrylique<\/p>","protected":false},"excerpt":{"rendered":"<p>Entspannt: Der l\u00e4ssige Seemannstroyer hat eine k\u00f6rpernahe Passform mit doppelt gestricktem Stehkragen. Er sitzt angenehm locker und entspannt f\u00fcr eine optimale Bewegungsfreiheit. Der Troyer ist nach unten etwas l\u00e4nger geschnitten als normal. Dadurch wird auch bei gebeugter oder kniender Haltung der R\u00fcckenbereich sauber abgedeckt, was insbesondere an k\u00e4lteren Tagen sehr angenehm ist.Der Kragen schmiegt sich [&hellip;]<\/p>\n","protected":false},"featured_media":672100,"template":"","meta":[],"product_brand":[],"product_cat":[4191],"product_tag":[],"class_list":{"0":"post-608690","1":"product","2":"type-product","3":"status-publish","4":"has-post-thumbnail","6":"product_cat-longsleeves-sweatshirts","7":"pa_brand-fhb","8":"pa_brand-type-workwear","9":"pa_filter-color-anthrazit","10":"pa_filter-color-braun","11":"pa_filter-color-grau","12":"pa_filter-color-marine","13":"pa_filter-color-schwarz","15":"first","16":"instock","17":"sale","18":"taxable","19":"shipping-taxable","20":"purchasable","21":"product-type-variable","22":"add-to-wishlist-before_image"},"exclude_global_add_ons":[],"addons":[],"acf":[],"_links":{"self":[{"href":"https:\/\/shop.kustom.ch\/fr\/wp-json\/wp\/v2\/product\/608690"}],"collection":[{"href":"https:\/\/shop.kustom.ch\/fr\/wp-json\/wp\/v2\/product"}],"about":[{"href":"https:\/\/shop.kustom.ch\/fr\/wp-json\/wp\/v2\/types\/product"}],"wp:featuredmedia":[{"embeddable":true,"href":"https:\/\/shop.kustom.ch\/fr\/wp-json\/wp\/v2\/media\/672100"}],"wp:attachment":[{"href":"https:\/\/shop.kustom.ch\/fr\/wp-json\/wp\/v2\/media?parent=608690"}],"wp:term":[{"taxonomy":"product_brand","embeddable":true,"href":"https:\/\/shop.kustom.ch\/fr\/wp-json\/wp\/v2\/product_brand?post=608690"},{"taxonomy":"product_cat","embeddable":true,"href":"https:\/\/shop.kustom.ch\/fr\/wp-json\/wp\/v2\/product_cat?post=608690"},{"taxonomy":"product_tag","embeddable":true,"href":"https:\/\/shop.kustom.ch\/fr\/wp-json\/wp\/v2\/product_tag?post=608690"}],"curies":[{"name":"wp","href":"https:\/\/api.w.org\/{rel}","templated":true}]}}