{"id":608652,"date":"2025-03-05T05:04:27","date_gmt":"2025-03-05T04:04:27","guid":{"rendered":"https:\/\/shop.kustom.ch\/?post_type=product&#038;p=608652"},"modified":"2026-04-01T07:28:02","modified_gmt":"2026-04-01T06:28:02","slug":"fhb-original-alain-franzoesische-zunfthose-cord","status":"publish","type":"product","link":"https:\/\/shop.kustom.ch\/fr\/produit\/fhb-original-alain-franzoesische-zunfthose-cord\/","title":{"rendered":"ALAIN pantalon de m\u00e9tier fran\u00e7ais velours c\u00f4tel\u00e9"},"content":{"rendered":"<p>Mati\u00e8re : 70% coton, 30% polyester<\/p>","protected":false},"excerpt":{"rendered":"<p>Mati\u00e8re : 70% coton, 30% polyester<\/p>","protected":false},"featured_media":671860,"template":"","meta":[],"product_brand":[],"product_cat":[4185],"product_tag":[],"class_list":{"0":"post-608652","1":"product","2":"type-product","3":"status-publish","4":"has-post-thumbnail","6":"product_cat-hosen","7":"pa_brand-fhb","8":"pa_brand-type-workwear","9":"pa_filter-color-schwarz","11":"first","12":"instock","13":"sale","14":"taxable","15":"shipping-taxable","16":"purchasable","17":"product-type-variable","18":"add-to-wishlist-before_image"},"exclude_global_add_ons":[],"addons":[],"acf":[],"_links":{"self":[{"href":"https:\/\/shop.kustom.ch\/fr\/wp-json\/wp\/v2\/product\/608652"}],"collection":[{"href":"https:\/\/shop.kustom.ch\/fr\/wp-json\/wp\/v2\/product"}],"about":[{"href":"https:\/\/shop.kustom.ch\/fr\/wp-json\/wp\/v2\/types\/product"}],"wp:featuredmedia":[{"embeddable":true,"href":"https:\/\/shop.kustom.ch\/fr\/wp-json\/wp\/v2\/media\/671860"}],"wp:attachment":[{"href":"https:\/\/shop.kustom.ch\/fr\/wp-json\/wp\/v2\/media?parent=608652"}],"wp:term":[{"taxonomy":"product_brand","embeddable":true,"href":"https:\/\/shop.kustom.ch\/fr\/wp-json\/wp\/v2\/product_brand?post=608652"},{"taxonomy":"product_cat","embeddable":true,"href":"https:\/\/shop.kustom.ch\/fr\/wp-json\/wp\/v2\/product_cat?post=608652"},{"taxonomy":"product_tag","embeddable":true,"href":"https:\/\/shop.kustom.ch\/fr\/wp-json\/wp\/v2\/product_tag?post=608652"}],"curies":[{"name":"wp","href":"https:\/\/api.w.org\/{rel}","templated":true}]}}