{"id":608618,"date":"2025-03-05T05:03:49","date_gmt":"2025-03-05T04:03:49","guid":{"rendered":"https:\/\/shop.kustom.ch\/?post_type=product&#038;p=608618"},"modified":"2026-04-01T07:40:44","modified_gmt":"2026-04-01T06:40:44","slug":"fhb-original-friedhelm-stretch-jeans-zunfthose","status":"publish","type":"product","link":"https:\/\/shop.kustom.ch\/fr\/produit\/fhb-original-friedhelm-stretch-jeans-zunfthose\/","title":{"rendered":"FRIEDHELM Pantalon de travail en jean stretch"},"content":{"rendered":"<p>Ajustement :<br \/>\nCoupe droite avec beaucoup d'espace et de libert\u00e9 de mouvement.<br \/>\nCe pantalon de travail en jean super confortable a un look d\u00e9contract\u00e9 et suit tous les mouvements gr\u00e2ce \u00e0 son tissu en Lycra stretch.<br \/>\nTour de pied :<br \/>\n42 cm<br \/>\nSacs :<br \/>\n2 poches arri\u00e8re plaqu\u00e9es.poche m\u00e8tre \u00e0 droite et poche t\u00e9l\u00e9phone ferm\u00e9e par bouton-pression.grande poche plaqu\u00e9e sur la jambe gauche avec compartiment m\u00e8tre et stylo.<br \/>\nLes sacs de poche sont fabriqu\u00e9s dans un tissu de doublure r\u00e9sistant (240 g\/m\u00b2).<br \/>\nLes passants de ceinture ont l'\u00e9cartement ad\u00e9quat pour les sacoches \u00e0 holster FHB Max et Moritz.<br \/>\nFermetures \u00e0 glissi\u00e8re :<br \/>\nFermetures \u00e0 glissi\u00e8re YKK de luxe en vieil argent.Les fermetures \u00e0 glissi\u00e8re extra larges de YKK avec embouts massifs sont particuli\u00e8rement robustes et durables.<br \/>\ntraitement :<br \/>\nLes coutures arri\u00e8re \u00e0 double piq\u00fbre renforcent le pantalon et assurent sa long\u00e9vit\u00e9.Les coins en similicuir \u00e0 double piq\u00fbre emp\u00eachent les poches de se d\u00e9chirer... Mati\u00e8re : 98% coton, 2% \u00e9lasthanne<\/p>","protected":false},"excerpt":{"rendered":"<p>Passform: Gerade Passform mit reichlich Spielraum und Bewegungsfreiheit. Friedhelm sitzt locker am K\u00f6rper.Die superbequeme Jeans-Zunfthose sieht zum einen l\u00e4ssig aus und macht durch den Lycra-Stretch im Gewebe auch jede Bewegung mit. Fussweitenumfang: 42 cm Taschen: 2 aufgesetzte Ges\u00e4sstaschen.Zollstocktasche rechts und mit Druckknopf verschliessbare Handytasche.Grosse, aufgesetzte Beintasche links mit Zollstock- und Stiftfach. Taschenbeutel sind aus strapazierf\u00e4higem [&hellip;]<\/p>\n","protected":false},"featured_media":672040,"template":"","meta":[],"product_brand":[],"product_cat":[4185],"product_tag":[],"class_list":{"0":"post-608618","1":"product","2":"type-product","3":"status-publish","4":"has-post-thumbnail","6":"product_cat-hosen","7":"pa_brand-fhb","8":"pa_brand-type-workwear","9":"pa_filter-color-schwarzblau","11":"first","12":"instock","13":"sale","14":"taxable","15":"shipping-taxable","16":"purchasable","17":"product-type-variable","18":"add-to-wishlist-before_image"},"exclude_global_add_ons":[],"addons":[],"acf":[],"_links":{"self":[{"href":"https:\/\/shop.kustom.ch\/fr\/wp-json\/wp\/v2\/product\/608618"}],"collection":[{"href":"https:\/\/shop.kustom.ch\/fr\/wp-json\/wp\/v2\/product"}],"about":[{"href":"https:\/\/shop.kustom.ch\/fr\/wp-json\/wp\/v2\/types\/product"}],"wp:featuredmedia":[{"embeddable":true,"href":"https:\/\/shop.kustom.ch\/fr\/wp-json\/wp\/v2\/media\/672040"}],"wp:attachment":[{"href":"https:\/\/shop.kustom.ch\/fr\/wp-json\/wp\/v2\/media?parent=608618"}],"wp:term":[{"taxonomy":"product_brand","embeddable":true,"href":"https:\/\/shop.kustom.ch\/fr\/wp-json\/wp\/v2\/product_brand?post=608618"},{"taxonomy":"product_cat","embeddable":true,"href":"https:\/\/shop.kustom.ch\/fr\/wp-json\/wp\/v2\/product_cat?post=608618"},{"taxonomy":"product_tag","embeddable":true,"href":"https:\/\/shop.kustom.ch\/fr\/wp-json\/wp\/v2\/product_tag?post=608618"}],"curies":[{"name":"wp","href":"https:\/\/api.w.org\/{rel}","templated":true}]}}