{"id":608584,"date":"2025-03-05T05:03:13","date_gmt":"2025-03-05T04:03:13","guid":{"rendered":"https:\/\/shop.kustom.ch\/?post_type=product&#038;p=608584"},"modified":"2026-04-01T07:31:30","modified_gmt":"2026-04-01T06:31:30","slug":"fhb-original-wilhelm-stretch-jeans-arbeitshose","status":"publish","type":"product","link":"https:\/\/shop.kustom.ch\/fr\/produit\/fhb-original-wilhelm-stretch-jeans-arbeitshose\/","title":{"rendered":"Pantalon de travail en jean stretch WILHELM"},"content":{"rendered":"<p>FHB WILHELM Pantalon de travail en jeans LYCRA-STRETCH, 2 grandes poches lat\u00e9rales avec 1 poche monnaie, 2 grandes poches arri\u00e8res \u00e0 rabat, 1 poche m\u00e8tre et poche t\u00e9l\u00e9phone, 1 poche cuisse volumineuse avec rabat et poches crayons, poches genouill\u00e8res int\u00e9rieures<\/p>","protected":false},"excerpt":{"rendered":"<p>FHB WILHELM Pantalon de travail en jeans LYCRA-STRETCH, 2 grandes poches lat\u00e9rales avec 1 poche monnaie, 2 grandes poches arri\u00e8res \u00e0 rabat, 1 poche m\u00e8tre et poche t\u00e9l\u00e9phone, 1 poche cuisse volumineuse avec rabat et poches crayons, poches genouill\u00e8res int\u00e9rieures<\/p>","protected":false},"featured_media":608634,"template":"","meta":[],"product_brand":[],"product_cat":[4185],"product_tag":[],"class_list":{"0":"post-608584","1":"product","2":"type-product","3":"status-publish","4":"has-post-thumbnail","6":"product_cat-hosen","7":"pa_brand-fhb","8":"pa_brand-type-workwear","9":"pa_filter-color-blau","11":"first","12":"instock","13":"sale","14":"taxable","15":"shipping-taxable","16":"purchasable","17":"product-type-variable","18":"add-to-wishlist-before_image"},"exclude_global_add_ons":[],"addons":[],"acf":[],"_links":{"self":[{"href":"https:\/\/shop.kustom.ch\/fr\/wp-json\/wp\/v2\/product\/608584"}],"collection":[{"href":"https:\/\/shop.kustom.ch\/fr\/wp-json\/wp\/v2\/product"}],"about":[{"href":"https:\/\/shop.kustom.ch\/fr\/wp-json\/wp\/v2\/types\/product"}],"wp:featuredmedia":[{"embeddable":true,"href":"https:\/\/shop.kustom.ch\/fr\/wp-json\/wp\/v2\/media\/608634"}],"wp:attachment":[{"href":"https:\/\/shop.kustom.ch\/fr\/wp-json\/wp\/v2\/media?parent=608584"}],"wp:term":[{"taxonomy":"product_brand","embeddable":true,"href":"https:\/\/shop.kustom.ch\/fr\/wp-json\/wp\/v2\/product_brand?post=608584"},{"taxonomy":"product_cat","embeddable":true,"href":"https:\/\/shop.kustom.ch\/fr\/wp-json\/wp\/v2\/product_cat?post=608584"},{"taxonomy":"product_tag","embeddable":true,"href":"https:\/\/shop.kustom.ch\/fr\/wp-json\/wp\/v2\/product_tag?post=608584"}],"curies":[{"name":"wp","href":"https:\/\/api.w.org\/{rel}","templated":true}]}}