{"id":608079,"date":"2025-03-05T04:56:13","date_gmt":"2025-03-05T03:56:13","guid":{"rendered":"https:\/\/shop.kustom.ch\/?post_type=product&#038;p=608079"},"modified":"2026-04-01T07:18:43","modified_gmt":"2026-04-01T06:18:43","slug":"fhb-original-lars-arbeitsjacke","status":"publish","type":"product","link":"https:\/\/shop.kustom.ch\/fr\/produit\/fhb-original-lars-arbeitsjacke\/","title":{"rendered":"Veste de travail LARS"},"content":{"rendered":"<p>Ajustement :<br \/>\nLars a une coupe ample.<br \/>\nLa coupe ergonomique de la veste a \u00e9t\u00e9 con\u00e7ue en fonction de l'anatomie du corps.<br \/>\nAinsi, les manches sont l\u00e9g\u00e8rement pr\u00e9form\u00e9es, conform\u00e9ment \u00e0 la position naturelle du corps.<br \/>\nLe dos est l\u00e9g\u00e8rement allong\u00e9 et couvre proprement la zone dorsale, m\u00eame en position pench\u00e9e ou \u00e0 genoux, ce qui est particuli\u00e8rement agr\u00e9able les jours plus froids.<br \/>\nCol haut :<br \/>\nLe col haut prot\u00e8ge du vent froid.<br \/>\nPour le col int\u00e9rieur, on utilise une micro-polaire agr\u00e9ablement douce et chaude.<br \/>\nLa protection du menton (garage \u00e0 zip) sur le col haut \u00e9vite que la fermeture \u00e9clair ferm\u00e9e ne gratte.<br \/>\nSacs :<br \/>\n2 grandes poches lat\u00e9rales avec large ouverture.<br \/>\nLes poches sont dot\u00e9es d'une fermeture \u00e0 glissi\u00e8re et de sacs de poche r\u00e9sistants en tissu de doublure solide.<br \/>\n1 poche poitrine fermable avec fermeture \u00e9clair YKK.2 poches \u00e0 rabat avec fermeture velcro au niveau de la poitrine.<br \/>\nLes rabats sont escamotables.2 poches int\u00e9rieures.<br \/>\nPoche pour smartphone sur le c\u00f4t\u00e9 gauche et pour tablette sur le c\u00f4t\u00e9 droit. Poche pour 4 stylos sur le bras gauche.<br \/>\nR\u00e9glage de la largeur :<br \/>\nLa taille peut \u00eatre ajust\u00e9e \u00e0 la largeur id\u00e9ale \u00e0 l'aide d'un cordon de serrage et fix\u00e9e par des stoppeurs.<br \/>\nLes poignets sont munis d'une languette avec velcro pour ajuster la largeur.<br \/>\nFermetures \u00e0 glissi\u00e8re fonctionnelles :<br \/>\nFermeture \u00e0 glissi\u00e8re frontale YKK tr\u00e8s facile \u00e0 manipuler et recouverte d'un rabat coupe-vent.<br \/>\nLe zip est moul\u00e9 et a un grip \u00e0 l'int\u00e9rieur.<br \/>\nCouture d'\u00e9paule :<br \/>\nLe site<br \/>\n:<br \/>\nLa couture d'\u00e9paule est plac\u00e9e sur le c\u00f4t\u00e9 chez Lars.<br \/>\nL'avantage : quand on porte un sac ou une poutre en bois sur l'\u00e9paule, il n'y a pas de point de pression d\u00e9sagr\u00e9able.<br \/>\nTon logo :<br \/>\nBonne possibilit\u00e9 de d\u00e9coration sur les deux c\u00f4t\u00e9s de la poitrine, le dos et les manches... Mati\u00e8re : polyester 100%<\/p>","protected":false},"excerpt":{"rendered":"<p>Passform: Lars ist locker geschnitten. Der ergonomische Schnitt der Jacke wurde der Anatomie des K\u00f6rpers nachempfunden. So sind die \u00c4rmel leicht vorgeformt und entsprechend der nat\u00fcrlichen Haltung des K\u00f6rpers. Der R\u00fccken ist leicht verl\u00e4ngert und deckt auch bei gebeugter oder kniender Haltung den R\u00fcckbereich sauber ab, was insbesondere an k\u00e4lteren Tagen sehr angenehm ist. Hochschliessender [&hellip;]<\/p>\n","protected":false},"featured_media":672186,"template":"","meta":[],"product_brand":[],"product_cat":[4186],"product_tag":[],"class_list":{"0":"post-608079","1":"product","2":"type-product","3":"status-publish","4":"has-post-thumbnail","6":"product_cat-jacken","7":"pa_brand-fhb","8":"pa_brand-type-workwear","9":"pa_filter-color-anthrazit-schwarz","10":"pa_filter-color-beige-schwarz","11":"pa_filter-color-grau-schwarz","12":"pa_filter-color-gruen-schwarz","13":"pa_filter-color-marine-schwarz","14":"pa_filter-color-oliv-schwarz","15":"pa_filter-color-rot-schwarz","16":"pa_filter-color-royalblau-schwarz","17":"pa_filter-color-schwarz","18":"pa_filter-color-weiss-anthrazit","20":"first","21":"instock","22":"sale","23":"taxable","24":"shipping-taxable","25":"purchasable","26":"product-type-variable","27":"add-to-wishlist-before_image"},"exclude_global_add_ons":[],"addons":[],"acf":[],"_links":{"self":[{"href":"https:\/\/shop.kustom.ch\/fr\/wp-json\/wp\/v2\/product\/608079"}],"collection":[{"href":"https:\/\/shop.kustom.ch\/fr\/wp-json\/wp\/v2\/product"}],"about":[{"href":"https:\/\/shop.kustom.ch\/fr\/wp-json\/wp\/v2\/types\/product"}],"wp:featuredmedia":[{"embeddable":true,"href":"https:\/\/shop.kustom.ch\/fr\/wp-json\/wp\/v2\/media\/672186"}],"wp:attachment":[{"href":"https:\/\/shop.kustom.ch\/fr\/wp-json\/wp\/v2\/media?parent=608079"}],"wp:term":[{"taxonomy":"product_brand","embeddable":true,"href":"https:\/\/shop.kustom.ch\/fr\/wp-json\/wp\/v2\/product_brand?post=608079"},{"taxonomy":"product_cat","embeddable":true,"href":"https:\/\/shop.kustom.ch\/fr\/wp-json\/wp\/v2\/product_cat?post=608079"},{"taxonomy":"product_tag","embeddable":true,"href":"https:\/\/shop.kustom.ch\/fr\/wp-json\/wp\/v2\/product_tag?post=608079"}],"curies":[{"name":"wp","href":"https:\/\/api.w.org\/{rel}","templated":true}]}}