{"id":607792,"date":"2025-03-05T04:52:29","date_gmt":"2025-03-05T03:52:29","guid":{"rendered":"https:\/\/shop.kustom.ch\/?post_type=product&#038;p=607792"},"modified":"2026-04-01T07:04:27","modified_gmt":"2026-04-01T06:04:27","slug":"fhb-original-ernst-arbeitsjacke","status":"publish","type":"product","link":"https:\/\/shop.kustom.ch\/fr\/produit\/fhb-original-ernst-arbeitsjacke\/","title":{"rendered":"Veste de travail ERNST"},"content":{"rendered":"<p>Ajustement :<br \/>\nCoupe extra confortable et d\u00e9contract\u00e9e avec beaucoup de marge de man\u0153uvre et de libert\u00e9 de mouvement.<br \/>\nErnst a une coupe droite et est ample sur le corps.<br \/>\nSacs :<br \/>\n2 grandes poches lat\u00e9rales avec large ouverture.<br \/>\nLes poches ont une fermeture \u00e0 glissi\u00e8re.<br \/>\nSacs de poche fixes en tissu ext\u00e9rieur r\u00e9sistant.<br \/>\n2 poches \u00e0 rabat avec fermeture velcro au niveau de la poitrine.<br \/>\n2 poches int\u00e9rieures. poche pour 3 stylos sur le bras gauche.<br \/>\nR\u00e9glage de la largeur :<br \/>\nL'ourlet peut \u00eatre ajust\u00e9 \u00e0 la largeur id\u00e9ale \u00e0 l'aide de velcro.<br \/>\nLes poignets sont munis d'une patte avec velcro pour ajuster la largeur qui convient.<br \/>\nFermeture \u00e9clair fonctionnelle de YKK :<br \/>\nFermeture \u00e0 glissi\u00e8re frontale YKK dissimul\u00e9e et tr\u00e8s facile \u00e0 utiliser.<br \/>\nLa protection du menton (garage \u00e0 zip) sur le col haut \u00e9vite que la fermeture \u00e9clair ferm\u00e9e ne gratte.<br \/>\ntraitement :<br \/>\nBarres de renfort contrast\u00e9es blanches aux coins de la poche.<br \/>\nFamille de produits :<br \/>\nPantalon de travail, salopette et short de travail assortis dans le m\u00eame design et le m\u00eame mat\u00e9riau.<br \/>\nTon logo :<br \/>\nBonne possibilit\u00e9 de d\u00e9coration sur les deux c\u00f4t\u00e9s de la poitrine, le dos et sur les c\u00f4t\u00e9s des manches... Mat\u00e9riau : 65% coton, 35% polyester<\/p>","protected":false},"excerpt":{"rendered":"<p>Passform: Extra bequeme, l\u00e4ssige Passform mit reichlich Spielraum und Bewegungsfreiheit. Ernst ist gerade geschnitten und sitzt locker am K\u00f6rper. Taschen: 2 grosse Seitentaschen mit breitem Eingriff. Die Taschen haben einen Reissverschluss. Feste Taschenbeutel aus strapazierf\u00e4higem Oberstoffgewebe. 2 Pattentaschen mit Klettverschluss im Brustbereich. 2 Innentaschen.Stifttasche am linken Arm f\u00fcr 3 Stifte. Weitenregulierung: Der Saum kann per [&hellip;]<\/p>\n","protected":false},"featured_media":671995,"template":"","meta":[],"product_brand":[],"product_cat":[4186],"product_tag":[],"class_list":{"0":"post-607792","1":"product","2":"type-product","3":"status-publish","4":"has-post-thumbnail","6":"product_cat-jacken","7":"pa_brand-fhb","8":"pa_brand-type-workwear","9":"pa_filter-color-anthrazit-schwarz","10":"pa_filter-color-beige-schwarz","11":"pa_filter-color-grau-schwarz","12":"pa_filter-color-gruen-schwarz","13":"pa_filter-color-marine-schwarz","14":"pa_filter-color-oliv-schwarz","15":"pa_filter-color-rot-schwarz","16":"pa_filter-color-royalblau-schwarz","17":"pa_filter-color-schwarz","18":"pa_filter-color-weiss-anthrazit","20":"first","21":"instock","22":"sale","23":"taxable","24":"shipping-taxable","25":"purchasable","26":"product-type-variable","27":"add-to-wishlist-before_image"},"exclude_global_add_ons":[],"addons":[],"acf":[],"_links":{"self":[{"href":"https:\/\/shop.kustom.ch\/fr\/wp-json\/wp\/v2\/product\/607792"}],"collection":[{"href":"https:\/\/shop.kustom.ch\/fr\/wp-json\/wp\/v2\/product"}],"about":[{"href":"https:\/\/shop.kustom.ch\/fr\/wp-json\/wp\/v2\/types\/product"}],"wp:featuredmedia":[{"embeddable":true,"href":"https:\/\/shop.kustom.ch\/fr\/wp-json\/wp\/v2\/media\/671995"}],"wp:attachment":[{"href":"https:\/\/shop.kustom.ch\/fr\/wp-json\/wp\/v2\/media?parent=607792"}],"wp:term":[{"taxonomy":"product_brand","embeddable":true,"href":"https:\/\/shop.kustom.ch\/fr\/wp-json\/wp\/v2\/product_brand?post=607792"},{"taxonomy":"product_cat","embeddable":true,"href":"https:\/\/shop.kustom.ch\/fr\/wp-json\/wp\/v2\/product_cat?post=607792"},{"taxonomy":"product_tag","embeddable":true,"href":"https:\/\/shop.kustom.ch\/fr\/wp-json\/wp\/v2\/product_tag?post=607792"}],"curies":[{"name":"wp","href":"https:\/\/api.w.org\/{rel}","templated":true}]}}