{"id":607383,"date":"2025-03-05T04:48:28","date_gmt":"2025-03-05T03:48:28","guid":{"rendered":"https:\/\/shop.kustom.ch\/?post_type=product&#038;p=607383"},"modified":"2026-04-01T07:21:54","modified_gmt":"2026-04-01T06:21:54","slug":"fhb-original-eckhard-latzhose","status":"publish","type":"product","link":"https:\/\/shop.kustom.ch\/fr\/produit\/fhb-original-eckhard-latzhose\/","title":{"rendered":"Salopette ECKHARD"},"content":{"rendered":"<p>Ajustement :<br \/>\nCoupe extra confortable et d\u00e9contract\u00e9e avec beaucoup de marge de man\u0153uvre et de libert\u00e9 de mouvement.<br \/>\nLe pantalon Eckhard a une coupe droite et se porte de mani\u00e8re d\u00e9contract\u00e9e sur le corps.<br \/>\nLe t-shirt et le sweat-shirt sont ainsi toujours bien rang\u00e9s dans la salopette.<br \/>\nLa cale ins\u00e9r\u00e9e sur le c\u00f4t\u00e9 est particuli\u00e8rement \u00e9lastique et s'\u00e9tire confortablement lorsqu'on l'enfile. On est ainsi nettement plus \u00e0 l'aise dans les mouvements lors du travail et m\u00eame pendant la pause d\u00e9jeuner.<br \/>\ndes bretelles :<br \/>\nLes bretelles \u00e9lastiques sont r\u00e9glables en longueur et assurent ainsi toujours un ajustement confortable.La boucle de bretelles en plastique robuste de YKK est particuli\u00e8rement plate, reste stable et ne claque pas en cas de mouvement.<br \/>\nLa bande de support est particuli\u00e8rement ind\u00e9formable et ne se d\u00e9forme pas, m\u00eame apr\u00e8s de nombreux lavages.<br \/>\nL'extr\u00e9mit\u00e9 de la bande porteuse peut \u00eatre pass\u00e9e dans une languette \u00e0 l'arri\u00e8re du bavoir et ainsi \u00eatre fix\u00e9e.<br \/>\nAinsi, elle est toujours cach\u00e9e.<br \/>\nSacs :<br \/>\nSur le devant de la bavette se trouve une grande poche \u00e0 rabat avec fermeture velcro et une poche s\u00e9par\u00e9e pour 2 stylos.Les deux grandes poches arri\u00e8re sont recouvertes d'un rabat.<br \/>\n2 poches lat\u00e9rales \u00e0 l'avant avec une large ouverture.<br \/>\nSac de poche fixe en tissu ext\u00e9rieur r\u00e9sistant (300 g\/m\u00b2).poches m\u00e8tre \u00e0 droite et \u00e0 gauche.poche t\u00e9l\u00e9phone \u00e0 droite.les passants de ceinture ont l'\u00e9cartement appropri\u00e9 pour les sacs \u00e0 poign\u00e9es FHB Max et Moritz.<br \/>\nPoches pour genouill\u00e8res :<br \/>\nLes genouill\u00e8res FHB peuvent \u00eatre facilement ins\u00e9r\u00e9es par le bas dans les poches pr\u00e9form\u00e9es pour genouill\u00e8res.<br \/>\ntraitement :<br \/>\nLes coutures d'entrejambe \u00e0 triple piq\u00fbre renforcent le pantalon et prolongent sa dur\u00e9e de vie.<br \/>\nBarres de renfort contrast\u00e9es blanches aux coins de la poche.<br \/>\nSuper grandes tailles :<br \/>\nLes tr\u00e8s grandes tailles sont disponibles en stock en tant que standard.<br \/>\nCela signifie qu'il n'y a pas de temps d'attente.<br \/>\nIci aussi, toutes les tailles ont un prix.<br \/>\nRaccourcissement du pantalon :<br \/>\nPossibilit\u00e9 de fabrication sur mesure pour raccourcir le pantalon moyennant un suppl\u00e9ment... Mat\u00e9riau : 65% coton, 35% polyester<\/p>","protected":false},"excerpt":{"rendered":"<p>Passform: Extra bequeme, l\u00e4ssige Passform mit reichlich Spielraum und Bewegungsfreiheit. Eckhard ist gerade geschnitten und sitzt locker am K\u00f6rper.Seitlich ist die Hose h\u00f6hergezogen als eine normale Bundhose, quasi als Nierenschutz. T-Shirt und Sweatshirt stecken somit immer ordentlich in der Latzhose. Der seitlich eingesetzte Keil ist besonders elastisch und dehnt sich komfortabel beim Anziehen, in der [&hellip;]<\/p>\n","protected":false},"featured_media":671969,"template":"","meta":[],"product_brand":[],"product_cat":[4185],"product_tag":[],"class_list":{"0":"post-607383","1":"product","2":"type-product","3":"status-publish","4":"has-post-thumbnail","6":"product_cat-hosen","7":"pa_brand-fhb","8":"pa_brand-type-workwear","9":"pa_filter-color-anthrazit-schwarz","10":"pa_filter-color-beige-schwarz","11":"pa_filter-color-grau-schwarz","12":"pa_filter-color-gruen-schwarz","13":"pa_filter-color-marine-schwarz","14":"pa_filter-color-oliv-schwarz","15":"pa_filter-color-rot-schwarz","16":"pa_filter-color-royalblau-schwarz","17":"pa_filter-color-schwarz","18":"pa_filter-color-weiss-anthrazit","20":"first","21":"instock","22":"sale","23":"taxable","24":"shipping-taxable","25":"purchasable","26":"product-type-variable","27":"add-to-wishlist-before_image"},"exclude_global_add_ons":[],"addons":[],"acf":[],"_links":{"self":[{"href":"https:\/\/shop.kustom.ch\/fr\/wp-json\/wp\/v2\/product\/607383"}],"collection":[{"href":"https:\/\/shop.kustom.ch\/fr\/wp-json\/wp\/v2\/product"}],"about":[{"href":"https:\/\/shop.kustom.ch\/fr\/wp-json\/wp\/v2\/types\/product"}],"wp:featuredmedia":[{"embeddable":true,"href":"https:\/\/shop.kustom.ch\/fr\/wp-json\/wp\/v2\/media\/671969"}],"wp:attachment":[{"href":"https:\/\/shop.kustom.ch\/fr\/wp-json\/wp\/v2\/media?parent=607383"}],"wp:term":[{"taxonomy":"product_brand","embeddable":true,"href":"https:\/\/shop.kustom.ch\/fr\/wp-json\/wp\/v2\/product_brand?post=607383"},{"taxonomy":"product_cat","embeddable":true,"href":"https:\/\/shop.kustom.ch\/fr\/wp-json\/wp\/v2\/product_cat?post=607383"},{"taxonomy":"product_tag","embeddable":true,"href":"https:\/\/shop.kustom.ch\/fr\/wp-json\/wp\/v2\/product_tag?post=607383"}],"curies":[{"name":"wp","href":"https:\/\/api.w.org\/{rel}","templated":true}]}}