{"id":607202,"date":"2025-03-05T04:46:20","date_gmt":"2025-03-05T03:46:20","guid":{"rendered":"https:\/\/shop.kustom.ch\/?post_type=product&#038;p=607202"},"modified":"2026-04-01T07:06:17","modified_gmt":"2026-04-01T06:06:17","slug":"fhb-original-theo-bermuda","status":"publish","type":"product","link":"https:\/\/shop.kustom.ch\/fr\/produit\/fhb-original-theo-bermuda\/","title":{"rendered":"THEO Bermudes"},"content":{"rendered":"<p>Ajustement :<br \/>\nCoupe extra confortable et d\u00e9contract\u00e9e avec beaucoup de marge de man\u0153uvre et de libert\u00e9 de mouvement.<br \/>\nTheo a une coupe d\u00e9contract\u00e9e et se porte sans serrer sur les cuisses.Le large passant de ceinture \u00e0 l'arri\u00e8re favorise la bonne tenue du pantalon.<br \/>\ntraitement :<br \/>\nLes coutures d'entrejambe \u00e0 triple piq\u00fbre renforcent le pantalon et prolongent sa dur\u00e9e de vie.<br \/>\nBarres de renfort contrast\u00e9es blanches aux coins de la poche.<br \/>\nSacs :<br \/>\n2 poches lat\u00e9rales \u00e0 l'avant avec larges poches volumineuses.<br \/>\nSac \u00e0 poche fixe en tissu ext\u00e9rieur r\u00e9sistant (300 g\/m\u00b2).2 poches fessi\u00e8res spacieuses avec soufflet d'aisance et fermeture velcro.Poches m\u00e8tre \u00e0 droite et \u00e0 gauchePoche pour t\u00e9l\u00e9phone portable \u00e0 droiteLes passants de ceinture ont l'\u00e9cartement appropri\u00e9 pour les sacs \u00e0 poign\u00e9es FHB Max et Moritz.<br \/>\nSuper grandes tailles :<br \/>\nLes tr\u00e8s grandes tailles sont disponibles en stock en tant que standard.<br \/>\nCela signifie qu'il n'y a pas de temps d'attente.<br \/>\nIci aussi, toutes les tailles - un seul prix... Mat\u00e9riau : 65% coton, 35% polyester<\/p>","protected":false},"excerpt":{"rendered":"<p>Passform: Extra bequeme, l\u00e4ssige Passform mit reichlich Spielraum und Bewegungsfreiheit. Theo ist entspannt geschnitten und sitzt locker an den Oberschenkeln.Die breite G\u00fcrtelschlaufe hinten f\u00f6rdert den guten Sitz der Hose. Verarbeitung: 3-fach-gesteppte Schrittn\u00e4hte verst\u00e4rken die Hose und verl\u00e4ngern die Lebensdauer. Weisse Kontrastriegel zur Verst\u00e4rkung an den Taschenecken. Taschen: 2 seitliche Schubtaschen vorne mit breitem Volumentascheneingriff. Feste [&hellip;]<\/p>\n","protected":false},"featured_media":672301,"template":"","meta":[],"product_brand":[],"product_cat":[4185],"product_tag":[],"class_list":{"0":"post-607202","1":"product","2":"type-product","3":"status-publish","4":"has-post-thumbnail","6":"product_cat-hosen","7":"pa_brand-fhb","8":"pa_brand-type-workwear","9":"pa_filter-color-anthrazit-schwarz","10":"pa_filter-color-beige-schwarz","11":"pa_filter-color-grau-schwarz","12":"pa_filter-color-gruen-schwarz","13":"pa_filter-color-marine-schwarz","14":"pa_filter-color-oliv-schwarz","15":"pa_filter-color-rot-schwarz","16":"pa_filter-color-royalblau-schwarz","17":"pa_filter-color-schwarz","18":"pa_filter-color-weiss-anthrazit","20":"first","21":"instock","22":"sale","23":"taxable","24":"shipping-taxable","25":"purchasable","26":"product-type-variable","27":"add-to-wishlist-before_image"},"exclude_global_add_ons":[],"addons":[],"acf":[],"_links":{"self":[{"href":"https:\/\/shop.kustom.ch\/fr\/wp-json\/wp\/v2\/product\/607202"}],"collection":[{"href":"https:\/\/shop.kustom.ch\/fr\/wp-json\/wp\/v2\/product"}],"about":[{"href":"https:\/\/shop.kustom.ch\/fr\/wp-json\/wp\/v2\/types\/product"}],"wp:featuredmedia":[{"embeddable":true,"href":"https:\/\/shop.kustom.ch\/fr\/wp-json\/wp\/v2\/media\/672301"}],"wp:attachment":[{"href":"https:\/\/shop.kustom.ch\/fr\/wp-json\/wp\/v2\/media?parent=607202"}],"wp:term":[{"taxonomy":"product_brand","embeddable":true,"href":"https:\/\/shop.kustom.ch\/fr\/wp-json\/wp\/v2\/product_brand?post=607202"},{"taxonomy":"product_cat","embeddable":true,"href":"https:\/\/shop.kustom.ch\/fr\/wp-json\/wp\/v2\/product_cat?post=607202"},{"taxonomy":"product_tag","embeddable":true,"href":"https:\/\/shop.kustom.ch\/fr\/wp-json\/wp\/v2\/product_tag?post=607202"}],"curies":[{"name":"wp","href":"https:\/\/api.w.org\/{rel}","templated":true}]}}