{"id":606763,"date":"2025-03-05T04:41:33","date_gmt":"2025-03-05T03:41:33","guid":{"rendered":"https:\/\/shop.kustom.ch\/?post_type=product&#038;p=606763"},"modified":"2026-04-01T07:10:00","modified_gmt":"2026-04-01T06:10:00","slug":"fhb-original-bruno-arbeitshose","status":"publish","type":"product","link":"https:\/\/shop.kustom.ch\/fr\/produit\/fhb-original-bruno-arbeitshose\/","title":{"rendered":"Pantalon de travail BRUNO"},"content":{"rendered":"<p>Ajustement :<br \/>\nCoupe extra confortable et d\u00e9contract\u00e9e avec beaucoup de marge de man\u0153uvre et de libert\u00e9 de mouvement.<br \/>\nBruno a une coupe droite et se porte de mani\u00e8re d\u00e9contract\u00e9e sur le corps. Le large passant de ceinture \u00e0 l'arri\u00e8re favorise le bon maintien du pantalon.<br \/>\nPoches pour genouill\u00e8res :<br \/>\nLes genouill\u00e8res FHB peuvent \u00eatre facilement ins\u00e9r\u00e9es par le bas dans les poches pr\u00e9form\u00e9es pour genouill\u00e8res.<br \/>\ntraitement :<br \/>\nLes coutures d'entrejambe \u00e0 triple piq\u00fbre renforcent le pantalon et prolongent sa dur\u00e9e de vie.<br \/>\nBarres de renfort contrast\u00e9es blanches aux coins de la poche.<br \/>\nSacs :<br \/>\n2 poches lat\u00e9rales \u00e0 l'avant avec larges poches volumineuses.<br \/>\nSac \u00e0 poche fixe en tissu ext\u00e9rieur r\u00e9sistant de qualit\u00e9 enti\u00e8rement retors (300 g\/m\u00b2).2 poches arri\u00e8re spacieuses avec soufflet d'aisance.<br \/>\nLes rabats \u00e9lastiques sont fix\u00e9s.<br \/>\nPoches pour m\u00e8tre pliant \u00e0 droite et \u00e0 gauchePoche pour t\u00e9l\u00e9phone portable \u00e0 droiteLes passants de ceinture ont l'\u00e9cartement ad\u00e9quat pour les sacoches \u00e0 holster FHB Max et Moritz.<br \/>\nSuper grandes tailles :<br \/>\nLes tr\u00e8s grandes tailles sont disponibles en stock en tant que standard.<br \/>\nCela signifie qu'il n'y a pas de temps d'attente.<br \/>\nIci aussi, toutes les tailles ont un prix.<br \/>\nAllongement et raccourcissement des pantalons :<br \/>\nLe pantalon peut \u00eatre rallong\u00e9 d'une taille interm\u00e9diaire sans couture.<br \/>\nPour cela, il suffit de d\u00e9couper une couture dans l'ourlet, par exemple avec un cutter.<br \/>\nTermin\u00e9.<br \/>\nGr\u00e2ce \u00e0 la double finition, le pantalon allong\u00e9 a lui aussi un ourlet parfait.<br \/>\nIl n'y a pas besoin de coudre.possibilit\u00e9 de fabrication sur mesure pour raccourcir le pantalon moyennant un suppl\u00e9ment... Mat\u00e9riau : 65% coton, 35% polyester<\/p>","protected":false},"excerpt":{"rendered":"<p>Passform: Extra bequeme, l\u00e4ssige Passform mit reichlich Spielraum und Bewegungsfreiheit. Bruno ist gerade geschnitten und sitzt locker am K\u00f6rper.Die breite G\u00fcrtelschlaufe hinten f\u00f6rdert den guten Sitz der Hose. Kniepolstertaschen: Die FHB-Kniepolster k\u00f6nnen einfach von unten in die vorgeformten Kniepolstertaschen eingeschoben werden. Verarbeitung: 3fach-gesteppten Schrittn\u00e4hte verst\u00e4rken die Hose und verl\u00e4ngern die Lebensdauer. Weisse Kontrastriegel zur Verst\u00e4rkung [&hellip;]<\/p>\n","protected":false},"featured_media":671923,"template":"","meta":[],"product_brand":[],"product_cat":[4185],"product_tag":[],"class_list":{"0":"post-606763","1":"product","2":"type-product","3":"status-publish","4":"has-post-thumbnail","6":"product_cat-hosen","7":"pa_brand-fhb","8":"pa_brand-type-workwear","9":"pa_filter-color-anthrazit-schwarz","10":"pa_filter-color-beige-schwarz","11":"pa_filter-color-grau-schwarz","12":"pa_filter-color-gruen-schwarz","13":"pa_filter-color-marine-schwarz","14":"pa_filter-color-oliv-schwarz","15":"pa_filter-color-rot-schwarz","16":"pa_filter-color-royalblau-schwarz","17":"pa_filter-color-schwarz","18":"pa_filter-color-weiss-anthrazit","20":"first","21":"instock","22":"sale","23":"taxable","24":"shipping-taxable","25":"purchasable","26":"product-type-variable","27":"add-to-wishlist-before_image"},"exclude_global_add_ons":[],"addons":[],"acf":[],"_links":{"self":[{"href":"https:\/\/shop.kustom.ch\/fr\/wp-json\/wp\/v2\/product\/606763"}],"collection":[{"href":"https:\/\/shop.kustom.ch\/fr\/wp-json\/wp\/v2\/product"}],"about":[{"href":"https:\/\/shop.kustom.ch\/fr\/wp-json\/wp\/v2\/types\/product"}],"wp:featuredmedia":[{"embeddable":true,"href":"https:\/\/shop.kustom.ch\/fr\/wp-json\/wp\/v2\/media\/671923"}],"wp:attachment":[{"href":"https:\/\/shop.kustom.ch\/fr\/wp-json\/wp\/v2\/media?parent=606763"}],"wp:term":[{"taxonomy":"product_brand","embeddable":true,"href":"https:\/\/shop.kustom.ch\/fr\/wp-json\/wp\/v2\/product_brand?post=606763"},{"taxonomy":"product_cat","embeddable":true,"href":"https:\/\/shop.kustom.ch\/fr\/wp-json\/wp\/v2\/product_cat?post=606763"},{"taxonomy":"product_tag","embeddable":true,"href":"https:\/\/shop.kustom.ch\/fr\/wp-json\/wp\/v2\/product_tag?post=606763"}],"curies":[{"name":"wp","href":"https:\/\/api.w.org\/{rel}","templated":true}]}}