{"id":606688,"date":"2025-03-05T04:40:47","date_gmt":"2025-03-05T03:40:47","guid":{"rendered":"https:\/\/shop.kustom.ch\/?post_type=product&#038;p=606688"},"modified":"2026-04-01T07:14:55","modified_gmt":"2026-04-01T06:14:55","slug":"fhb-original-andrea-arbeitsjacke-damen","status":"publish","type":"product","link":"https:\/\/shop.kustom.ch\/fr\/produit\/fhb-original-andrea-arbeitsjacke-damen\/","title":{"rendered":"Veste de travail ANDREA"},"content":{"rendered":"<p>Ajustement :<br \/>\nAndrea a une coupe ample.<br \/>\nLa coupe ergonomique de la veste a \u00e9t\u00e9 con\u00e7ue en fonction de l'anatomie du corps.<br \/>\nAinsi, les manches sont l\u00e9g\u00e8rement pr\u00e9form\u00e9es, conform\u00e9ment \u00e0 la position naturelle du corps.<br \/>\nLe dos est l\u00e9g\u00e8rement allong\u00e9 et couvre proprement la zone dorsale, m\u00eame en position pench\u00e9e ou \u00e0 genoux, ce qui est particuli\u00e8rement agr\u00e9able les jours plus froids.<br \/>\nInserts \u00e9lastiques :<br \/>\nAjustement et mobilit\u00e9 parfaits gr\u00e2ce aux inserts 3D-Frinlock au niveau des \u00e9paules et de l'ourlet de la veste.<br \/>\nCol haut :<br \/>\nLe col haut prot\u00e8ge du vent froid.<br \/>\nLa protection du menton (garage \u00e0 zip) sur le col haut \u00e9vite que la fermeture \u00e9clair ferm\u00e9e ne gratte.<br \/>\nSacs :<br \/>\n2 grandes poches lat\u00e9rales avec large ouverture.<br \/>\nLes poches sont dot\u00e9es d'une fermeture \u00e0 glissi\u00e8re et de sacs de poche r\u00e9sistants en tissu ext\u00e9rieur solide.<br \/>\n1 poche poitrine fermable avec fermeture \u00e9clair YKK.2 poches \u00e0 rabat avec fermeture velcro au niveau de la poitrine.<br \/>\nPoche \u00e0 crayons sur le bras gauche pour 4 crayons.<br \/>\nR\u00e9glage de la largeur :<br \/>\nLes poignets sont munis d'une patte avec velcro pour ajuster la largeur qui convient.<br \/>\nFermetures \u00e0 glissi\u00e8re fonctionnelles :<br \/>\nFermeture \u00e0 glissi\u00e8re frontale YKK tr\u00e8s facile \u00e0 manipuler et recouverte d'un rabat coupe-vent.<br \/>\nLe zip est moul\u00e9 et a un grip \u00e0 l'int\u00e9rieur.<br \/>\nFamille de produits :<br \/>\nAndrea fait partie d'une grande famille de produits comprenant des pantalons et des vestes de travail pour hommes et femmes, avec le m\u00eame design et le m\u00eame mat\u00e9riau ext\u00e9rieur.<br \/>\nTon logo :<br \/>\nBonne possibilit\u00e9 de d\u00e9coration sur les deux c\u00f4t\u00e9s de la poitrine, le dos et les manches... Mati\u00e8re : 50% coton, 50% polyester<\/p>","protected":false},"excerpt":{"rendered":"<p>Passform: Andrea ist locker geschnitten. Der ergonomische Schnitt der Jacke wurde der Anatomie des K\u00f6rpers nachempfunden. So sind die \u00c4rmel leicht vorgeformt und entsprechend der nat\u00fcrlichen Haltung des K\u00f6rpers. Der R\u00fccken ist leicht verl\u00e4ngert und deckt auch bei gebeugter oder kniender Haltung den R\u00fcckenbereich sauber ab, was insbesondere an k\u00e4lteren Tagen sehr angenehm ist. Elastische [&hellip;]<\/p>\n","protected":false},"featured_media":671882,"template":"","meta":[],"product_brand":[],"product_cat":[4186],"product_tag":[],"class_list":{"0":"post-606688","1":"product","2":"type-product","3":"status-publish","4":"has-post-thumbnail","6":"product_cat-jacken","7":"pa_brand-fhb","8":"pa_brand-type-workwear","9":"pa_filter-color-anthrazit-schwarz","10":"pa_filter-color-beige-schwarz","11":"pa_filter-color-grau-schwarz","12":"pa_filter-color-gruen-schwarz","13":"pa_filter-color-marine-schwarz","14":"pa_filter-color-oliv-schwarz","15":"pa_filter-color-rot-schwarz","16":"pa_filter-color-royalblau-schwarz","17":"pa_filter-color-schwarz","18":"pa_filter-color-weiss-anthrazit","20":"first","21":"instock","22":"sale","23":"taxable","24":"shipping-taxable","25":"purchasable","26":"product-type-variable","27":"add-to-wishlist-before_image"},"exclude_global_add_ons":[],"addons":[],"acf":[],"_links":{"self":[{"href":"https:\/\/shop.kustom.ch\/fr\/wp-json\/wp\/v2\/product\/606688"}],"collection":[{"href":"https:\/\/shop.kustom.ch\/fr\/wp-json\/wp\/v2\/product"}],"about":[{"href":"https:\/\/shop.kustom.ch\/fr\/wp-json\/wp\/v2\/types\/product"}],"wp:featuredmedia":[{"embeddable":true,"href":"https:\/\/shop.kustom.ch\/fr\/wp-json\/wp\/v2\/media\/671882"}],"wp:attachment":[{"href":"https:\/\/shop.kustom.ch\/fr\/wp-json\/wp\/v2\/media?parent=606688"}],"wp:term":[{"taxonomy":"product_brand","embeddable":true,"href":"https:\/\/shop.kustom.ch\/fr\/wp-json\/wp\/v2\/product_brand?post=606688"},{"taxonomy":"product_cat","embeddable":true,"href":"https:\/\/shop.kustom.ch\/fr\/wp-json\/wp\/v2\/product_cat?post=606688"},{"taxonomy":"product_tag","embeddable":true,"href":"https:\/\/shop.kustom.ch\/fr\/wp-json\/wp\/v2\/product_tag?post=606688"}],"curies":[{"name":"wp","href":"https:\/\/api.w.org\/{rel}","templated":true}]}}