{"id":606470,"date":"2025-03-05T04:37:33","date_gmt":"2025-03-05T03:37:33","guid":{"rendered":"https:\/\/shop.kustom.ch\/?post_type=product&#038;p=606470"},"modified":"2026-04-01T07:24:20","modified_gmt":"2026-04-01T06:24:20","slug":"fhb-original-annika-bermuda-damen","status":"publish","type":"product","link":"https:\/\/shop.kustom.ch\/fr\/produit\/fhb-original-annika-bermuda-damen\/","title":{"rendered":"ANNIKA Bermuda"},"content":{"rendered":"<p>Ajustement :<br \/>\nLe short de travail a une coupe confortable et est d\u00e9contract\u00e9 et agr\u00e9able. La taille plus haute \u00e0 l'arri\u00e8re am\u00e9liore le confort et permet de couvrir agr\u00e9ablement le dos, m\u00eame au niveau des genoux.<br \/>\nLes cales lat\u00e9rales \u00e9lastiques \u00e0 la taille assurent un grand confort.<br \/>\nAinsi, le pantalon reste toujours agr\u00e9ablement en place, m\u00eame en mouvement, et ne pince pas.<br \/>\nLe pantalon est dot\u00e9 d'un empi\u00e8cement stretch \u00e9lastique et respirant \u00e0 l'entrejambe pour une grande libert\u00e9 de mouvement.<br \/>\nCelui-ci \u00e9vite en outre que le pantalon ne se d\u00e9chire lors de mouvements rapides.<br \/>\nSacs :<br \/>\nPoche pour t\u00e9l\u00e9phone portable, poche pour stylo et poche pour m\u00e8tre pliant de chaque c\u00f4t\u00e9 du pantalon.<br \/>\nAinsi, les choses sont toujours rapidement \u00e0 port\u00e9e de main, que ce soit de la main droite ou de la main gauche.<br \/>\nLa doublure en Cordura des poches lat\u00e9rales \u00e9vite que les outils ne frottent le tissu ext\u00e9rieur.<br \/>\nLes sacs de poche sont fabriqu\u00e9s \u00e0 partir d'un tissu ext\u00e9rieur r\u00e9sistant (250 g\/m\u00b2).<br \/>\nLes passants de ceinture ont l'\u00e9cartement ad\u00e9quat pour les sacoches \u00e0 holster FHB Max et Moritz.<br \/>\ntraitement :<br \/>\nLes coutures arri\u00e8re \u00e0 double piq\u00fbre renforcent le pantalon et am\u00e9liorent ainsi sa r\u00e9sistance \u00e0 la d\u00e9chirure... Mat\u00e9riau : 50% coton, 50% polyester<\/p>","protected":false},"excerpt":{"rendered":"<p>Passform: Die Arbeitsshorts ist bequem geschnitten und sitzt locker und angenehm.Der h\u00f6her gezogene Bund hinten verbessert das Tragegef\u00fchl und sorgt daf\u00fcr, dass der R\u00fccken auch im Knien angenehm bedeckt ist. Die elastischen Seitenkeile im Taillenbund sorgen f\u00fcr einen hohen Tragekomfort. Dadurch sitzt die Hose auch in der Bewegung immer angenehm und kneift nicht. Die Hose [&hellip;]<\/p>\n","protected":false},"featured_media":671892,"template":"","meta":[],"product_brand":[],"product_cat":[4185],"product_tag":[],"class_list":{"0":"post-606470","1":"product","2":"type-product","3":"status-publish","4":"has-post-thumbnail","6":"product_cat-hosen","7":"pa_brand-fhb","8":"pa_brand-type-workwear","9":"pa_filter-color-anthrazit-schwarz","10":"pa_filter-color-beige-schwarz","11":"pa_filter-color-grau-schwarz","12":"pa_filter-color-gruen-schwarz","13":"pa_filter-color-marine-schwarz","14":"pa_filter-color-oliv-schwarz","15":"pa_filter-color-rot-schwarz","16":"pa_filter-color-royalblau-schwarz","17":"pa_filter-color-schwarz","18":"pa_filter-color-weiss-anthrazit","20":"first","21":"instock","22":"sale","23":"taxable","24":"shipping-taxable","25":"purchasable","26":"product-type-variable","27":"add-to-wishlist-before_image"},"exclude_global_add_ons":[],"addons":[],"acf":[],"_links":{"self":[{"href":"https:\/\/shop.kustom.ch\/fr\/wp-json\/wp\/v2\/product\/606470"}],"collection":[{"href":"https:\/\/shop.kustom.ch\/fr\/wp-json\/wp\/v2\/product"}],"about":[{"href":"https:\/\/shop.kustom.ch\/fr\/wp-json\/wp\/v2\/types\/product"}],"wp:featuredmedia":[{"embeddable":true,"href":"https:\/\/shop.kustom.ch\/fr\/wp-json\/wp\/v2\/media\/671892"}],"wp:attachment":[{"href":"https:\/\/shop.kustom.ch\/fr\/wp-json\/wp\/v2\/media?parent=606470"}],"wp:term":[{"taxonomy":"product_brand","embeddable":true,"href":"https:\/\/shop.kustom.ch\/fr\/wp-json\/wp\/v2\/product_brand?post=606470"},{"taxonomy":"product_cat","embeddable":true,"href":"https:\/\/shop.kustom.ch\/fr\/wp-json\/wp\/v2\/product_cat?post=606470"},{"taxonomy":"product_tag","embeddable":true,"href":"https:\/\/shop.kustom.ch\/fr\/wp-json\/wp\/v2\/product_tag?post=606470"}],"curies":[{"name":"wp","href":"https:\/\/api.w.org\/{rel}","templated":true}]}}