{"id":606360,"date":"2025-03-05T04:35:41","date_gmt":"2025-03-05T03:35:41","guid":{"rendered":"https:\/\/shop.kustom.ch\/?post_type=product&#038;p=606360"},"modified":"2026-04-01T07:32:44","modified_gmt":"2026-04-01T06:32:44","slug":"fhb-original-charly-bermuda-kinder","status":"publish","type":"product","link":"https:\/\/shop.kustom.ch\/fr\/produit\/fhb-original-charly-bermuda-kinder\/","title":{"rendered":"Bermuda CHARLY enfants"},"content":{"rendered":"<p>Bermuda FHB CHARLY enfants, ceinture r\u00e9glable, 1 poche m\u00e8tre \u00e0 droite, 1 poche volume fermable \u00e0 gauche, 2 poches arri\u00e8res<\/p>","protected":false},"excerpt":{"rendered":"<p>Bermuda FHB CHARLY enfants, ceinture r\u00e9glable, 1 poche m\u00e8tre \u00e0 droite, 1 poche volume fermable \u00e0 gauche, 2 poches arri\u00e8res<\/p>","protected":false},"featured_media":606424,"template":"","meta":[],"product_brand":[],"product_cat":[4185],"product_tag":[],"class_list":{"0":"post-606360","1":"product","2":"type-product","3":"status-publish","4":"has-post-thumbnail","6":"product_cat-hosen","7":"pa_brand-fhb","8":"pa_brand-type-workwear","9":"pa_filter-color-blau","10":"pa_filter-color-grau","11":"pa_filter-color-gruen","12":"pa_filter-color-rot","14":"first","15":"instock","16":"sale","17":"taxable","18":"shipping-taxable","19":"purchasable","20":"product-type-variable","21":"add-to-wishlist-before_image"},"exclude_global_add_ons":[],"addons":[],"acf":[],"_links":{"self":[{"href":"https:\/\/shop.kustom.ch\/fr\/wp-json\/wp\/v2\/product\/606360"}],"collection":[{"href":"https:\/\/shop.kustom.ch\/fr\/wp-json\/wp\/v2\/product"}],"about":[{"href":"https:\/\/shop.kustom.ch\/fr\/wp-json\/wp\/v2\/types\/product"}],"wp:featuredmedia":[{"embeddable":true,"href":"https:\/\/shop.kustom.ch\/fr\/wp-json\/wp\/v2\/media\/606424"}],"wp:attachment":[{"href":"https:\/\/shop.kustom.ch\/fr\/wp-json\/wp\/v2\/media?parent=606360"}],"wp:term":[{"taxonomy":"product_brand","embeddable":true,"href":"https:\/\/shop.kustom.ch\/fr\/wp-json\/wp\/v2\/product_brand?post=606360"},{"taxonomy":"product_cat","embeddable":true,"href":"https:\/\/shop.kustom.ch\/fr\/wp-json\/wp\/v2\/product_cat?post=606360"},{"taxonomy":"product_tag","embeddable":true,"href":"https:\/\/shop.kustom.ch\/fr\/wp-json\/wp\/v2\/product_tag?post=606360"}],"curies":[{"name":"wp","href":"https:\/\/api.w.org\/{rel}","templated":true}]}}