{"id":606335,"date":"2025-03-05T04:35:35","date_gmt":"2025-03-05T03:35:35","guid":{"rendered":"https:\/\/shop.kustom.ch\/?post_type=product&#038;p=606335"},"modified":"2026-04-01T07:07:35","modified_gmt":"2026-04-01T06:07:35","slug":"fhb-original-hugo-arbeitshose-kinder","status":"publish","type":"product","link":"https:\/\/shop.kustom.ch\/fr\/produit\/fhb-original-hugo-arbeitshose-kinder\/","title":{"rendered":"HUGO Pantalon de travail"},"content":{"rendered":"<p>Ajustement :<br \/>\nLa construction fonctionnelle de la coupe est model\u00e9e selon les mouvements naturels du corps.<br \/>\nElle est ergonomiquement adapt\u00e9e au corps, pour une libert\u00e9 de mouvement maximale.<br \/>\nPoches pratiques :<br \/>\n1 poche m\u00e8tre \u00e0 droite1 poche volumineuse fermable \u00e0 gauche2 poches arri\u00e8re<br \/>\nR\u00e9glage de la largeur :<br \/>\nLa ceinture du pantalon est r\u00e9glable, ce qui permet de l'adapter facilement aux diff\u00e9rentes morphologies et de le faire grandir pendant un certain temps.<br \/>\nRallonge de pantalon :<br \/>\nLe pantalon peut \u00eatre rallong\u00e9 de 4 cm sans couture, ce qui lui permet de grandir rapidement.<br \/>\nPour cela, il suffit de couper une couture dans l'ourlet.<br \/>\nTermin\u00e9.<br \/>\nRenforts particuli\u00e8rement robustes aux genoux :<br \/>\nRenforts aux genoux en polyamide 100% (CORDURA\u00ae).CORDURA\u00ae est un tissu tr\u00e8s solide qui, gr\u00e2ce \u00e0 une technique de tissage et un rev\u00eatement sp\u00e9ciaux, est particuli\u00e8rement r\u00e9sistant \u00e0 l'usure et \u00e0 l'abrasion.<br \/>\nLe mat\u00e9riau est en outre fortement hydrofuge.<br \/>\nPetits et grands :<br \/>\nLe design et les mat\u00e9riaux correspondent aux pantalons de travail pour adultes Florian (pour hommes) et Alma (pour femmes)... Mati\u00e8re : 50% coton, 50% polyester<\/p>","protected":false},"excerpt":{"rendered":"<p>Passform: Die funktionelle Schnittkonstruktion ist nach den nat\u00fcrlichen Bewegungen des K\u00f6rpers geformt. Sie ist ergonomisch an den K\u00f6rper angepasst, f\u00fcr eine maximale Bewegungsfreiheit. Praktische Taschen: 1 Zollstocktasche rechts1 verschliessbare Volumentasche links2 Ges\u00e4sstaschen Weitenregulierung: Der Hosenbund ist verstellbar und kann so leicht an die unterschiedlichen K\u00f6rperformen angepasst werden und f\u00fcr eine bestimmte Zeit mitwachsen. Hosenverl\u00e4ngerung: Die [&hellip;]<\/p>\n","protected":false},"featured_media":672110,"template":"","meta":[],"product_brand":[],"product_cat":[4185],"product_tag":[],"class_list":{"0":"post-606335","1":"product","2":"type-product","3":"status-publish","4":"has-post-thumbnail","6":"product_cat-hosen","7":"pa_brand-fhb","8":"pa_brand-type-workwear","9":"pa_filter-color-anthrazit-schwarz","10":"pa_filter-color-gruen-schwarz","11":"pa_filter-color-marine-schwarz","12":"pa_filter-color-rot-schwarz","14":"first","15":"instock","16":"sale","17":"taxable","18":"shipping-taxable","19":"purchasable","20":"product-type-variable","21":"add-to-wishlist-before_image"},"exclude_global_add_ons":[],"addons":[],"acf":[],"_links":{"self":[{"href":"https:\/\/shop.kustom.ch\/fr\/wp-json\/wp\/v2\/product\/606335"}],"collection":[{"href":"https:\/\/shop.kustom.ch\/fr\/wp-json\/wp\/v2\/product"}],"about":[{"href":"https:\/\/shop.kustom.ch\/fr\/wp-json\/wp\/v2\/types\/product"}],"wp:featuredmedia":[{"embeddable":true,"href":"https:\/\/shop.kustom.ch\/fr\/wp-json\/wp\/v2\/media\/672110"}],"wp:attachment":[{"href":"https:\/\/shop.kustom.ch\/fr\/wp-json\/wp\/v2\/media?parent=606335"}],"wp:term":[{"taxonomy":"product_brand","embeddable":true,"href":"https:\/\/shop.kustom.ch\/fr\/wp-json\/wp\/v2\/product_brand?post=606335"},{"taxonomy":"product_cat","embeddable":true,"href":"https:\/\/shop.kustom.ch\/fr\/wp-json\/wp\/v2\/product_cat?post=606335"},{"taxonomy":"product_tag","embeddable":true,"href":"https:\/\/shop.kustom.ch\/fr\/wp-json\/wp\/v2\/product_tag?post=606335"}],"curies":[{"name":"wp","href":"https:\/\/api.w.org\/{rel}","templated":true}]}}