{"id":606012,"date":"2025-03-05T04:31:54","date_gmt":"2025-03-05T03:31:54","guid":{"rendered":"https:\/\/shop.kustom.ch\/?post_type=product&#038;p=606012"},"modified":"2026-04-01T07:09:14","modified_gmt":"2026-04-01T06:09:14","slug":"fhb-original-pascal-latzhose","status":"publish","type":"product","link":"https:\/\/shop.kustom.ch\/fr\/produit\/fhb-original-pascal-latzhose\/","title":{"rendered":"Salopette PASCAL"},"content":{"rendered":"<p>Ajustement :<br \/>\nLa coupe sportive et moderne suit les mouvements naturels des jambes et est ergonomiquement adapt\u00e9e au corps.<br \/>\nSur les c\u00f4t\u00e9s, le pantalon est coup\u00e9 plus haut qu'un pantalon normal, pour prot\u00e9ger les reins en quelque sorte.<br \/>\nLe t-shirt et le sweat-shirt sont ainsi toujours bien rang\u00e9s dans la salopette.La cale int\u00e9gr\u00e9e sur le c\u00f4t\u00e9 est particuli\u00e8rement \u00e9lastique et s'\u00e9tire lors de l'habillage, dans le mouvement lors du travail et m\u00eame pendant la pause de midi, on est assis nettement plus confortablement.Le pantalon peut \u00eatre rallong\u00e9 d'une taille interm\u00e9diaire sans couture.<br \/>\nPour cela, il suffit de d\u00e9couper une couture dans l'ourlet - par exemple avec un cutter.<br \/>\nTermin\u00e9.<br \/>\ndes bretelles :<br \/>\nLes bretelles \u00e9lastiques sont r\u00e9glables en longueur et assurent ainsi toujours un ajustement confortable.La fermeture \u00e0 glissi\u00e8re en plastique robuste de YKK est particuli\u00e8rement plate, reste stable et ne claque donc pas en mouvement.La bande de bretelles est particuli\u00e8rement ind\u00e9formable et ne gondole pas.L'extr\u00e9mit\u00e9 de la bande de bretelles peut \u00eatre pass\u00e9e dans une languette \u00e0 l'arri\u00e8re de la bavette et ainsi fix\u00e9e.<br \/>\nAinsi, elle est toujours cach\u00e9e.<br \/>\nSacs :<br \/>\nPoche pour t\u00e9l\u00e9phone portable, poche pour stylo et poche pour m\u00e8tre pliant de chaque c\u00f4t\u00e9 du pantalon.<br \/>\nAinsi, les choses sont toujours rapidement \u00e0 port\u00e9e de main, que ce soit de la main droite ou de la main gauche.<br \/>\nLa doublure en Cordura des poches lat\u00e9rales \u00e9vite que les outils ne frottent le tissu ext\u00e9rieur.<br \/>\nGrande poche poitrine avec fermeture \u00e9clair YKK de haute qualit\u00e9 sur le devant de la bavette et poche s\u00e9par\u00e9e pour 2 stylos.<br \/>\nLe fond du compartiment \u00e0 crayons est renforc\u00e9 par du Cordura.Les deux larges poches arri\u00e8re \u00e0 soufflet volum\u00e9trique sont recouvertes d'un rabat.Les sacs \u00e0 poches sont fabriqu\u00e9s en tissu ext\u00e9rieur r\u00e9sistant (250g\/m\u00b2).<br \/>\nLes passants de ceinture ont l'\u00e9cartement ad\u00e9quat pour les sacoches \u00e0 holster FHB Max et Moritz.<br \/>\nPoches pour genouill\u00e8res :<br \/>\nPoches pour genouill\u00e8res en polyamide r\u00e9sistant 100% (Cordura).Les genouill\u00e8res peuvent \u00eatre facilement ins\u00e9r\u00e9es par le haut.Le pantalon r\u00e9pond aux exigences de la protection des genoux pour les travaux en position agenouill\u00e9e de type 2, niveau de performance 1 selon DIN EN 14404:2004+A1:2010 en combinaison avec les genouill\u00e8res FHB Caspar certifi\u00e9es \u00e0 cet effet.<br \/>\ntraitement :<br \/>\nLes coutures arri\u00e8re \u00e0 triple piq\u00fbre renforcent le pantalon et am\u00e9liorent ainsi sa r\u00e9sistance \u00e0 la d\u00e9chirure... Mat\u00e9riau : 50% coton, 50% polyester<\/p>","protected":false},"excerpt":{"rendered":"<p>Passform: Die sportlich-moderne Schnittkonstruktion ist den nat\u00fcrlichen Bewegungen der Beine geformt und dem K\u00f6rper ergonomisch angepasst. Seitlich ist die Hose h\u00f6her geschnitten als eine normale Bundhose, quasi als Nierenschutz. T-Shirt und Sweatshirt sind so immer ordentlich in der Latzhose verstaut.Der seitlich eingearbeitete Keil ist besonders elastisch und dehnt sich beim Anziehen, in der Bewegung beim [&hellip;]<\/p>\n","protected":false},"featured_media":672258,"template":"","meta":[],"product_brand":[],"product_cat":[4185],"product_tag":[],"class_list":{"0":"post-606012","1":"product","2":"type-product","3":"status-publish","4":"has-post-thumbnail","6":"product_cat-hosen","7":"pa_brand-fhb","8":"pa_brand-type-workwear","9":"pa_filter-color-anthrazit-schwarz","10":"pa_filter-color-beige-schwarz","11":"pa_filter-color-grau-schwarz","12":"pa_filter-color-gruen-schwarz","13":"pa_filter-color-marine-schwarz","14":"pa_filter-color-oliv-schwarz","15":"pa_filter-color-rot-schwarz","16":"pa_filter-color-royalblau-schwarz","17":"pa_filter-color-schwarz","18":"pa_filter-color-weiss-anthrazit","20":"first","21":"instock","22":"sale","23":"taxable","24":"shipping-taxable","25":"purchasable","26":"product-type-variable","27":"add-to-wishlist-before_image"},"exclude_global_add_ons":[],"addons":[],"acf":[],"_links":{"self":[{"href":"https:\/\/shop.kustom.ch\/fr\/wp-json\/wp\/v2\/product\/606012"}],"collection":[{"href":"https:\/\/shop.kustom.ch\/fr\/wp-json\/wp\/v2\/product"}],"about":[{"href":"https:\/\/shop.kustom.ch\/fr\/wp-json\/wp\/v2\/types\/product"}],"wp:featuredmedia":[{"embeddable":true,"href":"https:\/\/shop.kustom.ch\/fr\/wp-json\/wp\/v2\/media\/672258"}],"wp:attachment":[{"href":"https:\/\/shop.kustom.ch\/fr\/wp-json\/wp\/v2\/media?parent=606012"}],"wp:term":[{"taxonomy":"product_brand","embeddable":true,"href":"https:\/\/shop.kustom.ch\/fr\/wp-json\/wp\/v2\/product_brand?post=606012"},{"taxonomy":"product_cat","embeddable":true,"href":"https:\/\/shop.kustom.ch\/fr\/wp-json\/wp\/v2\/product_cat?post=606012"},{"taxonomy":"product_tag","embeddable":true,"href":"https:\/\/shop.kustom.ch\/fr\/wp-json\/wp\/v2\/product_tag?post=606012"}],"curies":[{"name":"wp","href":"https:\/\/api.w.org\/{rel}","templated":true}]}}