{"id":605708,"date":"2025-03-05T04:28:40","date_gmt":"2025-03-05T03:28:40","guid":{"rendered":"https:\/\/shop.kustom.ch\/?post_type=product&#038;p=605708"},"modified":"2026-04-01T07:17:12","modified_gmt":"2026-04-01T06:17:12","slug":"fhb-original-fabian-arbeitshose","status":"publish","type":"product","link":"https:\/\/shop.kustom.ch\/fr\/produit\/fhb-original-fabian-arbeitshose\/","title":{"rendered":"FABIAN Pantalon de travail"},"content":{"rendered":"<p>Ajustement :<br \/>\nLa nouvelle construction fonctionnelle de la coupe est form\u00e9e selon les mouvements naturels du corps et est donc ergonomiquement adapt\u00e9e au corps.<br \/>\nLa taille plus haute \u00e0 l'arri\u00e8re am\u00e9liore le confort et permet de couvrir agr\u00e9ablement le dos, m\u00eame au niveau des genoux.<br \/>\nLes cales lat\u00e9rales \u00e9lastiques \u00e0 la taille assurent un grand confort.<br \/>\nAinsi, le pantalon reste toujours agr\u00e9ablement en place, m\u00eame en mouvement, et ne pince pas.<br \/>\nLe pantalon est dot\u00e9 d'un empi\u00e8cement stretch \u00e9lastique et respirant \u00e0 l'entrejambe pour une grande libert\u00e9 de mouvement.<br \/>\nCelui-ci \u00e9vite en outre que le pantalon ne se d\u00e9chire lors de mouvements rapides.<br \/>\nLe pantalon peut \u00eatre rallong\u00e9 d'une taille interm\u00e9diaire sans couture.<br \/>\nPour cela, il suffit de d\u00e9couper une couture dans l'ourlet, par exemple avec un cutter.<br \/>\nTermin\u00e9.<br \/>\nSacs :<br \/>\nPoche pour t\u00e9l\u00e9phone portable, poche pour stylo et poche pour m\u00e8tre pliant de chaque c\u00f4t\u00e9 du pantalon.<br \/>\nAinsi, les choses sont toujours rapidement \u00e0 port\u00e9e de main, que ce soit de la main droite ou de la main gauche.<br \/>\nLa doublure en Cordura des poches lat\u00e9rales \u00e9vite que les outils ne frottent le tissu ext\u00e9rieur.<br \/>\nLes sacs de poche sont fabriqu\u00e9s \u00e0 partir d'un tissu ext\u00e9rieur r\u00e9sistant (250 g\/m\u00b2).<br \/>\nLes passants de ceinture ont l'\u00e9cartement ad\u00e9quat pour les sacoches \u00e0 holster FHB Max et Moritz.<br \/>\ntraitement :<br \/>\nLes coutures arri\u00e8re \u00e0 triple piq\u00fbre renforcent le pantalon et am\u00e9liorent ainsi sa r\u00e9sistance \u00e0 la d\u00e9chirure... Mat\u00e9riau : 50% coton, 50% polyester<\/p>","protected":false},"excerpt":{"rendered":"<p>Passform: Die neue funktionelle Schnittkonstruktion ist nach den nat\u00fcrlichen Bewegungen des K\u00f6rpers geformt und somit ergonomisch an den K\u00f6rper angepasst. Der h\u00f6her gezogene Bund hinten verbessert das Tragegef\u00fchl und sorgt daf\u00fcr, dass der R\u00fccken auch im Knien angenehm bedeckt ist. Die elastischen Seitenkeile im Taillenbund sorgen f\u00fcr einen hohen Tragekomfort. Dadurch sitzt die Hose auch [&hellip;]<\/p>\n","protected":false},"featured_media":672005,"template":"","meta":[],"product_brand":[],"product_cat":[4185],"product_tag":[],"class_list":{"0":"post-605708","1":"product","2":"type-product","3":"status-publish","4":"has-post-thumbnail","6":"product_cat-hosen","7":"pa_brand-fhb","8":"pa_brand-type-workwear","9":"pa_filter-color-anthrazit-schwarz","10":"pa_filter-color-beige-schwarz","11":"pa_filter-color-grau-schwarz","12":"pa_filter-color-gruen-schwarz","13":"pa_filter-color-marine-schwarz","14":"pa_filter-color-oliv-schwarz","15":"pa_filter-color-rot-schwarz","16":"pa_filter-color-royalblau-schwarz","17":"pa_filter-color-weiss-anthrazit","19":"first","20":"instock","21":"sale","22":"taxable","23":"shipping-taxable","24":"purchasable","25":"product-type-variable","26":"add-to-wishlist-before_image"},"exclude_global_add_ons":[],"addons":[],"acf":[],"_links":{"self":[{"href":"https:\/\/shop.kustom.ch\/fr\/wp-json\/wp\/v2\/product\/605708"}],"collection":[{"href":"https:\/\/shop.kustom.ch\/fr\/wp-json\/wp\/v2\/product"}],"about":[{"href":"https:\/\/shop.kustom.ch\/fr\/wp-json\/wp\/v2\/types\/product"}],"wp:featuredmedia":[{"embeddable":true,"href":"https:\/\/shop.kustom.ch\/fr\/wp-json\/wp\/v2\/media\/672005"}],"wp:attachment":[{"href":"https:\/\/shop.kustom.ch\/fr\/wp-json\/wp\/v2\/media?parent=605708"}],"wp:term":[{"taxonomy":"product_brand","embeddable":true,"href":"https:\/\/shop.kustom.ch\/fr\/wp-json\/wp\/v2\/product_brand?post=605708"},{"taxonomy":"product_cat","embeddable":true,"href":"https:\/\/shop.kustom.ch\/fr\/wp-json\/wp\/v2\/product_cat?post=605708"},{"taxonomy":"product_tag","embeddable":true,"href":"https:\/\/shop.kustom.ch\/fr\/wp-json\/wp\/v2\/product_tag?post=605708"}],"curies":[{"name":"wp","href":"https:\/\/api.w.org\/{rel}","templated":true}]}}