{"id":605208,"date":"2025-03-05T04:23:12","date_gmt":"2025-03-05T03:23:12","guid":{"rendered":"https:\/\/shop.kustom.ch\/?post_type=product&#038;p=605208"},"modified":"2026-04-01T07:27:35","modified_gmt":"2026-04-01T06:27:35","slug":"fhb-original-rene-zunftbermuda-leicht-und-elastisch","status":"publish","type":"product","link":"https:\/\/shop.kustom.ch\/fr\/produit\/fhb-original-rene-zunftbermuda-leicht-und-elastisch\/","title":{"rendered":"RENE Bermuda de corporation l\u00e9ger et \u00e9lastique"},"content":{"rendered":"<p>FHB RENE, ultra-l\u00e9g\u00e8re, respirante et pourtant robuste gr\u00e2ce au tissu FHB enti\u00e8rement retors (1.),<br \/>\n\u00e9lastique et r\u00e9sistante au niveau des fesses, de l'entrejambe et des genoux gr\u00e2ce \u00e0<br \/>\nMat\u00e9riau Cordura Stretch (2e), ajust\u00e9, inserts \u00e9lastiques 3D-Frinlock<br \/>\npour un ajustement confortable, zone de poche (stylo, couteau et m\u00e8tre) en 100%<br \/>\nPolyamide (Cordura), poche pour t\u00e9l\u00e9phone portable avec fermeture \u00e9clair, poche extensible avec bouton magn\u00e9tique amovible, 2 poches arri\u00e8re \u00e0 rabat sans bouton.<\/p>","protected":false},"excerpt":{"rendered":"<p>FHB RENE, ultraleicht, atmungsaktiv und trotzdem robust durch FHB-Vollzwirn-Gewebe (1.), elastisch und widerstandsf\u00e4hig im Ges\u00e4\u00df-, Schritt- und Kniebereich durch Cordura-Stretch-Material (2.), k\u00f6rperbetont, elastische 3D-Frinlock-Eins\u00e4tze f\u00fcr Komfort-Passform, Taschenbereich (Stift-, Messer- und Zollstock) aus 100% Polyamid (Cordura), mit RV verschlie\u00dfbare Handytasche, dehnbare Volumentasche mit herausnehmbarem Magnetknopft, 2 Ges\u00e4\u00dfpattentaschen ohne Knopf<\/p>","protected":false},"featured_media":605236,"template":"","meta":[],"product_brand":[],"product_cat":[4198],"product_tag":[],"class_list":{"0":"post-605208","1":"product","2":"type-product","3":"status-publish","4":"has-post-thumbnail","6":"product_cat-shorts","7":"pa_brand-fhb","8":"pa_brand-type-workwear","9":"pa_filter-color-schwarz","11":"first","12":"instock","13":"sale","14":"taxable","15":"shipping-taxable","16":"purchasable","17":"product-type-variable","18":"add-to-wishlist-before_image"},"exclude_global_add_ons":[],"addons":[],"acf":[],"_links":{"self":[{"href":"https:\/\/shop.kustom.ch\/fr\/wp-json\/wp\/v2\/product\/605208"}],"collection":[{"href":"https:\/\/shop.kustom.ch\/fr\/wp-json\/wp\/v2\/product"}],"about":[{"href":"https:\/\/shop.kustom.ch\/fr\/wp-json\/wp\/v2\/types\/product"}],"wp:featuredmedia":[{"embeddable":true,"href":"https:\/\/shop.kustom.ch\/fr\/wp-json\/wp\/v2\/media\/605236"}],"wp:attachment":[{"href":"https:\/\/shop.kustom.ch\/fr\/wp-json\/wp\/v2\/media?parent=605208"}],"wp:term":[{"taxonomy":"product_brand","embeddable":true,"href":"https:\/\/shop.kustom.ch\/fr\/wp-json\/wp\/v2\/product_brand?post=605208"},{"taxonomy":"product_cat","embeddable":true,"href":"https:\/\/shop.kustom.ch\/fr\/wp-json\/wp\/v2\/product_cat?post=605208"},{"taxonomy":"product_tag","embeddable":true,"href":"https:\/\/shop.kustom.ch\/fr\/wp-json\/wp\/v2\/product_tag?post=605208"}],"curies":[{"name":"wp","href":"https:\/\/api.w.org\/{rel}","templated":true}]}}