{"id":605023,"date":"2025-03-05T04:20:59","date_gmt":"2025-03-05T03:20:59","guid":{"rendered":"https:\/\/shop.kustom.ch\/?post_type=product&#038;p=605023"},"modified":"2026-04-01T07:07:51","modified_gmt":"2026-04-01T06:07:51","slug":"fhb-original-kim-bermuda-elastisch","status":"publish","type":"product","link":"https:\/\/shop.kustom.ch\/fr\/produit\/fhb-original-kim-bermuda-elastisch\/","title":{"rendered":"KIM Bermuda \u00e9lastique"},"content":{"rendered":"<p>Bermuda FHB KIM, ultral\u00e9ger, respirant et pourtant robuste gr\u00e2ce au tissu FHB enti\u00e8rement retors (1.), \u00e9lastique et r\u00e9sistant au niveau des fesses, de l'entrejambe et des cuisses gr\u00e2ce au tissu Cordura Strech (2.), pr\u00e8s du corps, empi\u00e8cements \u00e9lastiques 3D-Frinlock pour une coupe confortable, zone des poches (stylo, couteau et m\u00e8tre) et fond des poches en polyamide 100% (Cordura soft), poche pour t\u00e9l\u00e9phone portable fermable par fermeture \u00e9clair, poche extensible pour le volume avec t\u00eate magn\u00e9tique amovible, 2 poches arri\u00e8res \u00e0 rabat sans bouton<\/p>","protected":false},"excerpt":{"rendered":"<p>Bermuda FHB KIM, ultral\u00e9ger, respirant et pourtant robuste gr\u00e2ce au tissu FHB enti\u00e8rement retors (1.), \u00e9lastique et r\u00e9sistant au niveau des fesses, de l'entrejambe et des cuisses gr\u00e2ce au tissu Cordura Strech (2.), pr\u00e8s du corps, empi\u00e8cements \u00e9lastiques 3D-Frinlock pour une coupe confortable, zone des poches (stylo, couteau et m\u00e8tre) et fond des poches en polyamide 100% (Cordura soft), poche pour t\u00e9l\u00e9phone portable fermable par fermeture \u00e9clair, poche extensible pour le volume avec t\u00eate magn\u00e9tique amovible, 2 poches arri\u00e8res \u00e0 rabat sans bouton<\/p>","protected":false},"featured_media":605062,"template":"","meta":[],"product_brand":[],"product_cat":[4185],"product_tag":[],"class_list":{"0":"post-605023","1":"product","2":"type-product","3":"status-publish","4":"has-post-thumbnail","6":"product_cat-hosen","7":"pa_brand-fhb","8":"pa_brand-type-workwear","9":"pa_filter-color-beige","10":"pa_filter-color-blau","11":"pa_filter-color-grau","12":"pa_filter-color-gruen","13":"pa_filter-color-rot","14":"pa_filter-color-schwarz","15":"pa_filter-color-weiss","17":"first","18":"instock","19":"sale","20":"taxable","21":"shipping-taxable","22":"purchasable","23":"product-type-variable","24":"add-to-wishlist-before_image"},"exclude_global_add_ons":[],"addons":[],"acf":[],"_links":{"self":[{"href":"https:\/\/shop.kustom.ch\/fr\/wp-json\/wp\/v2\/product\/605023"}],"collection":[{"href":"https:\/\/shop.kustom.ch\/fr\/wp-json\/wp\/v2\/product"}],"about":[{"href":"https:\/\/shop.kustom.ch\/fr\/wp-json\/wp\/v2\/types\/product"}],"wp:featuredmedia":[{"embeddable":true,"href":"https:\/\/shop.kustom.ch\/fr\/wp-json\/wp\/v2\/media\/605062"}],"wp:attachment":[{"href":"https:\/\/shop.kustom.ch\/fr\/wp-json\/wp\/v2\/media?parent=605023"}],"wp:term":[{"taxonomy":"product_brand","embeddable":true,"href":"https:\/\/shop.kustom.ch\/fr\/wp-json\/wp\/v2\/product_brand?post=605023"},{"taxonomy":"product_cat","embeddable":true,"href":"https:\/\/shop.kustom.ch\/fr\/wp-json\/wp\/v2\/product_cat?post=605023"},{"taxonomy":"product_tag","embeddable":true,"href":"https:\/\/shop.kustom.ch\/fr\/wp-json\/wp\/v2\/product_tag?post=605023"}],"curies":[{"name":"wp","href":"https:\/\/api.w.org\/{rel}","templated":true}]}}