{"id":604630,"date":"2025-03-05T04:15:03","date_gmt":"2025-03-05T03:15:03","guid":{"rendered":"https:\/\/shop.kustom.ch\/?post_type=product&#038;p=604630"},"modified":"2026-04-01T07:27:58","modified_gmt":"2026-04-01T06:27:58","slug":"fhb-original-maxi-zunfthose-elastisch","status":"publish","type":"product","link":"https:\/\/shop.kustom.ch\/fr\/produit\/fhb-original-maxi-zunfthose-elastisch\/","title":{"rendered":"Pantalon de travail MAXI \u00e9lastique"},"content":{"rendered":"<p>FHB MAXI, pantalon de m\u00e9tier, robuste, \u00e9lastique au niveau du fessier, de l'entrejambe et des genoux, pr\u00e8s du corps, \u00e9lastique<br \/>\nInserts 3D-Frinlock pour un ajustement confortable, polyamide 100% (Cordura) au niveau des genoux et des poches (stylo, couteau et m\u00e8tre), insertion des genouill\u00e8res par le haut,<br \/>\nPoche pour t\u00e9l\u00e9phone portable avec fermeture \u00e9clair, poche extensible avec compartiment \u00e0 bagages amovible, poche de rangement pour le mat\u00e9riel d'urgence.<br \/>\nBouton magn\u00e9tique, 2 poches arri\u00e8res \u00e0 rabat sans bouton.<br \/>\nProtection des genoux certifi\u00e9e DIN EN 14404 Protection des genoux de type 2, niveau de performance 1<br \/>\nseulement en combinaison avec FHB protection des genoux Casper<\/p>","protected":false},"excerpt":{"rendered":"<p>FHB MAXI, Zunfthose, robust, elastisch im Ges\u00e4\u00df-, Schritt- und Kniebereich, k\u00f6rperbetont, elastische 3D-Frinlock-Eins\u00e4tze f\u00fcr Komfort-Passform, 100% Polyamid (Cordura) im Knieund im Taschenbereich (Stift-, Messer- und Zollstock), Kniepolstereinschub von oben, mit RV verschlie\u00dfbare Handytasche, dehnbare Volumentasche mit herausnehmbarem Magnetknopf, 2 Ges\u00e4\u00dfpattentaschen ohne Knopf. Zertifizierter Knieschutz DIN EN 14404 Knieschutz Typ 2, Leistungsstufe 1 nur in Verbindung [&hellip;]<\/p>\n","protected":false},"featured_media":604664,"template":"","meta":[],"product_brand":[],"product_cat":[4185],"product_tag":[],"class_list":{"0":"post-604630","1":"product","2":"type-product","3":"status-publish","4":"has-post-thumbnail","6":"product_cat-hosen","7":"pa_brand-fhb","8":"pa_brand-type-workwear","9":"pa_filter-color-schwarz","11":"first","12":"instock","13":"sale","14":"taxable","15":"shipping-taxable","16":"purchasable","17":"product-type-variable","18":"add-to-wishlist-before_image"},"exclude_global_add_ons":[],"addons":[],"acf":[],"_links":{"self":[{"href":"https:\/\/shop.kustom.ch\/fr\/wp-json\/wp\/v2\/product\/604630"}],"collection":[{"href":"https:\/\/shop.kustom.ch\/fr\/wp-json\/wp\/v2\/product"}],"about":[{"href":"https:\/\/shop.kustom.ch\/fr\/wp-json\/wp\/v2\/types\/product"}],"wp:featuredmedia":[{"embeddable":true,"href":"https:\/\/shop.kustom.ch\/fr\/wp-json\/wp\/v2\/media\/604664"}],"wp:attachment":[{"href":"https:\/\/shop.kustom.ch\/fr\/wp-json\/wp\/v2\/media?parent=604630"}],"wp:term":[{"taxonomy":"product_brand","embeddable":true,"href":"https:\/\/shop.kustom.ch\/fr\/wp-json\/wp\/v2\/product_brand?post=604630"},{"taxonomy":"product_cat","embeddable":true,"href":"https:\/\/shop.kustom.ch\/fr\/wp-json\/wp\/v2\/product_cat?post=604630"},{"taxonomy":"product_tag","embeddable":true,"href":"https:\/\/shop.kustom.ch\/fr\/wp-json\/wp\/v2\/product_tag?post=604630"}],"curies":[{"name":"wp","href":"https:\/\/api.w.org\/{rel}","templated":true}]}}