{"id":604270,"date":"2025-03-05T04:11:25","date_gmt":"2025-03-05T03:11:25","guid":{"rendered":"https:\/\/shop.kustom.ch\/?post_type=product&#038;p=604270"},"modified":"2026-04-01T07:20:58","modified_gmt":"2026-04-01T06:20:58","slug":"fhb-original-leo-arbeitshose-elastisch","status":"publish","type":"product","link":"https:\/\/shop.kustom.ch\/fr\/produit\/fhb-original-leo-arbeitshose-elastisch\/","title":{"rendered":"LEO pantalon de travail \u00e9lastique"},"content":{"rendered":"<p>Pantalon de travail FHB LEO \u00e9lastique, robuste, \u00e9lastique au niveau du fessier, de l'entrejambe et des genoux, pr\u00e8s du corps, empi\u00e8cements \u00e9lastiques 3D-Frinlock pour un ajustement confortable, 100% polyamide (Cordura) au niveau des genoux et des poches (stylo, couteau et m\u00e8tre), insertion des genouill\u00e8res par le haut, poche pour t\u00e9l\u00e9phone portable fermable par fermeture \u00e9clair, poche extensible en volume fermable par bouton magn\u00e9tique amovible, 2 poches arri\u00e8res \u00e0 rabat, espacement des passants de ceinture adapt\u00e9 aux poches \u00e0 holster FHB, possibilit\u00e9 de rallonger facilement la longueur du pantalon de 5 cm<\/p>","protected":false},"excerpt":{"rendered":"<p>Pantalon de travail FHB LEO \u00e9lastique, robuste, \u00e9lastique au niveau du fessier, de l'entrejambe et des genoux, pr\u00e8s du corps, empi\u00e8cements \u00e9lastiques 3D-Frinlock pour un ajustement confortable, 100% polyamide (Cordura) au niveau des genoux et des poches (stylo, couteau et m\u00e8tre), insertion des genouill\u00e8res par le haut, poche pour t\u00e9l\u00e9phone portable fermable par fermeture \u00e9clair, poche extensible en volume fermable par bouton magn\u00e9tique amovible, 2 poches arri\u00e8res \u00e0 rabat, espacement des passants de ceinture adapt\u00e9 aux poches \u00e0 holster FHB, possibilit\u00e9 de rallonger facilement la longueur du pantalon de 5 cm<\/p>","protected":false},"featured_media":604478,"template":"","meta":[],"product_brand":[],"product_cat":[4185],"product_tag":[],"class_list":{"0":"post-604270","1":"product","2":"type-product","3":"status-publish","4":"has-post-thumbnail","6":"product_cat-hosen","7":"pa_brand-fhb","8":"pa_brand-type-workwear","9":"pa_filter-color-beige","10":"pa_filter-color-blau","11":"pa_filter-color-grau","12":"pa_filter-color-gruen","13":"pa_filter-color-rot","14":"pa_filter-color-schwarz","15":"pa_filter-color-weiss","17":"first","18":"instock","19":"sale","20":"taxable","21":"shipping-taxable","22":"purchasable","23":"product-type-variable","24":"add-to-wishlist-before_image"},"exclude_global_add_ons":[],"addons":[],"acf":[],"_links":{"self":[{"href":"https:\/\/shop.kustom.ch\/fr\/wp-json\/wp\/v2\/product\/604270"}],"collection":[{"href":"https:\/\/shop.kustom.ch\/fr\/wp-json\/wp\/v2\/product"}],"about":[{"href":"https:\/\/shop.kustom.ch\/fr\/wp-json\/wp\/v2\/types\/product"}],"wp:featuredmedia":[{"embeddable":true,"href":"https:\/\/shop.kustom.ch\/fr\/wp-json\/wp\/v2\/media\/604478"}],"wp:attachment":[{"href":"https:\/\/shop.kustom.ch\/fr\/wp-json\/wp\/v2\/media?parent=604270"}],"wp:term":[{"taxonomy":"product_brand","embeddable":true,"href":"https:\/\/shop.kustom.ch\/fr\/wp-json\/wp\/v2\/product_brand?post=604270"},{"taxonomy":"product_cat","embeddable":true,"href":"https:\/\/shop.kustom.ch\/fr\/wp-json\/wp\/v2\/product_cat?post=604270"},{"taxonomy":"product_tag","embeddable":true,"href":"https:\/\/shop.kustom.ch\/fr\/wp-json\/wp\/v2\/product_tag?post=604270"}],"curies":[{"name":"wp","href":"https:\/\/api.w.org\/{rel}","templated":true}]}}