{"id":604202,"date":"2025-03-05T04:10:39","date_gmt":"2025-03-05T03:10:39","guid":{"rendered":"https:\/\/shop.kustom.ch\/?post_type=product&#038;p=604202"},"modified":"2026-04-01T07:26:12","modified_gmt":"2026-04-01T06:26:12","slug":"fhb-original-nils-zunfthose-canvas-und-cordura","status":"publish","type":"product","link":"https:\/\/shop.kustom.ch\/fr\/produit\/fhb-original-nils-zunfthose-canvas-und-cordura\/","title":{"rendered":"Pantalon de travail NILS Canvas et Cordura"},"content":{"rendered":"<p>Ajustement :<br \/>\nLe pantalon de travail a une coupe confortable, d\u00e9contract\u00e9e et agr\u00e9able. Il est un peu plus large au niveau des cuisses pour ne pas g\u00eaner tes mouvements, m\u00eame avec un m\u00e8tre pliant dans la poche lat\u00e9rale.<br \/>\nTour de pied :<br \/>\n48 cm<br \/>\nPoches pour genouill\u00e8res :<br \/>\nPoches pour genouill\u00e8res en polyamide CORDURA\u00ae 100% r\u00e9sistant.Les genouill\u00e8res peuvent \u00eatre facilement ins\u00e9r\u00e9es par le bas.Le pantalon r\u00e9pond aux exigences de la protection des genoux pour les travaux en position agenouill\u00e9e de type 2, niveau de performance 1 selon la norme DIN EN 14404:2004+A1:2010 en combinaison avec les genouill\u00e8res FHB Caspar certifi\u00e9es \u00e0 cet effet.<br \/>\nSacs :<br \/>\n1 poche m\u00e8tre \u00e0 droite avec poche pour t\u00e9l\u00e9phone portable plaqu\u00e9e en CORDURA\u00ae.<br \/>\nLa poche pour t\u00e9l\u00e9phone portable est dot\u00e9e d'un rabat \u00e0 fermeture velcro.1 poche volumineuse plaqu\u00e9e \u00e0 gauche en CORDURA\u00ae robuste avec rabat \u00e0 fermeture velcro et compartiments \u00e0 stylos sur le devant.Spacieuses poches \u00e0 l'avant avec larges ouvertures.Les poches fixes sont fabriqu\u00e9es en tissu ext\u00e9rieur r\u00e9sistant (310 g\/m\u00b2).<br \/>\nLes deux larges poches arri\u00e8re \u00e0 soufflet sont munies d'un rabat \u00e0 fermeture velcro. Les passants de ceinture ont l'\u00e9cartement ad\u00e9quat pour les sacoches \u00e0 holster FHB Max et Moritz.<br \/>\nFermetures \u00e0 glissi\u00e8re :<br \/>\nLes fermetures \u00e0 glissi\u00e8re argent\u00e9es et extra-larges de YKK avec des embouts massifs sont particuli\u00e8rement robustes et durables.<br \/>\ntraitement :<br \/>\nDes coutures fessi\u00e8res robustes \u00e0 double piq\u00fbre renforcent le pantalon pour une dur\u00e9e de vie extra longue.<br \/>\nLes coins cousus 2 fois en similicuir prot\u00e8gent les coins du sac de l'arrachement, m\u00eame en cas de forte sollicitation.Passepoil du sac en CORDURA\u00ae robuste.<br \/>\nTon logo :<br \/>\nBonnes possibilit\u00e9s de finition pour que ton logo soit parfaitement plac\u00e9... Mat\u00e9riau : 65% coton, 35% polyester<\/p>","protected":false},"excerpt":{"rendered":"<p>Passform: Die Zunfthose ist bequem geschnitten und sitzt locker und angenehm.An den Oberschenkeln ist die Zunfthose etwas weiter geschnitten, damit sie dich auch mit Zollstock in der seitlichen Tasche nicht in der Bewegung einschr\u00e4nkt. Fussweitenumfang: 48 cm Kniepolstertaschen: Kniepolstertaschen aus 100% strapazierf\u00e4higem Polyamid CORDURA\u00ae.Die Kniepolster k\u00f6nnen einfach von unten eingeschoben werden.Die Hose erf\u00fcllt die Anforderungen [&hellip;]<\/p>\n","protected":false},"featured_media":672251,"template":"","meta":[],"product_brand":[],"product_cat":[4185],"product_tag":[],"class_list":{"0":"post-604202","1":"product","2":"type-product","3":"status-publish","4":"has-post-thumbnail","6":"product_cat-hosen","7":"pa_brand-fhb","8":"pa_brand-type-workwear","9":"pa_filter-color-anthrazit","10":"pa_filter-color-schwarz","12":"first","13":"instock","14":"sale","15":"taxable","16":"shipping-taxable","17":"purchasable","18":"product-type-variable","19":"add-to-wishlist-before_image"},"exclude_global_add_ons":[],"addons":[],"acf":[],"_links":{"self":[{"href":"https:\/\/shop.kustom.ch\/fr\/wp-json\/wp\/v2\/product\/604202"}],"collection":[{"href":"https:\/\/shop.kustom.ch\/fr\/wp-json\/wp\/v2\/product"}],"about":[{"href":"https:\/\/shop.kustom.ch\/fr\/wp-json\/wp\/v2\/types\/product"}],"wp:featuredmedia":[{"embeddable":true,"href":"https:\/\/shop.kustom.ch\/fr\/wp-json\/wp\/v2\/media\/672251"}],"wp:attachment":[{"href":"https:\/\/shop.kustom.ch\/fr\/wp-json\/wp\/v2\/media?parent=604202"}],"wp:term":[{"taxonomy":"product_brand","embeddable":true,"href":"https:\/\/shop.kustom.ch\/fr\/wp-json\/wp\/v2\/product_brand?post=604202"},{"taxonomy":"product_cat","embeddable":true,"href":"https:\/\/shop.kustom.ch\/fr\/wp-json\/wp\/v2\/product_cat?post=604202"},{"taxonomy":"product_tag","embeddable":true,"href":"https:\/\/shop.kustom.ch\/fr\/wp-json\/wp\/v2\/product_tag?post=604202"}],"curies":[{"name":"wp","href":"https:\/\/api.w.org\/{rel}","templated":true}]}}