{"id":604157,"date":"2025-03-05T04:09:59","date_gmt":"2025-03-05T03:09:59","guid":{"rendered":"https:\/\/shop.kustom.ch\/?post_type=product&#038;p=604157"},"modified":"2026-04-01T07:13:07","modified_gmt":"2026-04-01T06:13:07","slug":"fhb-original-sascha-zunft-bermuda-canvas","status":"publish","type":"product","link":"https:\/\/shop.kustom.ch\/fr\/produit\/fhb-original-sascha-zunft-bermuda-canvas\/","title":{"rendered":"Bermuda de corporation SASCHA Canvas"},"content":{"rendered":"<p>Ajustement :<br \/>\nLe Zunftshorts a une coupe confortable et reste toujours d\u00e9contract\u00e9 et agr\u00e9able. La taille plus haute \u00e0 l'arri\u00e8re am\u00e9liore le confort et fait en sorte que le dos soit agr\u00e9ablement couvert, m\u00eame aux genoux.<br \/>\nLes cales lat\u00e9rales \u00e9lastiques \u00e0 la taille assurent un grand confort.<br \/>\nAinsi, le pantalon reste toujours agr\u00e9ablement en place, m\u00eame en mouvement, et ne pince pas.<br \/>\nLe pantalon a un empi\u00e8cement continu \u00e0 l'entrejambe.<br \/>\nCela garantit une libert\u00e9 de mouvement maximale et emp\u00eache de mani\u00e8re fiable que le pantalon se d\u00e9chire lors de mouvements rapides.<br \/>\nSacs :<br \/>\nPoche pour t\u00e9l\u00e9phone portable, poche pour stylo et poche pour m\u00e8tre pliant de chaque c\u00f4t\u00e9 du pantalon.<br \/>\nAinsi, les choses sont toujours rapidement \u00e0 port\u00e9e de main, que ce soit de la main droite ou de la main gauche.<br \/>\nLa doublure en Cordura des poches lat\u00e9rales \u00e9vite que les outils ne frottent le tissu ext\u00e9rieur.<br \/>\nLes poches fixes sont fabriqu\u00e9es dans un tissu ext\u00e9rieur r\u00e9sistant (310 g\/m\u00b2).<br \/>\nLes passants de ceinture ont l'\u00e9cartement ad\u00e9quat pour les sacoches \u00e0 holster FHB Max et Moritz.<br \/>\ntraitement :<br \/>\nLes coutures arri\u00e8re \u00e0 double piq\u00fbre renforcent le pantalon et am\u00e9liorent ainsi sa r\u00e9sistance \u00e0 la d\u00e9chirure... Mati\u00e8re : 65% coton, 35% polyester<\/p>","protected":false},"excerpt":{"rendered":"<p>Passform: Die Zunftshorts ist bequem geschnitten und sitzt immer locker und angenehm.Der h\u00f6her gezogene Bund hinten verbessert das Tragegef\u00fchl und sorgt daf\u00fcr, dass der R\u00fccken auch im Knien angenehm bedeckt ist. Die elastischen Seitenkeile im Taillenbund sorgen f\u00fcr einen hohen Tragekomfort. Dadurch sitzt die Hose auch in der Bewegung immer angenehm und kneift nicht. Die [&hellip;]<\/p>\n","protected":false},"featured_media":672290,"template":"","meta":[],"product_brand":[],"product_cat":[4185],"product_tag":[],"class_list":{"0":"post-604157","1":"product","2":"type-product","3":"status-publish","4":"has-post-thumbnail","6":"product_cat-hosen","7":"pa_brand-fhb","8":"pa_brand-type-workwear","9":"pa_filter-color-anthrazit","10":"pa_filter-color-beige","11":"pa_filter-color-schwarz","13":"first","14":"instock","15":"sale","16":"taxable","17":"shipping-taxable","18":"purchasable","19":"product-type-variable","20":"add-to-wishlist-before_image"},"exclude_global_add_ons":[],"addons":[],"acf":[],"_links":{"self":[{"href":"https:\/\/shop.kustom.ch\/fr\/wp-json\/wp\/v2\/product\/604157"}],"collection":[{"href":"https:\/\/shop.kustom.ch\/fr\/wp-json\/wp\/v2\/product"}],"about":[{"href":"https:\/\/shop.kustom.ch\/fr\/wp-json\/wp\/v2\/types\/product"}],"wp:featuredmedia":[{"embeddable":true,"href":"https:\/\/shop.kustom.ch\/fr\/wp-json\/wp\/v2\/media\/672290"}],"wp:attachment":[{"href":"https:\/\/shop.kustom.ch\/fr\/wp-json\/wp\/v2\/media?parent=604157"}],"wp:term":[{"taxonomy":"product_brand","embeddable":true,"href":"https:\/\/shop.kustom.ch\/fr\/wp-json\/wp\/v2\/product_brand?post=604157"},{"taxonomy":"product_cat","embeddable":true,"href":"https:\/\/shop.kustom.ch\/fr\/wp-json\/wp\/v2\/product_cat?post=604157"},{"taxonomy":"product_tag","embeddable":true,"href":"https:\/\/shop.kustom.ch\/fr\/wp-json\/wp\/v2\/product_tag?post=604157"}],"curies":[{"name":"wp","href":"https:\/\/api.w.org\/{rel}","templated":true}]}}