{"id":604058,"date":"2025-03-05T04:09:09","date_gmt":"2025-03-05T03:09:09","guid":{"rendered":"https:\/\/shop.kustom.ch\/?post_type=product&#038;p=604058"},"modified":"2026-04-01T07:20:03","modified_gmt":"2026-04-01T06:20:03","slug":"fhb-original-sebastian-zunfthose-canvas-und-cordura","status":"publish","type":"product","link":"https:\/\/shop.kustom.ch\/fr\/produit\/fhb-original-sebastian-zunfthose-canvas-und-cordura\/","title":{"rendered":"SEBASTIAN Pantalon de travail Canvas et Cordura"},"content":{"rendered":"<p>Ajustement :<br \/>\nLa nouvelle construction fonctionnelle de la coupe est form\u00e9e selon les mouvements naturels du corps et est donc ergonomiquement adapt\u00e9e au corps.<br \/>\nLa taille plus haute \u00e0 l'arri\u00e8re am\u00e9liore le confort et permet de couvrir agr\u00e9ablement le dos, m\u00eame au niveau des genoux.<br \/>\nLes cales lat\u00e9rales \u00e9lastiques \u00e0 la taille assurent un grand confort.<br \/>\nAinsi, le pantalon reste toujours agr\u00e9ablement en place, m\u00eame en mouvement, et ne pince pas.<br \/>\nLe pantalon a un empi\u00e8cement continu \u00e0 l'entrejambe.<br \/>\nCela garantit une libert\u00e9 de mouvement maximale et emp\u00eache de mani\u00e8re fiable que le pantalon se d\u00e9chire lors de mouvements rapides.<br \/>\nLe pantalon peut \u00eatre rallong\u00e9 d'une taille interm\u00e9diaire sans couture.<br \/>\nPour cela, il suffit de d\u00e9couper une couture dans l'ourlet, par exemple avec un cutter.<br \/>\nTermin\u00e9.<br \/>\nSacs :<br \/>\nPoche pour t\u00e9l\u00e9phone portable, poche pour stylo et poche pour m\u00e8tre pliant de chaque c\u00f4t\u00e9 du pantalon.<br \/>\nAinsi, les choses sont toujours rapidement \u00e0 port\u00e9e de main, que ce soit de la main droite ou de la main gauche.<br \/>\nLa doublure en Cordura des poches lat\u00e9rales \u00e9vite que les outils ne frottent le tissu ext\u00e9rieur.<br \/>\nLes poches fixes sont fabriqu\u00e9es dans un tissu ext\u00e9rieur r\u00e9sistant (320 g\/m\u00b2).<br \/>\nLes passants de ceinture ont l'\u00e9cartement ad\u00e9quat pour les sacoches \u00e0 holster FHB Max et Moritz.<br \/>\nPoches pour genouill\u00e8res :<br \/>\nPoches pour genouill\u00e8res en polyamide r\u00e9sistant 100% (Cordura).Les genouill\u00e8res peuvent \u00eatre facilement ins\u00e9r\u00e9es par le haut.Le pantalon r\u00e9pond aux exigences de la protection des genoux pour les travaux en position agenouill\u00e9e de type 2, niveau de performance 1 selon DIN EN 14404:2004+A1:2010 en combinaison avec les genouill\u00e8res FHB Caspar certifi\u00e9es \u00e0 cet effet.<br \/>\ntraitement :<br \/>\nLes coutures arri\u00e8re \u00e0 double piq\u00fbre renforcent le pantalon et am\u00e9liorent ainsi sa r\u00e9sistance \u00e0 la d\u00e9chirure... Mati\u00e8re : 65% coton, 35% polyester<\/p>","protected":false},"excerpt":{"rendered":"<p>Passform: Die neue funktionelle Schnittkonstruktion ist nach den nat\u00fcrlichen Bewegungen des K\u00f6rpers geformt und somit ergonomisch an den K\u00f6rper angepasst. Der h\u00f6her gezogene Bund hinten verbessert das Tragegef\u00fchl und sorgt daf\u00fcr, dass der R\u00fccken auch im Knien angenehm bedeckt ist. Die elastischen Seitenkeile im Taillenbund sorgen f\u00fcr einen hohen Tragekomfort. Dadurch sitzt die Hose auch [&hellip;]<\/p>\n","protected":false},"featured_media":672293,"template":"","meta":[],"product_brand":[],"product_cat":[4185],"product_tag":[],"class_list":{"0":"post-604058","1":"product","2":"type-product","3":"status-publish","4":"has-post-thumbnail","6":"product_cat-hosen","7":"pa_brand-fhb","8":"pa_brand-type-workwear","9":"pa_filter-color-anthrazit","10":"pa_filter-color-beige","11":"pa_filter-color-schwarz","13":"first","14":"instock","15":"sale","16":"taxable","17":"shipping-taxable","18":"purchasable","19":"product-type-variable","20":"add-to-wishlist-before_image"},"exclude_global_add_ons":[],"addons":[],"acf":[],"_links":{"self":[{"href":"https:\/\/shop.kustom.ch\/fr\/wp-json\/wp\/v2\/product\/604058"}],"collection":[{"href":"https:\/\/shop.kustom.ch\/fr\/wp-json\/wp\/v2\/product"}],"about":[{"href":"https:\/\/shop.kustom.ch\/fr\/wp-json\/wp\/v2\/types\/product"}],"wp:featuredmedia":[{"embeddable":true,"href":"https:\/\/shop.kustom.ch\/fr\/wp-json\/wp\/v2\/media\/672293"}],"wp:attachment":[{"href":"https:\/\/shop.kustom.ch\/fr\/wp-json\/wp\/v2\/media?parent=604058"}],"wp:term":[{"taxonomy":"product_brand","embeddable":true,"href":"https:\/\/shop.kustom.ch\/fr\/wp-json\/wp\/v2\/product_brand?post=604058"},{"taxonomy":"product_cat","embeddable":true,"href":"https:\/\/shop.kustom.ch\/fr\/wp-json\/wp\/v2\/product_cat?post=604058"},{"taxonomy":"product_tag","embeddable":true,"href":"https:\/\/shop.kustom.ch\/fr\/wp-json\/wp\/v2\/product_tag?post=604058"}],"curies":[{"name":"wp","href":"https:\/\/api.w.org\/{rel}","templated":true}]}}