{"id":604041,"date":"2025-03-05T04:08:29","date_gmt":"2025-03-05T03:08:29","guid":{"rendered":"https:\/\/shop.kustom.ch\/?post_type=product&#038;p=604041"},"modified":"2026-04-01T07:43:07","modified_gmt":"2026-04-01T06:43:07","slug":"fhb-original-anna-zunfthose-elastisch","status":"publish","type":"product","link":"https:\/\/shop.kustom.ch\/fr\/produit\/fhb-original-anna-zunfthose-elastisch\/","title":{"rendered":"Pantalon de travail ANNA \u00e9lastique"},"content":{"rendered":"<p>FHB ANNA pantalon de m\u00e9tier \u00e9lastique dames, tissu \u00e9lastique d\u00e9velopp\u00e9 sp\u00e9cialement pour FHB dans un rapport de m\u00e9lange parfait garantit un confort parfait, pantalon de m\u00e9tier tubulaire collection d'origine, tour de pied 36cm, 2 poches m\u00e8tre, passepoil noir en similicuir pour poches, 1 poche arri\u00e8re, fermetures \u00e9clair YKK noires mates : dents sym\u00e9triques, galvanis\u00e9es, polies et extra-r\u00e9sistantes gr\u00e2ce \u00e0 des pi\u00e8ces massives de d\u00e9but et de fin.<\/p>","protected":false},"excerpt":{"rendered":"<p>FHB ANNA Zunfthose elastisch Damen, extra f\u00fcr FHB entwickeltes, elastisches Gewebe im perfekten Mischungsverh\u00e4ltnis gew\u00e4hrleistet den perfekten Tragekomfort, R\u00f6hren-Zunfthose Ursprungskollektion, Fu\u00dfweitenumfang 36cm, 2 Zollstocktaschen, schwarze Taschenkunstlederpaspelierung, 1 Ges\u00e4\u00dftasche, matt-schwarze YKK-Rei\u00dfverschl\u00fcsse: symmetrische Z\u00e4hne, galvanisiert, poliert und extra stark durch massive Anfangs- und Endst\u00fccke<\/p>","protected":false},"featured_media":604051,"template":"","meta":[],"product_brand":[],"product_cat":[4185],"product_tag":[],"class_list":{"0":"post-604041","1":"product","2":"type-product","3":"status-publish","4":"has-post-thumbnail","6":"product_cat-hosen","7":"pa_brand-fhb","8":"pa_brand-type-workwear","9":"pa_filter-color-schwarz","11":"first","12":"instock","13":"sale","14":"taxable","15":"shipping-taxable","16":"purchasable","17":"product-type-variable","18":"add-to-wishlist-before_image"},"exclude_global_add_ons":[],"addons":[],"acf":[],"_links":{"self":[{"href":"https:\/\/shop.kustom.ch\/fr\/wp-json\/wp\/v2\/product\/604041"}],"collection":[{"href":"https:\/\/shop.kustom.ch\/fr\/wp-json\/wp\/v2\/product"}],"about":[{"href":"https:\/\/shop.kustom.ch\/fr\/wp-json\/wp\/v2\/types\/product"}],"wp:featuredmedia":[{"embeddable":true,"href":"https:\/\/shop.kustom.ch\/fr\/wp-json\/wp\/v2\/media\/604051"}],"wp:attachment":[{"href":"https:\/\/shop.kustom.ch\/fr\/wp-json\/wp\/v2\/media?parent=604041"}],"wp:term":[{"taxonomy":"product_brand","embeddable":true,"href":"https:\/\/shop.kustom.ch\/fr\/wp-json\/wp\/v2\/product_brand?post=604041"},{"taxonomy":"product_cat","embeddable":true,"href":"https:\/\/shop.kustom.ch\/fr\/wp-json\/wp\/v2\/product_cat?post=604041"},{"taxonomy":"product_tag","embeddable":true,"href":"https:\/\/shop.kustom.ch\/fr\/wp-json\/wp\/v2\/product_tag?post=604041"}],"curies":[{"name":"wp","href":"https:\/\/api.w.org\/{rel}","templated":true}]}}