{"id":604010,"date":"2025-03-05T04:08:22","date_gmt":"2025-03-05T03:08:22","guid":{"rendered":"https:\/\/shop.kustom.ch\/?post_type=product&#038;p=604010"},"modified":"2026-04-01T07:07:12","modified_gmt":"2026-04-01T06:07:12","slug":"fhb-original-albert-zunfthose-elastisch","status":"publish","type":"product","link":"https:\/\/shop.kustom.ch\/fr\/produit\/fhb-original-albert-zunfthose-elastisch\/","title":{"rendered":"ALBERT Pantalon de travail \u00e9lastique"},"content":{"rendered":"<p>Ajustement :<br \/>\nCoupe droite en forme de tube.<br \/>\nCoupe plus \u00e9troite que les pantalons de travail classiques.<br \/>\nLe tissu ext\u00e9rieur \u00e9lastique assure une libert\u00e9 de mouvement maximale et ne te limite donc pas dans ton travail.<br \/>\nTour de pied :<br \/>\n38 cm<br \/>\nSacs :<br \/>\n2 poches m\u00e8tre.1 poche arri\u00e8re avec bouton.2 poches ouvertes sur le devant.Passepoil en similicuir noir des poches.<br \/>\nFermetures \u00e0 glissi\u00e8re :<br \/>\nFermetures \u00e0 glissi\u00e8re de haute qualit\u00e9 de YKK en noir mat \u00e9l\u00e9gant, particuli\u00e8rement faciles \u00e0 manipuler et robustes.<br \/>\nR\u00e9glage de la largeur :<br \/>\nLa taille du pantalon peut \u00eatre r\u00e9gl\u00e9e individuellement \u00e0 l'aide de 2 sangles \u00e0 boucle.<br \/>\nPassants de ceinture :<br \/>\nPassants de ceinture de 2 cm de large. Les passants de ceinture ont l'espacement appropri\u00e9 pour les sacoches \u00e0 holster FHB Max et Moritz.<br \/>\ntraitement :<br \/>\nLa couture rabattue au niveau des fesses conf\u00e8re au pantalon une stabilit\u00e9 suppl\u00e9mentaire et lui permet de conserver sa forme tout en am\u00e9liorant sa r\u00e9sistance \u00e0 la d\u00e9chirure... Mati\u00e8re : 48% coton, 48% polyester, 4% EOL<\/p>","protected":false},"excerpt":{"rendered":"<p>Passform: Gerader Schnitt in R\u00f6hren-Form. Schmaler geschnitten als klassische Zunfthosen.Die Zunfthose sitzt k\u00f6rpernah, aber nicht hauteng. Der elastische Oberstoff sorgt f\u00fcr eine maximale Bewegungsfreiheit und schr\u00e4nkt dich somit bei der Arbeit nicht ein. Fussweitenumfang: 38 cm Taschen: 2 Zollstocktaschen.1 Ges\u00e4sstasche mit Knopf.2 offene Einschubtaschen vorne.Schwarze Taschen-Kunstleder-Paspelierung. Reissverschl\u00fcsse: Hochwertige Reissverschl\u00fcsse von YKK in edlem mattschwarz \u0096 [&hellip;]<\/p>\n","protected":false},"featured_media":671861,"template":"","meta":[],"product_brand":[],"product_cat":[4185],"product_tag":[],"class_list":{"0":"post-604010","1":"product","2":"type-product","3":"status-publish","4":"has-post-thumbnail","6":"product_cat-hosen","7":"pa_brand-fhb","8":"pa_brand-type-workwear","9":"pa_filter-color-schwarz","11":"first","12":"instock","13":"sale","14":"taxable","15":"shipping-taxable","16":"purchasable","17":"product-type-variable","18":"add-to-wishlist-before_image"},"exclude_global_add_ons":[],"addons":[],"acf":[],"_links":{"self":[{"href":"https:\/\/shop.kustom.ch\/fr\/wp-json\/wp\/v2\/product\/604010"}],"collection":[{"href":"https:\/\/shop.kustom.ch\/fr\/wp-json\/wp\/v2\/product"}],"about":[{"href":"https:\/\/shop.kustom.ch\/fr\/wp-json\/wp\/v2\/types\/product"}],"wp:featuredmedia":[{"embeddable":true,"href":"https:\/\/shop.kustom.ch\/fr\/wp-json\/wp\/v2\/media\/671861"}],"wp:attachment":[{"href":"https:\/\/shop.kustom.ch\/fr\/wp-json\/wp\/v2\/media?parent=604010"}],"wp:term":[{"taxonomy":"product_brand","embeddable":true,"href":"https:\/\/shop.kustom.ch\/fr\/wp-json\/wp\/v2\/product_brand?post=604010"},{"taxonomy":"product_cat","embeddable":true,"href":"https:\/\/shop.kustom.ch\/fr\/wp-json\/wp\/v2\/product_cat?post=604010"},{"taxonomy":"product_tag","embeddable":true,"href":"https:\/\/shop.kustom.ch\/fr\/wp-json\/wp\/v2\/product_tag?post=604010"}],"curies":[{"name":"wp","href":"https:\/\/api.w.org\/{rel}","templated":true}]}}