{"id":603998,"date":"2025-03-05T04:07:47","date_gmt":"2025-03-05T03:07:47","guid":{"rendered":"https:\/\/shop.kustom.ch\/?post_type=product&#038;p=603998"},"modified":"2026-04-01T07:38:46","modified_gmt":"2026-04-01T06:38:46","slug":"fhb-original-bobby-kinder-zunfthose-rips-moleskin","status":"publish","type":"product","link":"https:\/\/shop.kustom.ch\/fr\/produit\/fhb-original-bobby-kinder-zunfthose-rips-moleskin\/","title":{"rendered":"BOBBY -Pantalon de travail Rips-Moleskin"},"content":{"rendered":"<p>Aspect traditionnel d'un pantalon de corporation avec les 2 fermetures \u00e0 glissi\u00e8re typiques.Fermetures \u00e0 glissi\u00e8re en argent.1 poche m\u00e8tre.1 poche arri\u00e8re.Double-genoux.Passepoil de poche en similicuir... Mati\u00e8re : 100% coton<\/p>","protected":false},"excerpt":{"rendered":"<p>Aspect traditionnel d'un pantalon de corporation avec les 2 fermetures \u00e0 glissi\u00e8re typiques.Fermetures \u00e0 glissi\u00e8re en argent.1 poche m\u00e8tre.1 poche arri\u00e8re.Double-genoux.Passepoil de poche en similicuir... Mati\u00e8re : 100% coton<\/p>","protected":false},"featured_media":671920,"template":"","meta":[],"product_brand":[],"product_cat":[4185],"product_tag":[],"class_list":{"0":"post-603998","1":"product","2":"type-product","3":"status-publish","4":"has-post-thumbnail","6":"product_cat-hosen","7":"pa_brand-fhb","8":"pa_brand-type-workwear","9":"pa_filter-color-schwarz","11":"first","12":"instock","13":"sale","14":"taxable","15":"shipping-taxable","16":"purchasable","17":"product-type-variable","18":"add-to-wishlist-before_image"},"exclude_global_add_ons":[],"addons":[],"acf":[],"_links":{"self":[{"href":"https:\/\/shop.kustom.ch\/fr\/wp-json\/wp\/v2\/product\/603998"}],"collection":[{"href":"https:\/\/shop.kustom.ch\/fr\/wp-json\/wp\/v2\/product"}],"about":[{"href":"https:\/\/shop.kustom.ch\/fr\/wp-json\/wp\/v2\/types\/product"}],"wp:featuredmedia":[{"embeddable":true,"href":"https:\/\/shop.kustom.ch\/fr\/wp-json\/wp\/v2\/media\/671920"}],"wp:attachment":[{"href":"https:\/\/shop.kustom.ch\/fr\/wp-json\/wp\/v2\/media?parent=603998"}],"wp:term":[{"taxonomy":"product_brand","embeddable":true,"href":"https:\/\/shop.kustom.ch\/fr\/wp-json\/wp\/v2\/product_brand?post=603998"},{"taxonomy":"product_cat","embeddable":true,"href":"https:\/\/shop.kustom.ch\/fr\/wp-json\/wp\/v2\/product_cat?post=603998"},{"taxonomy":"product_tag","embeddable":true,"href":"https:\/\/shop.kustom.ch\/fr\/wp-json\/wp\/v2\/product_tag?post=603998"}],"curies":[{"name":"wp","href":"https:\/\/api.w.org\/{rel}","templated":true}]}}