{"id":603971,"date":"2025-03-05T04:07:41","date_gmt":"2025-03-05T03:07:41","guid":{"rendered":"https:\/\/shop.kustom.ch\/?post_type=product&#038;p=603971"},"modified":"2026-04-01T07:18:17","modified_gmt":"2026-04-01T06:18:17","slug":"fhb-original-wim-zunft-shorts-rips-moleskin","status":"publish","type":"product","link":"https:\/\/shop.kustom.ch\/fr\/produit\/fhb-original-wim-zunft-shorts-rips-moleskin\/","title":{"rendered":"WIM Short de m\u00e9tier Rips-Moleskin"},"content":{"rendered":"<p>Ajustement :<br \/>\nLe short de corporation a une coupe confortable et d\u00e9contract\u00e9e. Les rabats avec crochets et \u0153illets derri\u00e8re les fermetures \u00e9clair assurent une assise stable et emp\u00eachent le short de glisser pendant les mouvements.<br \/>\nLongueur d'entrejambe :<br \/>\nWim a une longueur d'entrejambe moyenne de 25 cm pour une taille 50.<br \/>\nSacs :<br \/>\nPoche pour m\u00e8tre pliant et stylo de chaque c\u00f4t\u00e9 du pantalon.<br \/>\nAinsi, le m\u00e8tre pliant et le stylo sont toujours \u00e0 port\u00e9e de main, de la main droite ou de la main gauche.<br \/>\nLes poches fixes sont fabriqu\u00e9es dans un tissu de doublure r\u00e9sistant (300 g\/m\u00b2).<br \/>\n1 poche arri\u00e8re avec bouton. Les passants de ceinture ont la distance appropri\u00e9e pour les sacoches \u00e0 holster FHB Max et Moritz.<br \/>\nFermetures \u00e0 glissi\u00e8re :<br \/>\nLes fermetures \u00e0 glissi\u00e8re extra larges de YKK avec embouts massifs sont particuli\u00e8rement robustes et durables.<br \/>\ntraitement :<br \/>\nDes coutures fessi\u00e8res robustes \u00e0 double piq\u00fbre renforcent le pantalon pour une dur\u00e9e de vie extra longue.<br \/>\nDes coins cousus 2 fois en similicuir prot\u00e8gent les coins du sac de l'arrachement, m\u00eame en cas de forte charge.<br \/>\nTon logo :<br \/>\nBonnes possibilit\u00e9s de finition pour que ton logo soit parfaitement plac\u00e9... Mati\u00e8re : 100% coton<\/p>","protected":false},"excerpt":{"rendered":"<p>Passform: Die Zunftshorts ist bequem und locker geschnitten.Die Klappen mit Haken und \u00d6sen hinter den Reissverschl\u00fcssen sorgen f\u00fcr einen stabilen Sitz und verhindern ein Verrutschen in der Bewegung. Schrittl\u00e4nge: Wim hat eine mittlere Schrittl\u00e4nge von 25 cm bei Gr\u00f6sse 50. Taschen: Zollstock- und Stifttasche auf beiden Seiten der Hose. So sind Zollstock und Stift mit [&hellip;]<\/p>\n","protected":false},"featured_media":672351,"template":"","meta":[],"product_brand":[],"product_cat":[4185],"product_tag":[],"class_list":{"0":"post-603971","1":"product","2":"type-product","3":"status-publish","4":"has-post-thumbnail","6":"product_cat-hosen","7":"pa_brand-fhb","8":"pa_brand-type-workwear","9":"pa_filter-color-grau","10":"pa_filter-color-schwarz","12":"first","13":"instock","14":"sale","15":"taxable","16":"shipping-taxable","17":"purchasable","18":"product-type-variable","19":"add-to-wishlist-before_image"},"exclude_global_add_ons":[],"addons":[],"acf":[],"_links":{"self":[{"href":"https:\/\/shop.kustom.ch\/fr\/wp-json\/wp\/v2\/product\/603971"}],"collection":[{"href":"https:\/\/shop.kustom.ch\/fr\/wp-json\/wp\/v2\/product"}],"about":[{"href":"https:\/\/shop.kustom.ch\/fr\/wp-json\/wp\/v2\/types\/product"}],"wp:featuredmedia":[{"embeddable":true,"href":"https:\/\/shop.kustom.ch\/fr\/wp-json\/wp\/v2\/media\/672351"}],"wp:attachment":[{"href":"https:\/\/shop.kustom.ch\/fr\/wp-json\/wp\/v2\/media?parent=603971"}],"wp:term":[{"taxonomy":"product_brand","embeddable":true,"href":"https:\/\/shop.kustom.ch\/fr\/wp-json\/wp\/v2\/product_brand?post=603971"},{"taxonomy":"product_cat","embeddable":true,"href":"https:\/\/shop.kustom.ch\/fr\/wp-json\/wp\/v2\/product_cat?post=603971"},{"taxonomy":"product_tag","embeddable":true,"href":"https:\/\/shop.kustom.ch\/fr\/wp-json\/wp\/v2\/product_tag?post=603971"}],"curies":[{"name":"wp","href":"https:\/\/api.w.org\/{rel}","templated":true}]}}