{"id":603960,"date":"2025-03-05T04:07:38","date_gmt":"2025-03-05T03:07:38","guid":{"rendered":"https:\/\/shop.kustom.ch\/?post_type=product&#038;p=603960"},"modified":"2026-04-01T07:39:48","modified_gmt":"2026-04-01T06:39:48","slug":"fhb-original-jo-zunft-shorts-kurz-rips-moleskin","status":"publish","type":"product","link":"https:\/\/shop.kustom.ch\/fr\/produit\/fhb-original-jo-zunft-shorts-kurz-rips-moleskin\/","title":{"rendered":"JO Short de m\u00e9tier court Rips-Moleskin"},"content":{"rendered":"<p>Ajustement :<br \/>\nLa ceinture du pantalon est plus large que celle d'un pantalon normal, ce qui permet au pantalon de rester bien en place et de rester \u00e0 sa place, m\u00eame en mouvement.<br \/>\nLes rabats avec crochets et \u0153illets derri\u00e8re les fermetures \u00e0 glissi\u00e8re assurent une tenue stable et emp\u00eachent tout glissement lors des mouvements.<br \/>\nLongueur d'entrejambe :<br \/>\nJo a un entrejambe court de 17 cm en taille 50.<br \/>\nSacs :<br \/>\nPoche pour m\u00e8tre pliant et stylo de chaque c\u00f4t\u00e9 du pantalon.<br \/>\nAinsi, le m\u00e8tre pliant et le stylo sont toujours \u00e0 port\u00e9e de main, de la main droite ou de la main gauche.<br \/>\nLes poches fixes sont fabriqu\u00e9es dans un tissu de doublure r\u00e9sistant (300 g\/m\u00b2).<br \/>\n1 poche arri\u00e8re avec bouton. Les passants de ceinture ont la distance appropri\u00e9e pour les sacoches \u00e0 holster FHB Max et Moritz.<br \/>\nFermetures \u00e0 glissi\u00e8re :<br \/>\nLes fermetures \u00e0 glissi\u00e8re dor\u00e9es et extra-larges de YKK avec des embouts massifs sont particuli\u00e8rement robustes et durables.<br \/>\ntraitement :<br \/>\nDes coutures fessi\u00e8res robustes \u00e0 double piq\u00fbre renforcent le pantalon pour une dur\u00e9e de vie extra longue.<br \/>\nDes coins cousus 2 fois en similicuir prot\u00e8gent les coins du sac de l'arrachement, m\u00eame en cas de forte charge.<br \/>\nTon logo :<br \/>\nBonnes possibilit\u00e9s de finition pour que ton logo soit parfaitement plac\u00e9... Mati\u00e8re : 100% coton<\/p>","protected":false},"excerpt":{"rendered":"<p>Passform: Die Zunftshorts ist bequem geschnitten und sitzt locker und angenehm.Der Hosenbund ist breiter als bei normalen Hosen, was daf\u00fcr sorgt, dass die Hose gut sitzt und auch in der Bewegung da bleibt, wo sie hingeh\u00f6rt. Zudem ist der Bund formstabil und sitzt immer so wie am ersten Tag.Die Klappen mit Haken und \u00d6sen hinter [&hellip;]<\/p>\n","protected":false},"featured_media":672141,"template":"","meta":[],"product_brand":[],"product_cat":[4185],"product_tag":[],"class_list":{"0":"post-603960","1":"product","2":"type-product","3":"status-publish","4":"has-post-thumbnail","6":"product_cat-hosen","7":"pa_brand-fhb","8":"pa_brand-type-workwear","9":"pa_filter-color-schwarz","11":"first","12":"instock","13":"sale","14":"taxable","15":"shipping-taxable","16":"purchasable","17":"product-type-variable","18":"add-to-wishlist-before_image"},"exclude_global_add_ons":[],"addons":[],"acf":[],"_links":{"self":[{"href":"https:\/\/shop.kustom.ch\/fr\/wp-json\/wp\/v2\/product\/603960"}],"collection":[{"href":"https:\/\/shop.kustom.ch\/fr\/wp-json\/wp\/v2\/product"}],"about":[{"href":"https:\/\/shop.kustom.ch\/fr\/wp-json\/wp\/v2\/types\/product"}],"wp:featuredmedia":[{"embeddable":true,"href":"https:\/\/shop.kustom.ch\/fr\/wp-json\/wp\/v2\/media\/672141"}],"wp:attachment":[{"href":"https:\/\/shop.kustom.ch\/fr\/wp-json\/wp\/v2\/media?parent=603960"}],"wp:term":[{"taxonomy":"product_brand","embeddable":true,"href":"https:\/\/shop.kustom.ch\/fr\/wp-json\/wp\/v2\/product_brand?post=603960"},{"taxonomy":"product_cat","embeddable":true,"href":"https:\/\/shop.kustom.ch\/fr\/wp-json\/wp\/v2\/product_cat?post=603960"},{"taxonomy":"product_tag","embeddable":true,"href":"https:\/\/shop.kustom.ch\/fr\/wp-json\/wp\/v2\/product_tag?post=603960"}],"curies":[{"name":"wp","href":"https:\/\/api.w.org\/{rel}","templated":true}]}}