{"id":603892,"date":"2025-03-05T04:06:52","date_gmt":"2025-03-05T03:06:52","guid":{"rendered":"https:\/\/shop.kustom.ch\/?post_type=product&#038;p=603892"},"modified":"2026-04-01T07:28:21","modified_gmt":"2026-04-01T06:28:21","slug":"fhb-original-bob-zunfthose-rips-moleskin","status":"publish","type":"product","link":"https:\/\/shop.kustom.ch\/fr\/produit\/fhb-original-bob-zunfthose-rips-moleskin\/","title":{"rendered":"Pantalon de travail BOB Rips-Moleskin"},"content":{"rendered":"<p>Ajustement :<br \/>\nLe pantalon de corporation a une coupe confortable et est agr\u00e9ablement ample. Le pantalon de corporation est un peu plus large au niveau des cuisses, afin qu'il ne te g\u00eane pas dans tes mouvements, m\u00eame avec un m\u00e8tre pliant dans la poche lat\u00e9rale. La ceinture du pantalon est plus large que celle d'un pantalon normal, ce qui permet au pantalon de rester bien en place et de rester \u00e0 sa place, m\u00eame en mouvement.<br \/>\nLes rabats avec crochets et \u0153illets derri\u00e8re les fermetures \u00e0 glissi\u00e8re assurent une tenue stable et emp\u00eachent tout glissement lors des mouvements.<br \/>\nTour de pied :<br \/>\n48 cm<br \/>\nSacs :<br \/>\n1 poche m\u00e8tre \u00e0 droite.poches volumineuses \u00e0 large ouverture.les sacs \u00e0 poches fixes sont fabriqu\u00e9s en tissu de doublure r\u00e9sistant (300 g\/m\u00b2).<br \/>\n1 poche arri\u00e8re avec bouton. Les passants de ceinture ont la distance appropri\u00e9e pour les sacoches \u00e0 holster FHB Max et Moritz.<br \/>\nFermetures \u00e0 glissi\u00e8re :<br \/>\nLes fermetures \u00e0 glissi\u00e8re dor\u00e9es et extra-larges de YKK avec des embouts massifs sont particuli\u00e8rement robustes et durables.<br \/>\ntraitement :<br \/>\nDes coutures fessi\u00e8res robustes \u00e0 double piq\u00fbre renforcent le pantalon pour une dur\u00e9e de vie extra longue.<br \/>\nDes coins cousus 2 fois en similicuir prot\u00e8gent les coins du sac de l'arrachement, m\u00eame en cas de forte charge.<br \/>\nTon logo :<br \/>\nBonnes possibilit\u00e9s de finition pour que ton logo soit parfaitement plac\u00e9... Mati\u00e8re : 100% coton<\/p>","protected":false},"excerpt":{"rendered":"<p>Passform: Die Zunfthose ist bequem geschnitten und sitzt angenehm locker.An den Oberschenkeln ist die Zunfthose etwas weiter geschnitten, damit sie dich auch mit Zollstock in der seitlichen Tasche nicht in der Bewegung einschr\u00e4nkt.Der Hosenbund ist breiter als bei normalen Hosen, was daf\u00fcr sorgt, dass die Hose gut sitzt und auch in der Bewegung da bleibt, [&hellip;]<\/p>\n","protected":false},"featured_media":671918,"template":"","meta":[],"product_brand":[],"product_cat":[4185],"product_tag":[],"class_list":{"0":"post-603892","1":"product","2":"type-product","3":"status-publish","4":"has-post-thumbnail","6":"product_cat-hosen","7":"pa_brand-fhb","8":"pa_brand-type-workwear","9":"pa_filter-color-grau","10":"pa_filter-color-schwarz","12":"first","13":"instock","14":"sale","15":"taxable","16":"shipping-taxable","17":"purchasable","18":"product-type-variable","19":"add-to-wishlist-before_image"},"exclude_global_add_ons":[],"addons":[],"acf":[],"_links":{"self":[{"href":"https:\/\/shop.kustom.ch\/fr\/wp-json\/wp\/v2\/product\/603892"}],"collection":[{"href":"https:\/\/shop.kustom.ch\/fr\/wp-json\/wp\/v2\/product"}],"about":[{"href":"https:\/\/shop.kustom.ch\/fr\/wp-json\/wp\/v2\/types\/product"}],"wp:featuredmedia":[{"embeddable":true,"href":"https:\/\/shop.kustom.ch\/fr\/wp-json\/wp\/v2\/media\/671918"}],"wp:attachment":[{"href":"https:\/\/shop.kustom.ch\/fr\/wp-json\/wp\/v2\/media?parent=603892"}],"wp:term":[{"taxonomy":"product_brand","embeddable":true,"href":"https:\/\/shop.kustom.ch\/fr\/wp-json\/wp\/v2\/product_brand?post=603892"},{"taxonomy":"product_cat","embeddable":true,"href":"https:\/\/shop.kustom.ch\/fr\/wp-json\/wp\/v2\/product_cat?post=603892"},{"taxonomy":"product_tag","embeddable":true,"href":"https:\/\/shop.kustom.ch\/fr\/wp-json\/wp\/v2\/product_tag?post=603892"}],"curies":[{"name":"wp","href":"https:\/\/api.w.org\/{rel}","templated":true}]}}