{"id":603842,"date":"2025-03-05T04:05:30","date_gmt":"2025-03-05T03:05:30","guid":{"rendered":"https:\/\/shop.kustom.ch\/?post_type=product&#038;p=603842"},"modified":"2026-03-30T12:46:37","modified_gmt":"2026-03-30T11:46:37","slug":"sweatshirt-accelerate-2","status":"publish","type":"product","link":"https:\/\/shop.kustom.ch\/fr\/produit\/sweatshirt-accelerate-2\/","title":{"rendered":"Sweat-shirt ACCELERATE"},"content":{"rendered":"<p>Performance premium. Forme adapt\u00e9e aux femmes. Qualit\u00e9 robuste. Int\u00e9rieur bross\u00e9. Bords c\u00f4tes au cou et aux poignets. Bandeau sur la nuque. Impression sur diff\u00e9rentes parties du produit.<\/p>\n<p>OEKO-TEX\u00ae STANDARD 100 ; ProWash\u00ae - EN ISO 15797<br \/>\n60% Coton\/40% Polyester<br \/>\nIsoli marchandise au m\u00e8tre. Peut r\u00e9tr\u00e9cir au maximum 5%.<br \/>\n310 g\/m<br \/>\nLavage couleur, max. 60\u00b0 C ; Pas de blanchiment ; Supporte le s\u00e8che-linge - temp\u00e9rature de d\u00e9part max. 80\u00b0 C ; Repassage \u00e0 temp\u00e9rature moyenne, max. 150\u00b0 C ; Supporte le nettoyage normal<\/p>\n<p><a href=\"https:\/\/mascotsitecore-1ccb8.kxcdn.com\/pdf\/18394-962-01091-de.pdf\" target=\"_blank\" rel=\"noopener\"><u>Ouvrir la fiche produit<\/u><\/a><\/p>","protected":false},"excerpt":{"rendered":"<ul>\n<li>Sp\u00e9cialement con\u00e7u pour les femmes, avec une coupe cintr\u00e9e.<\/li>\n<li>Chaud et doux \u00e0 porter gr\u00e2ce \u00e0 l'int\u00e9rieur bross\u00e9.<\/li>\n<li>Les coutures au niveau du cou sont cach\u00e9es par un mat\u00e9riau doux et rembourr\u00e9, de sorte qu'elles ne g\u00eanent pas.<\/li>\n<li>Bords c\u00f4tes au cou et aux manches.<\/li>\n<li>Le produit est adapt\u00e9 au lavage industriel.<\/li>\n<\/ul>","protected":false},"featured_media":603877,"template":"","meta":[],"product_brand":[],"product_cat":[4191],"product_tag":[],"class_list":{"0":"post-603842","1":"product","2":"type-product","3":"status-publish","4":"has-post-thumbnail","6":"product_cat-longsleeves-sweatshirts","7":"pa_brand-mascot","8":"pa_brand-type-workwear","9":"pa_filter-color-blau","10":"pa_filter-color-grau","11":"pa_filter-color-gruen","12":"pa_filter-color-rot","13":"pa_filter-color-schwarz","15":"first","16":"instock","17":"sale","18":"taxable","19":"shipping-taxable","20":"purchasable","21":"product-type-variable","22":"add-to-wishlist-before_image"},"exclude_global_add_ons":[],"addons":[],"acf":[],"_links":{"self":[{"href":"https:\/\/shop.kustom.ch\/fr\/wp-json\/wp\/v2\/product\/603842"}],"collection":[{"href":"https:\/\/shop.kustom.ch\/fr\/wp-json\/wp\/v2\/product"}],"about":[{"href":"https:\/\/shop.kustom.ch\/fr\/wp-json\/wp\/v2\/types\/product"}],"wp:featuredmedia":[{"embeddable":true,"href":"https:\/\/shop.kustom.ch\/fr\/wp-json\/wp\/v2\/media\/603877"}],"wp:attachment":[{"href":"https:\/\/shop.kustom.ch\/fr\/wp-json\/wp\/v2\/media?parent=603842"}],"wp:term":[{"taxonomy":"product_brand","embeddable":true,"href":"https:\/\/shop.kustom.ch\/fr\/wp-json\/wp\/v2\/product_brand?post=603842"},{"taxonomy":"product_cat","embeddable":true,"href":"https:\/\/shop.kustom.ch\/fr\/wp-json\/wp\/v2\/product_cat?post=603842"},{"taxonomy":"product_tag","embeddable":true,"href":"https:\/\/shop.kustom.ch\/fr\/wp-json\/wp\/v2\/product_tag?post=603842"}],"curies":[{"name":"wp","href":"https:\/\/api.w.org\/{rel}","templated":true}]}}