{"id":603788,"date":"2025-03-05T04:03:06","date_gmt":"2025-03-05T03:03:06","guid":{"rendered":"https:\/\/shop.kustom.ch\/?post_type=product&#038;p=603788"},"modified":"2025-05-09T10:30:44","modified_gmt":"2025-05-09T09:30:44","slug":"ppe-bag","status":"publish","type":"product","link":"https:\/\/shop.kustom.ch\/fr\/produit\/ppe-bag\/","title":{"rendered":"sac PPE"},"content":{"rendered":"<p>Il dispose d'un compartiment zipp\u00e9 SBS avec une poche en mesh et une poign\u00e9e \u00e9l\u00e9gante. Le haut, le bas et les c\u00f4t\u00e9s sont recouverts de PU pour une plus grande durabilit\u00e9. Dimensions et volume 25x15x9cm - 3L<\/p>\n<p>TISSU : gris<\/p>","protected":false},"excerpt":{"rendered":"<p>It features a SBS zipped compartment with a mesh pocket and a stylish handle. The top, bottom and sides are PU-coated for extra durability. Dimensions and volume 25x15x9cm &#8211; 3L STOFF: grau<\/p>","protected":false},"featured_media":0,"template":"","meta":[],"product_brand":[],"product_cat":[9643,4209],"product_tag":[],"class_list":{"0":"post-603788","1":"product","2":"type-product","3":"status-publish","5":"product_cat-equipment","6":"product_cat-zubehoer","7":"pa_brand-blaklaeder","8":"pa_brand-type-workwear","9":"pa_filter-color-grau","11":"first","12":"instock","13":"sale","14":"taxable","15":"shipping-taxable","16":"purchasable","17":"product-type-variable","18":"add-to-wishlist-before_image"},"exclude_global_add_ons":[],"addons":[],"acf":[],"_links":{"self":[{"href":"https:\/\/shop.kustom.ch\/fr\/wp-json\/wp\/v2\/product\/603788"}],"collection":[{"href":"https:\/\/shop.kustom.ch\/fr\/wp-json\/wp\/v2\/product"}],"about":[{"href":"https:\/\/shop.kustom.ch\/fr\/wp-json\/wp\/v2\/types\/product"}],"wp:attachment":[{"href":"https:\/\/shop.kustom.ch\/fr\/wp-json\/wp\/v2\/media?parent=603788"}],"wp:term":[{"taxonomy":"product_brand","embeddable":true,"href":"https:\/\/shop.kustom.ch\/fr\/wp-json\/wp\/v2\/product_brand?post=603788"},{"taxonomy":"product_cat","embeddable":true,"href":"https:\/\/shop.kustom.ch\/fr\/wp-json\/wp\/v2\/product_cat?post=603788"},{"taxonomy":"product_tag","embeddable":true,"href":"https:\/\/shop.kustom.ch\/fr\/wp-json\/wp\/v2\/product_tag?post=603788"}],"curies":[{"name":"wp","href":"https:\/\/api.w.org\/{rel}","templated":true}]}}