{"id":603775,"date":"2025-03-05T04:03:04","date_gmt":"2025-03-05T03:03:04","guid":{"rendered":"https:\/\/shop.kustom.ch\/?post_type=product&#038;p=603775"},"modified":"2025-05-09T10:30:38","modified_gmt":"2025-05-09T09:30:38","slug":"tool-belt-snikki-9336-lthr","status":"publish","type":"product","link":"https:\/\/shop.kustom.ch\/fr\/produit\/tool-belt-snikki-9336-lthr\/","title":{"rendered":"Ceinture d'outil Snikki 9336 LTHR"},"content":{"rendered":"<p>Ceinture d'outil en cuir robuste pour les carpistes professionnels, les assembleurs, les \u00e9lectriciens, etc. Excellente qualit\u00e9 de cuir hydrofuge qui reste doux m\u00eame dans des conditions froides, avec une doublure douce sp\u00e9cialement trait\u00e9e.<\/p>\n<p>TISSU : noir<\/p>","protected":false},"excerpt":{"rendered":"<p>Robust leather tool belt for professional carpenters, assemblers, electricians, etc. Padded belt with metal buckle.Excellent quality water repellent leather that stays soft even in cold conditions, with soft specially treated lining. STOFF: schwarz<\/p>","protected":false},"featured_media":0,"template":"","meta":[],"product_brand":[],"product_cat":[9643,4209],"product_tag":[],"class_list":{"0":"post-603775","1":"product","2":"type-product","3":"status-publish","5":"product_cat-equipment","6":"product_cat-zubehoer","7":"pa_brand-blaklaeder","8":"pa_brand-type-workwear","9":"pa_filter-color-schwarz","11":"first","12":"instock","13":"sale","14":"taxable","15":"shipping-taxable","16":"purchasable","17":"product-type-variable","18":"add-to-wishlist-before_image"},"exclude_global_add_ons":[],"addons":[],"acf":[],"_links":{"self":[{"href":"https:\/\/shop.kustom.ch\/fr\/wp-json\/wp\/v2\/product\/603775"}],"collection":[{"href":"https:\/\/shop.kustom.ch\/fr\/wp-json\/wp\/v2\/product"}],"about":[{"href":"https:\/\/shop.kustom.ch\/fr\/wp-json\/wp\/v2\/types\/product"}],"wp:attachment":[{"href":"https:\/\/shop.kustom.ch\/fr\/wp-json\/wp\/v2\/media?parent=603775"}],"wp:term":[{"taxonomy":"product_brand","embeddable":true,"href":"https:\/\/shop.kustom.ch\/fr\/wp-json\/wp\/v2\/product_brand?post=603775"},{"taxonomy":"product_cat","embeddable":true,"href":"https:\/\/shop.kustom.ch\/fr\/wp-json\/wp\/v2\/product_cat?post=603775"},{"taxonomy":"product_tag","embeddable":true,"href":"https:\/\/shop.kustom.ch\/fr\/wp-json\/wp\/v2\/product_tag?post=603775"}],"curies":[{"name":"wp","href":"https:\/\/api.w.org\/{rel}","templated":true}]}}