{"id":603487,"date":"2025-03-05T03:56:41","date_gmt":"2025-03-05T02:56:41","guid":{"rendered":"https:\/\/shop.kustom.ch\/?post_type=product&#038;p=603487"},"modified":"2026-03-31T08:44:34","modified_gmt":"2026-03-31T07:44:34","slug":"latzhose-4-wege-stretch","status":"publish","type":"product","link":"https:\/\/shop.kustom.ch\/fr\/produit\/latzhose-4-wege-stretch\/","title":{"rendered":"Salopette 4-way stretch"},"content":{"rendered":"<p>Salopette fabriqu\u00e9e dans un mat\u00e9riau stretch quadri-directionnel plus l\u00e9ger, qui offre un confort ultime. \u00c9quip\u00e9e d'une grande poche poitrine, de poches holster amovibles, de poches arri\u00e8re \u00e0 soufflet et d'une poche m\u00e8tre. Les poches genouill\u00e8res en CORDURA\u00ae stretch offrent protection et confort aux genoux. En outre, les extr\u00e9mit\u00e9s des jambes peuvent \u00eatre rallong\u00e9es selon les besoins.<\/p>\n<p>FINITION : Possibilit\u00e9 de rallonger l'ourlet de la jambe. Bas de jambe avec renforts CORDURA\u00ae. D\u00c9TAILS : Poche pour carte d'identit\u00e9 amovible. Bretelles r\u00e9glables avec \u00e9lastique. Boutons en m\u00e9tal. Porte-couteau avec bouton. Couture \u00e0 l'entrejambe en tant que double couture. Fermeture \u00e0 glissi\u00e8re en plastique \u00e0 l'entrejambe. Boucle sans m\u00e9tal. FONCTIONNALIT\u00c9 : stretch 4 directions. CARACT\u00c9RISTIQUES PRINCIPALES : Ferblantiers. Messieurs. EN 14004. REFLEX : D\u00e9tails r\u00e9fl\u00e9chissants sur la jambe. TISSU : Hommes. Gris. Stretch. Artisanat. POCHES : Poche poitrine avec rabat et poche stylo. Poches arri\u00e8re renforc\u00e9es par un soufflet. Poche int\u00e9rieure en mesh. Poches ext\u00e9rieures pour genouill\u00e8res. Poches \u00e0 clous - amovibles avec porte-outils et une poche suppl\u00e9mentaire avec fermeture \u00e9clair. Poches avec soufflet, poche pour stylo et couteau. Rabat avec bouton magn\u00e9tique cach\u00e9. Poches lat\u00e9rales. Poche m\u00e8tre renforc\u00e9e avec porte couteau et poche stylo. INSTRUCTIONS DE LAVAGE : Ne pas repasser. RENFORCEMENT : Poches genouill\u00e8res renforc\u00e9es en Cordura\u00ae Stretch. CERTIFICATION : EN 14404:2004+A1:2010 avec genouill\u00e8res 4027, 4057, 4058 et 4032.<\/p>\n<p>92% polyamide, 8% \u00e9lasthanne, double tissage, stretch quadri-directionnel, 230 g\/m<\/p>","protected":false},"excerpt":{"rendered":"<p>Latzhose aus einem leichteren 4-Wege-Stretch-Material, das ultimativen Komfort bietet. Ausgestattet mit einer grossen Brusttasche, abnehmbaren Holstertaschen, Ges\u00e4sstaschen mit Balg und Zollstocktasche. Knietaschen aus CORDURA\u00ae-Stretch bieten Schutz und Komfort beim Knien. Ausserdem k\u00f6nnen die Beinenden nach Bedarf verl\u00e4ngert werden. ABSCHLUSS: Verl\u00e4ngerungsm\u00f6glichkeit am Beinsaum. Beinabschluss mit CORDURA\u00ae-Verst\u00e4rkung. DETAILS: Abnehmbare Ausweistasche. Verstellbare Hosentr\u00e4ger mit Gummizug. Metallkn\u00f6pfe. Messerhalter mit [&hellip;]<\/p>\n","protected":false},"featured_media":0,"template":"","meta":[],"product_brand":[],"product_cat":[10448],"product_tag":[],"class_list":{"0":"post-603487","1":"product","2":"type-product","3":"status-publish","5":"product_cat-latzhose","6":"pa_brand-blaklaeder","7":"pa_brand-type-workwear","8":"pa_filter-color-schwarz","10":"first","11":"instock","12":"sale","13":"taxable","14":"shipping-taxable","15":"purchasable","16":"product-type-variable","17":"add-to-wishlist-before_image"},"exclude_global_add_ons":[],"addons":[],"acf":[],"_links":{"self":[{"href":"https:\/\/shop.kustom.ch\/fr\/wp-json\/wp\/v2\/product\/603487"}],"collection":[{"href":"https:\/\/shop.kustom.ch\/fr\/wp-json\/wp\/v2\/product"}],"about":[{"href":"https:\/\/shop.kustom.ch\/fr\/wp-json\/wp\/v2\/types\/product"}],"wp:attachment":[{"href":"https:\/\/shop.kustom.ch\/fr\/wp-json\/wp\/v2\/media?parent=603487"}],"wp:term":[{"taxonomy":"product_brand","embeddable":true,"href":"https:\/\/shop.kustom.ch\/fr\/wp-json\/wp\/v2\/product_brand?post=603487"},{"taxonomy":"product_cat","embeddable":true,"href":"https:\/\/shop.kustom.ch\/fr\/wp-json\/wp\/v2\/product_cat?post=603487"},{"taxonomy":"product_tag","embeddable":true,"href":"https:\/\/shop.kustom.ch\/fr\/wp-json\/wp\/v2\/product_tag?post=603487"}],"curies":[{"name":"wp","href":"https:\/\/api.w.org\/{rel}","templated":true}]}}