{"id":603460,"date":"2025-03-05T03:56:02","date_gmt":"2025-03-05T02:56:02","guid":{"rendered":"https:\/\/shop.kustom.ch\/?post_type=product&#038;p=603460"},"modified":"2026-03-31T08:43:28","modified_gmt":"2026-03-31T07:43:28","slug":"wollsocken-2","status":"publish","type":"product","link":"https:\/\/shop.kustom.ch\/fr\/produit\/wollsocken-2\/","title":{"rendered":"Chaussettes en laine"},"content":{"rendered":"<p>Chaussette en laine avec une coupe fantastique. Renfort et tissu \u00e9ponge isolant au niveau du talon, de la semelle et des orteils pour plus de durabilit\u00e9 et de confort. Gr\u00e2ce \u00e0 ses propri\u00e9t\u00e9s de r\u00e9gulation de la temp\u00e9rature et de maintien de la chaleur en cas d'humidit\u00e9 et de s\u00e9cheresse, la laine est le meilleur mat\u00e9riau pour les travaux de longue dur\u00e9e en plein air par basses temp\u00e9ratures. De plus, la laine a une fonction naturelle de pr\u00e9vention des odeurs.<\/p>\n<p>FONCTIONNALIT\u00c9 : Fonction anti-odeur naturelle. CARACT\u00c9RISTIQUES PRINCIPALES : Unisexe. TISSU : noir. Vent \/ humidit\u00e9 \/ froid. INSTRUCTIONS DE LAVAGE : Ne pas nettoyer \u00e0 sec. CONDITIONNEMENT : Livr\u00e9 par paire<\/p>\n<p>47% laine, 43% polyamide, 10% \u00e9lasthanne<\/p>","protected":false},"excerpt":{"rendered":"<p>Wollsocke mit fantastischer Passform. Verst\u00e4rkung und isolierendes Frottee im Fersen-, Sohlen- und Zehenbereich f\u00fcr mehr Haltbarkeit und Komfort. Dank der Eigenschaften der Wolle, die Temperatur zu regulieren und bei N\u00e4sse und Trockenheit warm zu halten, ist sie das beste Material f\u00fcr langfristige Arbeiten im Freien bei niedrigen Temperaturen. Ausserdem hat Wolle eine nat\u00fcrliche geruchshemmende Funktion. [&hellip;]<\/p>\n","protected":false},"featured_media":0,"template":"","meta":[],"product_brand":[],"product_cat":[4199],"product_tag":[],"class_list":{"0":"post-603460","1":"product","2":"type-product","3":"status-publish","5":"product_cat-socken","6":"pa_brand-blaklaeder","7":"pa_brand-type-workwear","8":"pa_filter-color-schwarz","10":"first","11":"instock","12":"sale","13":"taxable","14":"shipping-taxable","15":"purchasable","16":"product-type-variable","17":"add-to-wishlist-before_image"},"exclude_global_add_ons":[],"addons":[],"acf":[],"_links":{"self":[{"href":"https:\/\/shop.kustom.ch\/fr\/wp-json\/wp\/v2\/product\/603460"}],"collection":[{"href":"https:\/\/shop.kustom.ch\/fr\/wp-json\/wp\/v2\/product"}],"about":[{"href":"https:\/\/shop.kustom.ch\/fr\/wp-json\/wp\/v2\/types\/product"}],"wp:attachment":[{"href":"https:\/\/shop.kustom.ch\/fr\/wp-json\/wp\/v2\/media?parent=603460"}],"wp:term":[{"taxonomy":"product_brand","embeddable":true,"href":"https:\/\/shop.kustom.ch\/fr\/wp-json\/wp\/v2\/product_brand?post=603460"},{"taxonomy":"product_cat","embeddable":true,"href":"https:\/\/shop.kustom.ch\/fr\/wp-json\/wp\/v2\/product_cat?post=603460"},{"taxonomy":"product_tag","embeddable":true,"href":"https:\/\/shop.kustom.ch\/fr\/wp-json\/wp\/v2\/product_tag?post=603460"}],"curies":[{"name":"wp","href":"https:\/\/api.w.org\/{rel}","templated":true}]}}